{"id":3,"date":"2021-01-16T05:03:32","date_gmt":"2021-01-16T05:03:32","guid":{"rendered":"https:\/\/anvilaw.com\/?page_id=3"},"modified":"2026-02-12T16:39:25","modified_gmt":"2026-02-12T09:39:25","slug":"chinh-sach-bao-mat","status":"publish","type":"page","link":"https:\/\/anvilaw.com\/en\/privacy-policy\/","title":{"rendered":"Privacy Policy"},"content":{"rendered":"<h2><span style=\"color: #713817;\">SAFETY AND SECURITY<\/span><\/h2>\n<p><strong><span style=\"color: #713817;\">ANVI<\/span><\/strong> understands that when accessing and using the <strong><span style=\"color: #713817;\">ANVI<\/span><\/strong> website, you are always concerned for and consider the issue of security for your personal information. With its best diligence, <strong><span style=\"color: #713817;\">ANVI<\/span><\/strong> will protect your personal information in compliance with the provisions of the Vietnamese law.<\/p>\n<h3><span style=\"color: #f39f31;\">Security policies<\/span><\/h3>\n<p>The information that <strong><span style=\"color: #713817;\">ANVI<\/span><\/strong> requests you to provide is to help <strong><span style=\"color: #713817;\">ANVI<\/span><\/strong> better understand your needs so as to provide you appropriate products and services; <strong><span style=\"color: #713817;\">ANVI<\/span><\/strong> has the right of legal use of your provided information via this Website to conduct other activities of <strong><span style=\"color: #713817;\">ANVI<\/span><\/strong>.<\/p>\n<p><strong><span style=\"color: #713817;\">ANVI<\/span><\/strong> will not disclose your information to any individual or organization unless obtaining your consent or as prescribed by law.<\/p>\n<p>In specific cases, <strong><span style=\"color: #713817;\">ANVI<\/span><\/strong> may have to provide your information to the state competent authority under the regulations of the Law, however, <strong><span style=\"color: #713817;\">ANVI<\/span><\/strong> ensure that such provision is made in accordance with the law.<\/p>\n<p>The access to your information by <strong><span style=\"color: #713817;\">ANVI<\/span><\/strong>, its employees and \/ or other authorized individuals has to comply with security regulations of <strong><span style=\"color: #713817;\">ANVI<\/span><\/strong>.<\/p>\n<h3><span style=\"color: #713817;\">Security protection methods<\/span><\/h3>\n<p>ANVI will exercise all methods of most appropriate protection and safety to protect your personal information and always abide by the law of Vietnam relating to the storage and use of information.<\/p>\n<h3><span style=\"color: #f39f31;\">Collection of personal information<\/span><\/h3>\n<p>Your visit to this Website may be recorded for the purpose of data analysis of site\u2019s visitors and general usage patterns. Through this collection, we\u2019re aiming to provide you with an improved, more personalized service and a more effective website.<\/p>\n<p>Some of the information of site\u2019s visitors will be gathered through the use of &#8220;cookies&#8221;. (Cookies are small bits of information that are automatically stored on a person&#8217;s web browser in their computer that can be retrieved by this site.) If you want to disable these cookies, you may do so by changing the setting on your browser. However, you will be unable to enter certain part(s) of <strong><span style=\"color: #713817;\">ANVI<\/span><\/strong>\u00a0Web.<\/p>\n<p><strong><span style=\"color: #713817;\">ANVI<\/span><\/strong> may collect information from your visits to this site to advise you on products, services and other marketing materials, which we think, may be of interest and demand to you. We may also invite visitors to this site to participate in market research and surveys and other similar activities.<\/p>\n<h3><span style=\"color: #713817;\">Guidance of privacy<\/span><\/h3>\n<p>To ensure safety of transactions, free of fraud, you yourself and <strong><span style=\"color: #713817;\">ANVI<\/span><\/strong> plays an important role in protecting your personal information. Please take appropriate precaution in the use and protection of account information by not sharing, providing or facilitating others to access, to use your User name and \/ or Password, etc.\/.<\/p>\n<p style=\"text-align: right;\"><strong>Lawyer Truong Thanh Duc<\/strong><br \/>\nDirector of <span style=\"color: #713817;\"><strong>ANVI<\/strong> <\/span> Law Firm<\/p>\n<p style=\"text-align: right;\"><span style=\"color: #800000;\">____________________________<\/span><\/p>\n<p style=\"text-align: right;\"><span style=\"color: #808080;\">Tel: 098 304 0506<\/span><br \/>\n<span style=\"color: #808080;\">Email: anvi@anvilaw.com<br \/>\nFanpage: <a href=\"http:\/\/https\/\/www.facebook.com\/anvilawfirm\/\"><span style=\"color: #713817;\"><strong>ANVI<\/strong><\/span> Law Firm<\/a><br \/>\nWebsite: https:\/\/anvilaw.com<\/span><br \/>\n<span style=\"color: #808080;\">Address: 2nd Floor, Savina Building<em>,<\/em> No. 44 Trang Tien Street, Hoan Kiem Ward, Hanoi City, Vietnam<\/span><\/p>","protected":false},"excerpt":{"rendered":"<p>SAFETY AND SECURITY ANVI understands that when accessing and using the ANVI website, you are always concerned for and consider the issue of security for your personal information. With its best diligence, ANVI will protect your personal information in compliance with the provisions of the Vietnamese law. Security policies The information that ANVI requests you [&hellip;]<\/p>\n","protected":false},"author":1,"featured_media":0,"parent":0,"menu_order":0,"comment_status":"closed","ping_status":"open","template":"","meta":{"_acf_changed":false,"footnotes":""},"class_list":["post-3","page","type-page","status-publish","hentry"],"acf":[],"yoast_head":"<!-- This site is optimized with the Yoast SEO plugin v27.3 - https:\/\/yoast.com\/product\/yoast-seo-wordpress\/ -->\n<title>Privacy Policy - ANVI Law Firm<\/title>\n<meta name=\"description\" content=\"Ch\u00ednh s\u00e1ch b\u1ea3o m\u1eadt c\u1ee7a C\u00f4ng ty Lu\u1eadt ANVI. Ch\u00fang t\u00f4i cam k\u1ebft b\u1ea3o m\u1eadt th\u00f4ng tin kh\u00e1ch h\u00e0ng l\u00e0 tr\u00e1ch nhi\u1ec7m v\u00e0 \u0111\u1ea1o \u0111\u1ee9c ngh\u1ec1 nghi\u1ec7p c\u1ee7a ANVI...\" \/>\n<meta name=\"robots\" content=\"index, follow, max-snippet:-1, max-image-preview:large, max-video-preview:-1\" \/>\n<link rel=\"canonical\" href=\"https:\/\/anvilaw.com\/vi\/chinh-sach-bao-mat\/\" \/>\n<meta property=\"og:locale\" content=\"en_US\" \/>\n<meta property=\"og:type\" content=\"article\" \/>\n<meta property=\"og:title\" content=\"[:vi]Ch\u00ednh s\u00e1ch b\u1ea3o m\u1eadt[:en]Privacy Policy[:] - ANVI Law Firm\" \/>\n<meta property=\"og:description\" content=\"Ch\u00ednh s\u00e1ch b\u1ea3o m\u1eadt c\u1ee7a C\u00f4ng ty Lu\u1eadt ANVI. Ch\u00fang t\u00f4i cam k\u1ebft b\u1ea3o m\u1eadt th\u00f4ng tin kh\u00e1ch h\u00e0ng l\u00e0 tr\u00e1ch nhi\u1ec7m v\u00e0 \u0111\u1ea1o \u0111\u1ee9c ngh\u1ec1 nghi\u1ec7p c\u1ee7a ANVI...\" \/>\n<meta property=\"og:url\" content=\"https:\/\/anvilaw.com\/vi\/chinh-sach-bao-mat\/\" \/>\n<meta property=\"og:site_name\" content=\"ANVI Law Firm\" \/>\n<meta property=\"article:publisher\" content=\"https:\/\/facebook.com\/anvilawfirm\" \/>\n<meta property=\"article:modified_time\" content=\"2026-02-12T09:39:25+00:00\" \/>\n<meta property=\"og:image\" content=\"https:\/\/anvilaw.com\/wp-content\/uploads\/2022\/01\/logo-ANVI-full-4x2cm.png\" \/>\n\t<meta property=\"og:image:width\" content=\"354\" \/>\n\t<meta property=\"og:image:height\" content=\"176\" \/>\n\t<meta property=\"og:image:type\" content=\"image\/png\" \/>\n<meta name=\"twitter:card\" content=\"summary_large_image\" \/>\n<meta name=\"twitter:site\" content=\"@anvilawfirm\" \/>\n<meta name=\"twitter:label1\" content=\"Est. reading time\" \/>\n\t<meta name=\"twitter:data1\" content=\"3 minutes\" \/>\n<script type=\"application\/ld+json\" class=\"yoast-schema-graph\">{\"@context\":\"https:\\\/\\\/schema.org\",\"@graph\":[{\"@type\":\"WebPage\",\"@id\":\"https:\\\/\\\/anvilaw.com\\\/vi\\\/chinh-sach-bao-mat\\\/\",\"url\":\"https:\\\/\\\/anvilaw.com\\\/vi\\\/chinh-sach-bao-mat\\\/\",\"name\":\"[:vi]Ch\u00ednh s\u00e1ch b\u1ea3o m\u1eadt[:en]Privacy Policy[:] - ANVI Law Firm\",\"isPartOf\":{\"@id\":\"https:\\\/\\\/anvilaw.com\\\/vi\\\/#website\"},\"datePublished\":\"2021-01-16T05:03:32+00:00\",\"dateModified\":\"2026-02-12T09:39:25+00:00\",\"description\":\"Ch\u00ednh s\u00e1ch b\u1ea3o m\u1eadt c\u1ee7a C\u00f4ng ty Lu\u1eadt ANVI. Ch\u00fang t\u00f4i cam k\u1ebft b\u1ea3o m\u1eadt th\u00f4ng tin kh\u00e1ch h\u00e0ng l\u00e0 tr\u00e1ch nhi\u1ec7m v\u00e0 \u0111\u1ea1o \u0111\u1ee9c ngh\u1ec1 nghi\u1ec7p c\u1ee7a ANVI...\",\"breadcrumb\":{\"@id\":\"https:\\\/\\\/anvilaw.com\\\/vi\\\/chinh-sach-bao-mat\\\/#breadcrumb\"},\"inLanguage\":\"en-US\",\"potentialAction\":[{\"@type\":\"ReadAction\",\"target\":[\"https:\\\/\\\/anvilaw.com\\\/vi\\\/chinh-sach-bao-mat\\\/\"]}]},{\"@type\":\"BreadcrumbList\",\"@id\":\"https:\\\/\\\/anvilaw.com\\\/vi\\\/chinh-sach-bao-mat\\\/#breadcrumb\",\"itemListElement\":[{\"@type\":\"ListItem\",\"position\":1,\"name\":\"Home\",\"item\":\"https:\\\/\\\/anvilaw.com\\\/vi\\\/\"},{\"@type\":\"ListItem\",\"position\":2,\"name\":\"Ch\u00ednh s\u00e1ch b\u1ea3o m\u1eadt\"}]},{\"@type\":\"WebSite\",\"@id\":\"https:\\\/\\\/anvilaw.com\\\/vi\\\/#website\",\"url\":\"https:\\\/\\\/anvilaw.com\\\/vi\\\/\",\"name\":\"ANVI Law Firm - C\u00f4ng ty Lu\u1eadt ANVI\",\"description\":\"C\u00f4ng ty Lu\u1eadt TNHH ANVI - ANVI Law Firm\",\"publisher\":{\"@id\":\"https:\\\/\\\/anvilaw.com\\\/vi\\\/#organization\"},\"alternateName\":\"anvilaw.com\",\"potentialAction\":[{\"@type\":\"SearchAction\",\"target\":{\"@type\":\"EntryPoint\",\"urlTemplate\":\"https:\\\/\\\/anvilaw.com\\\/vi\\\/?s={search_term_string}\"},\"query-input\":{\"@type\":\"PropertyValueSpecification\",\"valueRequired\":true,\"valueName\":\"search_term_string\"}}],\"inLanguage\":\"en-US\"},{\"@type\":\"Organization\",\"@id\":\"https:\\\/\\\/anvilaw.com\\\/vi\\\/#organization\",\"name\":\"C\u00f4ng ty Lu\u1eadt ANVI | ANVI Law Firm\",\"alternateName\":\"ANVI\",\"url\":\"https:\\\/\\\/anvilaw.com\\\/vi\\\/\",\"logo\":{\"@type\":\"ImageObject\",\"inLanguage\":\"en-US\",\"@id\":\"https:\\\/\\\/anvilaw.com\\\/vi\\\/#\\\/schema\\\/logo\\\/image\\\/\",\"url\":\"https:\\\/\\\/anvilaw.com\\\/wp-content\\\/uploads\\\/2022\\\/01\\\/ANVI-Logo-ca-hinh-va-chu-khong-co-nen-174K-1.png\",\"contentUrl\":\"https:\\\/\\\/anvilaw.com\\\/wp-content\\\/uploads\\\/2022\\\/01\\\/ANVI-Logo-ca-hinh-va-chu-khong-co-nen-174K-1.png\",\"width\":3493,\"height\":1535,\"caption\":\"C\u00f4ng ty Lu\u1eadt ANVI | ANVI Law Firm\"},\"image\":{\"@id\":\"https:\\\/\\\/anvilaw.com\\\/vi\\\/#\\\/schema\\\/logo\\\/image\\\/\"},\"sameAs\":[\"https:\\\/\\\/facebook.com\\\/anvilawfirm\",\"https:\\\/\\\/x.com\\\/anvilawfirm\",\"https:\\\/\\\/www.youtube.com\\\/@anvilawfirm\",\"https:\\\/\\\/www.youtube.com\\\/@lsduc_anvi\"]}]}<\/script>\n<!-- \/ Yoast SEO plugin. -->","yoast_head_json":{"title":"[:vi]Ch\u00ednh s\u00e1ch b\u1ea3o m\u1eadt[:en]Privacy Policy[:] - ANVI Law Firm","description":"Ch\u00ednh s\u00e1ch b\u1ea3o m\u1eadt c\u1ee7a C\u00f4ng ty Lu\u1eadt ANVI. Ch\u00fang t\u00f4i cam k\u1ebft b\u1ea3o m\u1eadt th\u00f4ng tin kh\u00e1ch h\u00e0ng l\u00e0 tr\u00e1ch nhi\u1ec7m v\u00e0 \u0111\u1ea1o \u0111\u1ee9c ngh\u1ec1 nghi\u1ec7p c\u1ee7a ANVI...","robots":{"index":"index","follow":"follow","max-snippet":"max-snippet:-1","max-image-preview":"max-image-preview:large","max-video-preview":"max-video-preview:-1"},"canonical":"https:\/\/anvilaw.com\/vi\/chinh-sach-bao-mat\/","og_locale":"en_US","og_type":"article","og_title":"[:vi]Ch\u00ednh s\u00e1ch b\u1ea3o m\u1eadt[:en]Privacy Policy[:] - ANVI Law Firm","og_description":"Ch\u00ednh s\u00e1ch b\u1ea3o m\u1eadt c\u1ee7a C\u00f4ng ty Lu\u1eadt ANVI. Ch\u00fang t\u00f4i cam k\u1ebft b\u1ea3o m\u1eadt th\u00f4ng tin kh\u00e1ch h\u00e0ng l\u00e0 tr\u00e1ch nhi\u1ec7m v\u00e0 \u0111\u1ea1o \u0111\u1ee9c ngh\u1ec1 nghi\u1ec7p c\u1ee7a ANVI...","og_url":"https:\/\/anvilaw.com\/vi\/chinh-sach-bao-mat\/","og_site_name":"ANVI Law Firm","article_publisher":"https:\/\/facebook.com\/anvilawfirm","article_modified_time":"2026-02-12T09:39:25+00:00","og_image":[{"width":354,"height":176,"url":"https:\/\/anvilaw.com\/wp-content\/uploads\/2022\/01\/logo-ANVI-full-4x2cm.png","type":"image\/png"}],"twitter_card":"summary_large_image","twitter_site":"@anvilawfirm","twitter_misc":{"Est. reading time":"3 minutes"},"schema":{"@context":"https:\/\/schema.org","@graph":[{"@type":"WebPage","@id":"https:\/\/anvilaw.com\/vi\/chinh-sach-bao-mat\/","url":"https:\/\/anvilaw.com\/vi\/chinh-sach-bao-mat\/","name":"[:vi]Ch\u00ednh s\u00e1ch b\u1ea3o m\u1eadt[:en]Privacy Policy[:] - ANVI Law Firm","isPartOf":{"@id":"https:\/\/anvilaw.com\/vi\/#website"},"datePublished":"2021-01-16T05:03:32+00:00","dateModified":"2026-02-12T09:39:25+00:00","description":"Ch\u00ednh s\u00e1ch b\u1ea3o m\u1eadt c\u1ee7a C\u00f4ng ty Lu\u1eadt ANVI. Ch\u00fang t\u00f4i cam k\u1ebft b\u1ea3o m\u1eadt th\u00f4ng tin kh\u00e1ch h\u00e0ng l\u00e0 tr\u00e1ch nhi\u1ec7m v\u00e0 \u0111\u1ea1o \u0111\u1ee9c ngh\u1ec1 nghi\u1ec7p c\u1ee7a ANVI...","breadcrumb":{"@id":"https:\/\/anvilaw.com\/vi\/chinh-sach-bao-mat\/#breadcrumb"},"inLanguage":"en-US","potentialAction":[{"@type":"ReadAction","target":["https:\/\/anvilaw.com\/vi\/chinh-sach-bao-mat\/"]}]},{"@type":"BreadcrumbList","@id":"https:\/\/anvilaw.com\/vi\/chinh-sach-bao-mat\/#breadcrumb","itemListElement":[{"@type":"ListItem","position":1,"name":"Home","item":"https:\/\/anvilaw.com\/vi\/"},{"@type":"ListItem","position":2,"name":"Ch\u00ednh s\u00e1ch b\u1ea3o m\u1eadt"}]},{"@type":"WebSite","@id":"https:\/\/anvilaw.com\/vi\/#website","url":"https:\/\/anvilaw.com\/vi\/","name":"ANVI Law Firm - C\u00f4ng ty Lu\u1eadt ANVI","description":"C\u00f4ng ty Lu\u1eadt TNHH ANVI - ANVI Law Firm","publisher":{"@id":"https:\/\/anvilaw.com\/vi\/#organization"},"alternateName":"anvilaw.com","potentialAction":[{"@type":"SearchAction","target":{"@type":"EntryPoint","urlTemplate":"https:\/\/anvilaw.com\/vi\/?s={search_term_string}"},"query-input":{"@type":"PropertyValueSpecification","valueRequired":true,"valueName":"search_term_string"}}],"inLanguage":"en-US"},{"@type":"Organization","@id":"https:\/\/anvilaw.com\/vi\/#organization","name":"C\u00f4ng ty Lu\u1eadt ANVI | ANVI Law Firm","alternateName":"ANVI","url":"https:\/\/anvilaw.com\/vi\/","logo":{"@type":"ImageObject","inLanguage":"en-US","@id":"https:\/\/anvilaw.com\/vi\/#\/schema\/logo\/image\/","url":"https:\/\/anvilaw.com\/wp-content\/uploads\/2022\/01\/ANVI-Logo-ca-hinh-va-chu-khong-co-nen-174K-1.png","contentUrl":"https:\/\/anvilaw.com\/wp-content\/uploads\/2022\/01\/ANVI-Logo-ca-hinh-va-chu-khong-co-nen-174K-1.png","width":3493,"height":1535,"caption":"C\u00f4ng ty Lu\u1eadt ANVI | ANVI Law Firm"},"image":{"@id":"https:\/\/anvilaw.com\/vi\/#\/schema\/logo\/image\/"},"sameAs":["https:\/\/facebook.com\/anvilawfirm","https:\/\/x.com\/anvilawfirm","https:\/\/www.youtube.com\/@anvilawfirm","https:\/\/www.youtube.com\/@lsduc_anvi"]}]}},"_links":{"self":[{"href":"https:\/\/anvilaw.com\/en\/wp-json\/wp\/v2\/pages\/3","targetHints":{"allow":["GET"]}}],"collection":[{"href":"https:\/\/anvilaw.com\/en\/wp-json\/wp\/v2\/pages"}],"about":[{"href":"https:\/\/anvilaw.com\/en\/wp-json\/wp\/v2\/types\/page"}],"author":[{"embeddable":true,"href":"https:\/\/anvilaw.com\/en\/wp-json\/wp\/v2\/users\/1"}],"replies":[{"embeddable":true,"href":"https:\/\/anvilaw.com\/en\/wp-json\/wp\/v2\/comments?post=3"}],"version-history":[{"count":7,"href":"https:\/\/anvilaw.com\/en\/wp-json\/wp\/v2\/pages\/3\/revisions"}],"predecessor-version":[{"id":49587,"href":"https:\/\/anvilaw.com\/en\/wp-json\/wp\/v2\/pages\/3\/revisions\/49587"}],"wp:attachment":[{"href":"https:\/\/anvilaw.com\/en\/wp-json\/wp\/v2\/media?parent=3"}],"curies":[{"name":"wp","href":"https:\/\/api.w.org\/{rel}","templated":true}]}}