{"id":434,"date":"2021-06-22T15:31:53","date_gmt":"2021-06-22T08:31:53","guid":{"rendered":"https:\/\/anvilaw.com\/vi\/?page_id=434"},"modified":"2026-02-12T16:41:36","modified_gmt":"2026-02-12T09:41:36","slug":"doanh-nghiep","status":"publish","type":"page","link":"https:\/\/anvilaw.com\/en\/financial-institution\/enterprise\/","title":{"rendered":"Legal Services for <span>Businesses and Entrepreneurs<\/span>"},"content":{"rendered":"<h1><span style=\"color: #723918;\">Legal Services for Businesses &amp; Entrepreneurs<\/span><\/h1>\n<p>In the context that the current legal system is quite complicated, contradictory, overlapping, inadequate, ambiguous and difficult to understand, it is a great wisdom for business activities of all enterprises.<\/p>\n<p>With a team of professional and experienced lawyers in the field of business and business, ANVI will effectively and pragmatically support businesses and entrepreneurs in grasping, complying as well as applying the law. in the management, operation and investment and business activities, in order to minimize legal risks for enterprises.<\/p>\n<h4><span style=\"color: #723918;\">We look forward to providing the following 7 legal services for businesses:<\/span><\/h4>\n<ol>\n<li>Consulting and providing regular information on investment, business, tax and intellectual property laws for businesses;<\/li>\n<li>Consulting on the structure of transactions; negotiating and drafting contracts, transactions and projects; borrowing capital and handling debts of enterprises;<\/li>\n<li>Consulting on building a system of internal regulations and forms of enterprises such as the Charter; Rules; agreement; regulations on finance, salary, reward, operation, etc.;<\/li>\n<li>Consulting, representing, participating in proceedings to protect the legitimate rights and interests of enterprises in cases and cases to settle investment, business, commercial, civil, labor, administrative disputes, criminal at Court, Commercial Arbitration and relevant agencies;<\/li>\n<li>Advising on administrative procedures for the establishment as well as meeting other business and investment licenses and conditions;<\/li>\n<li>Provide teaching, training, training, and legal sharing programs from basic to advanced levels for managers, employees and employees of enterprises;<\/li>\n<li>Provide independent Board member services and corporate restructuring.<\/li>\n<\/ol>\n<p style=\"text-align: right;\"><strong>Lawyer Truong Thanh Duc<\/strong><br \/>\nDirector of <a href=\"https:\/\/anvilaw.com\/\"><strong><span style=\"color: #6c3c00;\">ANVI<\/span><\/strong><span style=\"color: #713817;\">\u00a0<\/span>Law Firm<\/a><\/p>\n<p style=\"text-align: right;\"><span style=\"color: #800000;\">____________________________<\/span><\/p>\n<p style=\"text-align: right;\"><span style=\"color: #808080;\">Tel: 098 304 0506<\/span><br \/>\n<span style=\"color: #808080;\">Email: anvi@anvilaw.com<br \/>\nFanpage: <a href=\"http:\/\/https\/\/www.facebook.com\/anvilawfirm\/\"><span style=\"color: #713817;\"><strong>ANVI<\/strong><\/span> Law Firm<\/a><br \/>\nWebsite: https:\/\/anvilaw.com<\/span><br \/>\n<span style=\"color: #808080;\">Address: 2nd floor, Savina Building<em>,<\/em> No. 44 Trang Tien Street, Hoan Kiem Ward, Hanoi City, Vietnam<\/span><\/p>","protected":false},"excerpt":{"rendered":"<p>Legal Services for Businesses &amp; Entrepreneurs In the context that the current legal system is quite complicated, contradictory, overlapping, inadequate, ambiguous and difficult to understand, it is a great wisdom for business activities of all enterprises. With a team of professional and experienced lawyers in the field of business and business, ANVI will effectively and [&hellip;]<\/p>\n","protected":false},"author":1,"featured_media":644,"parent":438,"menu_order":0,"comment_status":"closed","ping_status":"closed","template":"page-service.php","meta":{"_acf_changed":false,"footnotes":""},"class_list":["post-434","page","type-page","status-publish","has-post-thumbnail","hentry"],"acf":[],"yoast_head":"<!-- This site is optimized with the Yoast SEO plugin v27.3 - https:\/\/yoast.com\/product\/yoast-seo-wordpress\/ -->\n<title>Legal Services for Businesses and Entrepreneurs - ANVI Law Firm<\/title>\n<meta name=\"description\" content=\"T\u01b0 v\u1ea5n ph\u00e1p lu\u1eadt d\u00e0nh cho Doanh nghi\u1ec7p v\u00e0 Doanh nh\u00e2n; C\u00f4ng ty Lu\u1eadt ANVI lu\u1eadt s\u01b0 doanh nghi\u1ec7p h\u00e0ng \u0111\u1ea7u v\u1edbi c\u00e1c lu\u1eadt s\u01b0 tr\u00ean 30 n\u0103m kinh nghi\u1ec7m\" \/>\n<meta name=\"robots\" content=\"index, follow, max-snippet:-1, max-image-preview:large, max-video-preview:-1\" \/>\n<link rel=\"canonical\" href=\"https:\/\/anvilaw.com\/vi\/dinh-che-tai-chinh\/doanh-nghiep\/\" \/>\n<meta property=\"og:locale\" content=\"en_US\" \/>\n<meta property=\"og:type\" content=\"article\" \/>\n<meta property=\"og:title\" content=\"[:vi]T\u01b0 v\u1ea5n ph\u00e1p lu\u1eadt d\u00e0nh cho Doanh nghi\u1ec7p &amp; Doanh nh\u00e2n[:en]Legal Services for Businesses and Entrepreneurs[:] - ANVI Law Firm\" \/>\n<meta property=\"og:description\" content=\"T\u01b0 v\u1ea5n ph\u00e1p lu\u1eadt d\u00e0nh cho Doanh nghi\u1ec7p v\u00e0 Doanh nh\u00e2n; C\u00f4ng ty Lu\u1eadt ANVI lu\u1eadt s\u01b0 doanh nghi\u1ec7p h\u00e0ng \u0111\u1ea7u v\u1edbi c\u00e1c lu\u1eadt s\u01b0 tr\u00ean 30 n\u0103m kinh nghi\u1ec7m\" \/>\n<meta property=\"og:url\" content=\"https:\/\/anvilaw.com\/vi\/dinh-che-tai-chinh\/doanh-nghiep\/\" \/>\n<meta property=\"og:site_name\" content=\"ANVI Law Firm\" \/>\n<meta property=\"article:publisher\" content=\"https:\/\/facebook.com\/anvilawfirm\" \/>\n<meta property=\"article:modified_time\" content=\"2026-02-12T09:41:36+00:00\" \/>\n<meta property=\"og:image\" content=\"https:\/\/anvilaw.com\/wp-content\/uploads\/2021\/03\/kinh_doanh_sanh_luat.jpg\" \/>\n\t<meta property=\"og:image:width\" content=\"750\" \/>\n\t<meta property=\"og:image:height\" content=\"491\" \/>\n\t<meta property=\"og:image:type\" content=\"image\/jpeg\" \/>\n<meta name=\"twitter:card\" content=\"summary_large_image\" \/>\n<meta name=\"twitter:site\" content=\"@anvilawfirm\" \/>\n<meta name=\"twitter:label1\" content=\"Est. reading time\" \/>\n\t<meta name=\"twitter:data1\" content=\"2 minutes\" \/>\n<script type=\"application\/ld+json\" class=\"yoast-schema-graph\">{\"@context\":\"https:\\\/\\\/schema.org\",\"@graph\":[{\"@type\":\"WebPage\",\"@id\":\"https:\\\/\\\/anvilaw.com\\\/vi\\\/dinh-che-tai-chinh\\\/doanh-nghiep\\\/\",\"url\":\"https:\\\/\\\/anvilaw.com\\\/vi\\\/dinh-che-tai-chinh\\\/doanh-nghiep\\\/\",\"name\":\"[:vi]T\u01b0 v\u1ea5n ph\u00e1p lu\u1eadt d\u00e0nh cho Doanh nghi\u1ec7p & Doanh nh\u00e2n[:en]Legal Services for Businesses and Entrepreneurs[:] - ANVI Law Firm\",\"isPartOf\":{\"@id\":\"https:\\\/\\\/anvilaw.com\\\/vi\\\/#website\"},\"primaryImageOfPage\":{\"@id\":\"https:\\\/\\\/anvilaw.com\\\/vi\\\/dinh-che-tai-chinh\\\/doanh-nghiep\\\/#primaryimage\"},\"image\":{\"@id\":\"https:\\\/\\\/anvilaw.com\\\/vi\\\/dinh-che-tai-chinh\\\/doanh-nghiep\\\/#primaryimage\"},\"thumbnailUrl\":\"https:\\\/\\\/anvilaw.com\\\/wp-content\\\/uploads\\\/2021\\\/03\\\/kinh_doanh_sanh_luat.jpg\",\"datePublished\":\"2021-06-22T08:31:53+00:00\",\"dateModified\":\"2026-02-12T09:41:36+00:00\",\"description\":\"T\u01b0 v\u1ea5n ph\u00e1p lu\u1eadt d\u00e0nh cho Doanh nghi\u1ec7p v\u00e0 Doanh nh\u00e2n; C\u00f4ng ty Lu\u1eadt ANVI lu\u1eadt s\u01b0 doanh nghi\u1ec7p h\u00e0ng \u0111\u1ea7u v\u1edbi c\u00e1c lu\u1eadt s\u01b0 tr\u00ean 30 n\u0103m kinh nghi\u1ec7m\",\"breadcrumb\":{\"@id\":\"https:\\\/\\\/anvilaw.com\\\/vi\\\/dinh-che-tai-chinh\\\/doanh-nghiep\\\/#breadcrumb\"},\"inLanguage\":\"en-US\",\"potentialAction\":[{\"@type\":\"ReadAction\",\"target\":[\"https:\\\/\\\/anvilaw.com\\\/vi\\\/dinh-che-tai-chinh\\\/doanh-nghiep\\\/\"]}]},{\"@type\":\"ImageObject\",\"inLanguage\":\"en-US\",\"@id\":\"https:\\\/\\\/anvilaw.com\\\/vi\\\/dinh-che-tai-chinh\\\/doanh-nghiep\\\/#primaryimage\",\"url\":\"https:\\\/\\\/anvilaw.com\\\/wp-content\\\/uploads\\\/2021\\\/03\\\/kinh_doanh_sanh_luat.jpg\",\"contentUrl\":\"https:\\\/\\\/anvilaw.com\\\/wp-content\\\/uploads\\\/2021\\\/03\\\/kinh_doanh_sanh_luat.jpg\",\"width\":750,\"height\":491,\"caption\":\"T\u01b0 v\u1ea5n ph\u00e1p lu\u1eadt cho Doanh nghi\u1ec7p & Doanh nh\u00e2n | Lu\u1eadt s\u01b0 doanh nghi\u1ec7p\"},{\"@type\":\"BreadcrumbList\",\"@id\":\"https:\\\/\\\/anvilaw.com\\\/vi\\\/dinh-che-tai-chinh\\\/doanh-nghiep\\\/#breadcrumb\",\"itemListElement\":[{\"@type\":\"ListItem\",\"position\":1,\"name\":\"Home\",\"item\":\"https:\\\/\\\/anvilaw.com\\\/vi\\\/\"},{\"@type\":\"ListItem\",\"position\":2,\"name\":\"D\u1ecbch v\u1ee5 ph\u00e1p l\u00fd d\u00e0nh cho \u0110\u1ecbnh ch\u1ebf t\u00e0i ch\u00ednh\",\"item\":\"https:\\\/\\\/anvilaw.com\\\/vi\\\/dinh-che-tai-chinh\\\/\"},{\"@type\":\"ListItem\",\"position\":3,\"name\":\"T\u01b0 v\u1ea5n ph\u00e1p lu\u1eadt d\u00e0nh cho Doanh nghi\u1ec7p &#038; Doanh nh\u00e2n\"}]},{\"@type\":\"WebSite\",\"@id\":\"https:\\\/\\\/anvilaw.com\\\/vi\\\/#website\",\"url\":\"https:\\\/\\\/anvilaw.com\\\/vi\\\/\",\"name\":\"ANVI Law Firm - C\u00f4ng ty Lu\u1eadt ANVI\",\"description\":\"C\u00f4ng ty Lu\u1eadt TNHH ANVI - ANVI Law Firm\",\"publisher\":{\"@id\":\"https:\\\/\\\/anvilaw.com\\\/vi\\\/#organization\"},\"alternateName\":\"anvilaw.com\",\"potentialAction\":[{\"@type\":\"SearchAction\",\"target\":{\"@type\":\"EntryPoint\",\"urlTemplate\":\"https:\\\/\\\/anvilaw.com\\\/vi\\\/?s={search_term_string}\"},\"query-input\":{\"@type\":\"PropertyValueSpecification\",\"valueRequired\":true,\"valueName\":\"search_term_string\"}}],\"inLanguage\":\"en-US\"},{\"@type\":\"Organization\",\"@id\":\"https:\\\/\\\/anvilaw.com\\\/vi\\\/#organization\",\"name\":\"C\u00f4ng ty Lu\u1eadt ANVI | ANVI Law Firm\",\"alternateName\":\"ANVI\",\"url\":\"https:\\\/\\\/anvilaw.com\\\/vi\\\/\",\"logo\":{\"@type\":\"ImageObject\",\"inLanguage\":\"en-US\",\"@id\":\"https:\\\/\\\/anvilaw.com\\\/vi\\\/#\\\/schema\\\/logo\\\/image\\\/\",\"url\":\"https:\\\/\\\/anvilaw.com\\\/wp-content\\\/uploads\\\/2022\\\/01\\\/ANVI-Logo-ca-hinh-va-chu-khong-co-nen-174K-1.png\",\"contentUrl\":\"https:\\\/\\\/anvilaw.com\\\/wp-content\\\/uploads\\\/2022\\\/01\\\/ANVI-Logo-ca-hinh-va-chu-khong-co-nen-174K-1.png\",\"width\":3493,\"height\":1535,\"caption\":\"C\u00f4ng ty Lu\u1eadt ANVI | ANVI Law Firm\"},\"image\":{\"@id\":\"https:\\\/\\\/anvilaw.com\\\/vi\\\/#\\\/schema\\\/logo\\\/image\\\/\"},\"sameAs\":[\"https:\\\/\\\/facebook.com\\\/anvilawfirm\",\"https:\\\/\\\/x.com\\\/anvilawfirm\",\"https:\\\/\\\/www.youtube.com\\\/@anvilawfirm\",\"https:\\\/\\\/www.youtube.com\\\/@lsduc_anvi\"]}]}<\/script>\n<!-- \/ Yoast SEO plugin. -->","yoast_head_json":{"title":"[:vi]T\u01b0 v\u1ea5n ph\u00e1p lu\u1eadt d\u00e0nh cho Doanh nghi\u1ec7p & Doanh nh\u00e2n[:en]Legal Services for Businesses and Entrepreneurs[:] - ANVI Law Firm","description":"T\u01b0 v\u1ea5n ph\u00e1p lu\u1eadt d\u00e0nh cho Doanh nghi\u1ec7p v\u00e0 Doanh nh\u00e2n; C\u00f4ng ty Lu\u1eadt ANVI lu\u1eadt s\u01b0 doanh nghi\u1ec7p h\u00e0ng \u0111\u1ea7u v\u1edbi c\u00e1c lu\u1eadt s\u01b0 tr\u00ean 30 n\u0103m kinh nghi\u1ec7m","robots":{"index":"index","follow":"follow","max-snippet":"max-snippet:-1","max-image-preview":"max-image-preview:large","max-video-preview":"max-video-preview:-1"},"canonical":"https:\/\/anvilaw.com\/vi\/dinh-che-tai-chinh\/doanh-nghiep\/","og_locale":"en_US","og_type":"article","og_title":"[:vi]T\u01b0 v\u1ea5n ph\u00e1p lu\u1eadt d\u00e0nh cho Doanh nghi\u1ec7p & Doanh nh\u00e2n[:en]Legal Services for Businesses and Entrepreneurs[:] - ANVI Law Firm","og_description":"T\u01b0 v\u1ea5n ph\u00e1p lu\u1eadt d\u00e0nh cho Doanh nghi\u1ec7p v\u00e0 Doanh nh\u00e2n; C\u00f4ng ty Lu\u1eadt ANVI lu\u1eadt s\u01b0 doanh nghi\u1ec7p h\u00e0ng \u0111\u1ea7u v\u1edbi c\u00e1c lu\u1eadt s\u01b0 tr\u00ean 30 n\u0103m kinh nghi\u1ec7m","og_url":"https:\/\/anvilaw.com\/vi\/dinh-che-tai-chinh\/doanh-nghiep\/","og_site_name":"ANVI Law Firm","article_publisher":"https:\/\/facebook.com\/anvilawfirm","article_modified_time":"2026-02-12T09:41:36+00:00","og_image":[{"width":750,"height":491,"url":"https:\/\/anvilaw.com\/wp-content\/uploads\/2021\/03\/kinh_doanh_sanh_luat.jpg","type":"image\/jpeg"}],"twitter_card":"summary_large_image","twitter_site":"@anvilawfirm","twitter_misc":{"Est. reading time":"2 minutes"},"schema":{"@context":"https:\/\/schema.org","@graph":[{"@type":"WebPage","@id":"https:\/\/anvilaw.com\/vi\/dinh-che-tai-chinh\/doanh-nghiep\/","url":"https:\/\/anvilaw.com\/vi\/dinh-che-tai-chinh\/doanh-nghiep\/","name":"[:vi]T\u01b0 v\u1ea5n ph\u00e1p lu\u1eadt d\u00e0nh cho Doanh nghi\u1ec7p & Doanh nh\u00e2n[:en]Legal Services for Businesses and Entrepreneurs[:] - ANVI Law Firm","isPartOf":{"@id":"https:\/\/anvilaw.com\/vi\/#website"},"primaryImageOfPage":{"@id":"https:\/\/anvilaw.com\/vi\/dinh-che-tai-chinh\/doanh-nghiep\/#primaryimage"},"image":{"@id":"https:\/\/anvilaw.com\/vi\/dinh-che-tai-chinh\/doanh-nghiep\/#primaryimage"},"thumbnailUrl":"https:\/\/anvilaw.com\/wp-content\/uploads\/2021\/03\/kinh_doanh_sanh_luat.jpg","datePublished":"2021-06-22T08:31:53+00:00","dateModified":"2026-02-12T09:41:36+00:00","description":"T\u01b0 v\u1ea5n ph\u00e1p lu\u1eadt d\u00e0nh cho Doanh nghi\u1ec7p v\u00e0 Doanh nh\u00e2n; C\u00f4ng ty Lu\u1eadt ANVI lu\u1eadt s\u01b0 doanh nghi\u1ec7p h\u00e0ng \u0111\u1ea7u v\u1edbi c\u00e1c lu\u1eadt s\u01b0 tr\u00ean 30 n\u0103m kinh nghi\u1ec7m","breadcrumb":{"@id":"https:\/\/anvilaw.com\/vi\/dinh-che-tai-chinh\/doanh-nghiep\/#breadcrumb"},"inLanguage":"en-US","potentialAction":[{"@type":"ReadAction","target":["https:\/\/anvilaw.com\/vi\/dinh-che-tai-chinh\/doanh-nghiep\/"]}]},{"@type":"ImageObject","inLanguage":"en-US","@id":"https:\/\/anvilaw.com\/vi\/dinh-che-tai-chinh\/doanh-nghiep\/#primaryimage","url":"https:\/\/anvilaw.com\/wp-content\/uploads\/2021\/03\/kinh_doanh_sanh_luat.jpg","contentUrl":"https:\/\/anvilaw.com\/wp-content\/uploads\/2021\/03\/kinh_doanh_sanh_luat.jpg","width":750,"height":491,"caption":"T\u01b0 v\u1ea5n ph\u00e1p lu\u1eadt cho Doanh nghi\u1ec7p & Doanh nh\u00e2n | Lu\u1eadt s\u01b0 doanh nghi\u1ec7p"},{"@type":"BreadcrumbList","@id":"https:\/\/anvilaw.com\/vi\/dinh-che-tai-chinh\/doanh-nghiep\/#breadcrumb","itemListElement":[{"@type":"ListItem","position":1,"name":"Home","item":"https:\/\/anvilaw.com\/vi\/"},{"@type":"ListItem","position":2,"name":"D\u1ecbch v\u1ee5 ph\u00e1p l\u00fd d\u00e0nh cho \u0110\u1ecbnh ch\u1ebf t\u00e0i ch\u00ednh","item":"https:\/\/anvilaw.com\/vi\/dinh-che-tai-chinh\/"},{"@type":"ListItem","position":3,"name":"T\u01b0 v\u1ea5n ph\u00e1p lu\u1eadt d\u00e0nh cho Doanh nghi\u1ec7p &#038; Doanh nh\u00e2n"}]},{"@type":"WebSite","@id":"https:\/\/anvilaw.com\/vi\/#website","url":"https:\/\/anvilaw.com\/vi\/","name":"ANVI Law Firm - C\u00f4ng ty Lu\u1eadt ANVI","description":"C\u00f4ng ty Lu\u1eadt TNHH ANVI - ANVI Law Firm","publisher":{"@id":"https:\/\/anvilaw.com\/vi\/#organization"},"alternateName":"anvilaw.com","potentialAction":[{"@type":"SearchAction","target":{"@type":"EntryPoint","urlTemplate":"https:\/\/anvilaw.com\/vi\/?s={search_term_string}"},"query-input":{"@type":"PropertyValueSpecification","valueRequired":true,"valueName":"search_term_string"}}],"inLanguage":"en-US"},{"@type":"Organization","@id":"https:\/\/anvilaw.com\/vi\/#organization","name":"C\u00f4ng ty Lu\u1eadt ANVI | ANVI Law Firm","alternateName":"ANVI","url":"https:\/\/anvilaw.com\/vi\/","logo":{"@type":"ImageObject","inLanguage":"en-US","@id":"https:\/\/anvilaw.com\/vi\/#\/schema\/logo\/image\/","url":"https:\/\/anvilaw.com\/wp-content\/uploads\/2022\/01\/ANVI-Logo-ca-hinh-va-chu-khong-co-nen-174K-1.png","contentUrl":"https:\/\/anvilaw.com\/wp-content\/uploads\/2022\/01\/ANVI-Logo-ca-hinh-va-chu-khong-co-nen-174K-1.png","width":3493,"height":1535,"caption":"C\u00f4ng ty Lu\u1eadt ANVI | ANVI Law Firm"},"image":{"@id":"https:\/\/anvilaw.com\/vi\/#\/schema\/logo\/image\/"},"sameAs":["https:\/\/facebook.com\/anvilawfirm","https:\/\/x.com\/anvilawfirm","https:\/\/www.youtube.com\/@anvilawfirm","https:\/\/www.youtube.com\/@lsduc_anvi"]}]}},"_links":{"self":[{"href":"https:\/\/anvilaw.com\/en\/wp-json\/wp\/v2\/pages\/434","targetHints":{"allow":["GET"]}}],"collection":[{"href":"https:\/\/anvilaw.com\/en\/wp-json\/wp\/v2\/pages"}],"about":[{"href":"https:\/\/anvilaw.com\/en\/wp-json\/wp\/v2\/types\/page"}],"author":[{"embeddable":true,"href":"https:\/\/anvilaw.com\/en\/wp-json\/wp\/v2\/users\/1"}],"replies":[{"embeddable":true,"href":"https:\/\/anvilaw.com\/en\/wp-json\/wp\/v2\/comments?post=434"}],"version-history":[{"count":12,"href":"https:\/\/anvilaw.com\/en\/wp-json\/wp\/v2\/pages\/434\/revisions"}],"predecessor-version":[{"id":49590,"href":"https:\/\/anvilaw.com\/en\/wp-json\/wp\/v2\/pages\/434\/revisions\/49590"}],"up":[{"embeddable":true,"href":"https:\/\/anvilaw.com\/en\/wp-json\/wp\/v2\/pages\/438"}],"wp:featuredmedia":[{"embeddable":true,"href":"https:\/\/anvilaw.com\/en\/wp-json\/wp\/v2\/media\/644"}],"wp:attachment":[{"href":"https:\/\/anvilaw.com\/en\/wp-json\/wp\/v2\/media?parent=434"}],"curies":[{"name":"wp","href":"https:\/\/api.w.org\/{rel}","templated":true}]}}