{"id":436,"date":"2021-06-22T15:38:04","date_gmt":"2021-06-22T08:38:04","guid":{"rendered":"https:\/\/anvilaw.com\/vi\/?page_id=436"},"modified":"2026-02-12T16:43:40","modified_gmt":"2026-02-12T09:43:40","slug":"ca-nhan-ho-kinh-doanh","status":"publish","type":"page","link":"https:\/\/anvilaw.com\/en\/personal\/","title":{"rendered":"Legal Services for <span>Individuals &#038; Households<\/span>"},"content":{"rendered":"<h1><span style=\"color: #723918;\">Legal Services for Individuals &amp; Household Enterprises<\/span><\/h1>\n<p>In the context that the current legal system is quite complicated, contradictory, overlapping, inadequate, ambiguous and difficult to understand, it is a great wisdom for the civil and business life of all individuals and business households. business.<\/p>\n<p>With a team of professional and experienced lawyers in many legal fields, <a href=\"https:\/\/anvilaw.com\/\"><strong><span style=\"color: #6c3c00;\">ANVI<\/span><\/strong><\/a> will effectively and pragmatically support individuals and businesses in grasping, complying and applying the law. in social life and investment and business activities, in order to minimize legal risks for clients.<\/p>\n<h4><span style=\"color: #723918;\">We hope to provide the following 4 legal services to individuals and business households:<\/span><\/h4>\n<ol>\n<li>Consulting and answering legal issues arising in the fields of life, society, land business, construction, civil (marriage, family, inheritance), labor, business, commercial, financial, banking, administrative, criminal, etc\u2026;<\/li>\n<li>Consulting, implementing administrative procedures on land, inheritance, notarization, loan, business, income tax, etc.;<\/li>\n<li>Consulting, representing and acting as a lawyer to protect the legitimate rights and interests of individuals in civil, labor, administrative, business and commercial disputes settlement cases at Court, Commercial Arbitration;<\/li>\n<li>Acting as lawyers or representatives to defend and protect the legitimate rights and interests of individuals in criminal cases at investigation, prosecution, trial and judgment enforcement agencies;<\/li>\n<li>Provide training and legal sharing classes from basic to advanced for individuals and households.<\/li>\n<\/ol>\n<p style=\"text-align: right;\"><strong>Lawyer Truong Thanh Duc<\/strong><br \/>\nDirector of <a href=\"https:\/\/anvilaw.com\/\"><strong><span style=\"color: #6c3c00;\">ANVI<\/span><\/strong><span style=\"color: #713817;\">\u00a0<\/span>Law Firm<\/a><\/p>\n<p style=\"text-align: right;\"><span style=\"color: #800000;\">____________________________<\/span><\/p>\n<p style=\"text-align: right;\"><span style=\"color: #808080;\">Tel: 098 304 0506<\/span><br \/>\n<span style=\"color: #808080;\">Email: anvi@anvilaw.com<br \/>\nFanpage: <a href=\"http:\/\/https\/\/www.facebook.com\/anvilawfirm\/\"><span style=\"color: #713817;\"><strong>ANVI<\/strong><\/span> Law Firm<\/a><br \/>\nWebsite: https:\/\/anvilaw.com<\/span><br \/>\n<span style=\"color: #808080;\">Address: 2nd floor, Savina Building<em>,<\/em> No. 44 Trang Tien Street, Hoan Kiem Ward, Hanoi City, Vietnam<\/span><\/p>","protected":false},"excerpt":{"rendered":"<p>Legal Services for Individuals &amp; Household Enterprises In the context that the current legal system is quite complicated, contradictory, overlapping, inadequate, ambiguous and difficult to understand, it is a great wisdom for the civil and business life of all individuals and business households. business. With a team of professional and experienced lawyers in many legal [&hellip;]<\/p>\n","protected":false},"author":1,"featured_media":0,"parent":0,"menu_order":0,"comment_status":"closed","ping_status":"closed","template":"page-service.php","meta":{"_acf_changed":false,"footnotes":""},"class_list":["post-436","page","type-page","status-publish","hentry"],"acf":[],"yoast_head":"<!-- This site is optimized with the Yoast SEO plugin v27.3 - https:\/\/yoast.com\/product\/yoast-seo-wordpress\/ -->\n<title>Legal Services for Individuals &amp; Households - ANVI Law Firm<\/title>\n<meta name=\"description\" content=\"T\u01b0 v\u1ea5n ph\u00e1p lu\u1eadt d\u00e0nh cho C\u00e1 nh\u00e2n &amp; H\u1ed9 kinh doanh | C\u00f4ng ty Lu\u1eadt ANVI gi\u1edbi thi\u1ec7u c\u00e1c d\u1ecbch v\u1ee5 ph\u00e1p l\u00fd cho C\u00e1 nh\u00e2n v\u00e0 H\u1ed9 kinh doanh.\" \/>\n<meta name=\"robots\" content=\"index, follow, max-snippet:-1, max-image-preview:large, max-video-preview:-1\" \/>\n<link rel=\"canonical\" href=\"https:\/\/anvilaw.com\/vi\/ca-nhan\/\" \/>\n<meta property=\"og:locale\" content=\"en_US\" \/>\n<meta property=\"og:type\" content=\"article\" \/>\n<meta property=\"og:title\" content=\"[:vi]T\u01b0 v\u1ea5n ph\u00e1p lu\u1eadt d\u00e0nh cho C\u00e1 nh\u00e2n &amp; H\u1ed9 kinh doanh[:en]Legal Services for Individuals &amp; Households[:] - ANVI Law Firm\" \/>\n<meta property=\"og:description\" content=\"T\u01b0 v\u1ea5n ph\u00e1p lu\u1eadt d\u00e0nh cho C\u00e1 nh\u00e2n &amp; H\u1ed9 kinh doanh | C\u00f4ng ty Lu\u1eadt ANVI gi\u1edbi thi\u1ec7u c\u00e1c d\u1ecbch v\u1ee5 ph\u00e1p l\u00fd cho C\u00e1 nh\u00e2n v\u00e0 H\u1ed9 kinh doanh.\" \/>\n<meta property=\"og:url\" content=\"https:\/\/anvilaw.com\/vi\/ca-nhan\/\" \/>\n<meta property=\"og:site_name\" content=\"ANVI Law Firm\" \/>\n<meta property=\"article:publisher\" content=\"https:\/\/facebook.com\/anvilawfirm\" \/>\n<meta property=\"article:modified_time\" content=\"2026-02-12T09:43:40+00:00\" \/>\n<meta property=\"og:image\" content=\"https:\/\/anvilaw.com\/wp-content\/uploads\/2022\/01\/LS.-Duc-ANVI-24.12-scaled.jpg\" \/>\n\t<meta property=\"og:image:width\" content=\"2560\" \/>\n\t<meta property=\"og:image:height\" content=\"1920\" \/>\n\t<meta property=\"og:image:type\" content=\"image\/jpeg\" \/>\n<meta name=\"twitter:card\" content=\"summary_large_image\" \/>\n<meta name=\"twitter:site\" content=\"@anvilawfirm\" \/>\n<meta name=\"twitter:label1\" content=\"Est. reading time\" \/>\n\t<meta name=\"twitter:data1\" content=\"2 minutes\" \/>\n<script type=\"application\/ld+json\" class=\"yoast-schema-graph\">{\"@context\":\"https:\\\/\\\/schema.org\",\"@graph\":[{\"@type\":\"WebPage\",\"@id\":\"https:\\\/\\\/anvilaw.com\\\/vi\\\/ca-nhan\\\/\",\"url\":\"https:\\\/\\\/anvilaw.com\\\/vi\\\/ca-nhan\\\/\",\"name\":\"[:vi]T\u01b0 v\u1ea5n ph\u00e1p lu\u1eadt d\u00e0nh cho C\u00e1 nh\u00e2n & H\u1ed9 kinh doanh[:en]Legal Services for Individuals & Households[:] - ANVI Law Firm\",\"isPartOf\":{\"@id\":\"https:\\\/\\\/anvilaw.com\\\/vi\\\/#website\"},\"primaryImageOfPage\":{\"@id\":\"https:\\\/\\\/anvilaw.com\\\/vi\\\/ca-nhan\\\/#primaryimage\"},\"image\":{\"@id\":\"https:\\\/\\\/anvilaw.com\\\/vi\\\/ca-nhan\\\/#primaryimage\"},\"thumbnailUrl\":\"https:\\\/\\\/anvilaw.com\\\/wp-content\\\/uploads\\\/2022\\\/01\\\/LS.-Duc-ANVI-24.12-450x338.jpg\",\"datePublished\":\"2021-06-22T08:38:04+00:00\",\"dateModified\":\"2026-02-12T09:43:40+00:00\",\"description\":\"T\u01b0 v\u1ea5n ph\u00e1p lu\u1eadt d\u00e0nh cho C\u00e1 nh\u00e2n & H\u1ed9 kinh doanh | C\u00f4ng ty Lu\u1eadt ANVI gi\u1edbi thi\u1ec7u c\u00e1c d\u1ecbch v\u1ee5 ph\u00e1p l\u00fd cho C\u00e1 nh\u00e2n v\u00e0 H\u1ed9 kinh doanh.\",\"breadcrumb\":{\"@id\":\"https:\\\/\\\/anvilaw.com\\\/vi\\\/ca-nhan\\\/#breadcrumb\"},\"inLanguage\":\"en-US\",\"potentialAction\":[{\"@type\":\"ReadAction\",\"target\":[\"https:\\\/\\\/anvilaw.com\\\/vi\\\/ca-nhan\\\/\"]}]},{\"@type\":\"ImageObject\",\"inLanguage\":\"en-US\",\"@id\":\"https:\\\/\\\/anvilaw.com\\\/vi\\\/ca-nhan\\\/#primaryimage\",\"url\":\"https:\\\/\\\/anvilaw.com\\\/wp-content\\\/uploads\\\/2022\\\/01\\\/LS.-Duc-ANVI-24.12-450x338.jpg\",\"contentUrl\":\"https:\\\/\\\/anvilaw.com\\\/wp-content\\\/uploads\\\/2022\\\/01\\\/LS.-Duc-ANVI-24.12-450x338.jpg\"},{\"@type\":\"BreadcrumbList\",\"@id\":\"https:\\\/\\\/anvilaw.com\\\/vi\\\/ca-nhan\\\/#breadcrumb\",\"itemListElement\":[{\"@type\":\"ListItem\",\"position\":1,\"name\":\"Home\",\"item\":\"https:\\\/\\\/anvilaw.com\\\/vi\\\/\"},{\"@type\":\"ListItem\",\"position\":2,\"name\":\"T\u01b0 v\u1ea5n ph\u00e1p lu\u1eadt d\u00e0nh cho C\u00e1 nh\u00e2n &#038; H\u1ed9 kinh doanh\"}]},{\"@type\":\"WebSite\",\"@id\":\"https:\\\/\\\/anvilaw.com\\\/vi\\\/#website\",\"url\":\"https:\\\/\\\/anvilaw.com\\\/vi\\\/\",\"name\":\"ANVI Law Firm - C\u00f4ng ty Lu\u1eadt ANVI\",\"description\":\"C\u00f4ng ty Lu\u1eadt TNHH ANVI - ANVI Law Firm\",\"publisher\":{\"@id\":\"https:\\\/\\\/anvilaw.com\\\/vi\\\/#organization\"},\"alternateName\":\"anvilaw.com\",\"potentialAction\":[{\"@type\":\"SearchAction\",\"target\":{\"@type\":\"EntryPoint\",\"urlTemplate\":\"https:\\\/\\\/anvilaw.com\\\/vi\\\/?s={search_term_string}\"},\"query-input\":{\"@type\":\"PropertyValueSpecification\",\"valueRequired\":true,\"valueName\":\"search_term_string\"}}],\"inLanguage\":\"en-US\"},{\"@type\":\"Organization\",\"@id\":\"https:\\\/\\\/anvilaw.com\\\/vi\\\/#organization\",\"name\":\"C\u00f4ng ty Lu\u1eadt ANVI | ANVI Law Firm\",\"alternateName\":\"ANVI\",\"url\":\"https:\\\/\\\/anvilaw.com\\\/vi\\\/\",\"logo\":{\"@type\":\"ImageObject\",\"inLanguage\":\"en-US\",\"@id\":\"https:\\\/\\\/anvilaw.com\\\/vi\\\/#\\\/schema\\\/logo\\\/image\\\/\",\"url\":\"https:\\\/\\\/anvilaw.com\\\/wp-content\\\/uploads\\\/2022\\\/01\\\/ANVI-Logo-ca-hinh-va-chu-khong-co-nen-174K-1.png\",\"contentUrl\":\"https:\\\/\\\/anvilaw.com\\\/wp-content\\\/uploads\\\/2022\\\/01\\\/ANVI-Logo-ca-hinh-va-chu-khong-co-nen-174K-1.png\",\"width\":3493,\"height\":1535,\"caption\":\"C\u00f4ng ty Lu\u1eadt ANVI | ANVI Law Firm\"},\"image\":{\"@id\":\"https:\\\/\\\/anvilaw.com\\\/vi\\\/#\\\/schema\\\/logo\\\/image\\\/\"},\"sameAs\":[\"https:\\\/\\\/facebook.com\\\/anvilawfirm\",\"https:\\\/\\\/x.com\\\/anvilawfirm\",\"https:\\\/\\\/www.youtube.com\\\/@anvilawfirm\",\"https:\\\/\\\/www.youtube.com\\\/@lsduc_anvi\"]}]}<\/script>\n<!-- \/ Yoast SEO plugin. -->","yoast_head_json":{"title":"[:vi]T\u01b0 v\u1ea5n ph\u00e1p lu\u1eadt d\u00e0nh cho C\u00e1 nh\u00e2n & H\u1ed9 kinh doanh[:en]Legal Services for Individuals & Households[:] - ANVI Law Firm","description":"T\u01b0 v\u1ea5n ph\u00e1p lu\u1eadt d\u00e0nh cho C\u00e1 nh\u00e2n & H\u1ed9 kinh doanh | C\u00f4ng ty Lu\u1eadt ANVI gi\u1edbi thi\u1ec7u c\u00e1c d\u1ecbch v\u1ee5 ph\u00e1p l\u00fd cho C\u00e1 nh\u00e2n v\u00e0 H\u1ed9 kinh doanh.","robots":{"index":"index","follow":"follow","max-snippet":"max-snippet:-1","max-image-preview":"max-image-preview:large","max-video-preview":"max-video-preview:-1"},"canonical":"https:\/\/anvilaw.com\/vi\/ca-nhan\/","og_locale":"en_US","og_type":"article","og_title":"[:vi]T\u01b0 v\u1ea5n ph\u00e1p lu\u1eadt d\u00e0nh cho C\u00e1 nh\u00e2n & H\u1ed9 kinh doanh[:en]Legal Services for Individuals & Households[:] - ANVI Law Firm","og_description":"T\u01b0 v\u1ea5n ph\u00e1p lu\u1eadt d\u00e0nh cho C\u00e1 nh\u00e2n & H\u1ed9 kinh doanh | C\u00f4ng ty Lu\u1eadt ANVI gi\u1edbi thi\u1ec7u c\u00e1c d\u1ecbch v\u1ee5 ph\u00e1p l\u00fd cho C\u00e1 nh\u00e2n v\u00e0 H\u1ed9 kinh doanh.","og_url":"https:\/\/anvilaw.com\/vi\/ca-nhan\/","og_site_name":"ANVI Law Firm","article_publisher":"https:\/\/facebook.com\/anvilawfirm","article_modified_time":"2026-02-12T09:43:40+00:00","og_image":[{"width":2560,"height":1920,"url":"https:\/\/anvilaw.com\/wp-content\/uploads\/2022\/01\/LS.-Duc-ANVI-24.12-scaled.jpg","type":"image\/jpeg"}],"twitter_card":"summary_large_image","twitter_site":"@anvilawfirm","twitter_misc":{"Est. reading time":"2 minutes"},"schema":{"@context":"https:\/\/schema.org","@graph":[{"@type":"WebPage","@id":"https:\/\/anvilaw.com\/vi\/ca-nhan\/","url":"https:\/\/anvilaw.com\/vi\/ca-nhan\/","name":"[:vi]T\u01b0 v\u1ea5n ph\u00e1p lu\u1eadt d\u00e0nh cho C\u00e1 nh\u00e2n & H\u1ed9 kinh doanh[:en]Legal Services for Individuals & Households[:] - ANVI Law Firm","isPartOf":{"@id":"https:\/\/anvilaw.com\/vi\/#website"},"primaryImageOfPage":{"@id":"https:\/\/anvilaw.com\/vi\/ca-nhan\/#primaryimage"},"image":{"@id":"https:\/\/anvilaw.com\/vi\/ca-nhan\/#primaryimage"},"thumbnailUrl":"https:\/\/anvilaw.com\/wp-content\/uploads\/2022\/01\/LS.-Duc-ANVI-24.12-450x338.jpg","datePublished":"2021-06-22T08:38:04+00:00","dateModified":"2026-02-12T09:43:40+00:00","description":"T\u01b0 v\u1ea5n ph\u00e1p lu\u1eadt d\u00e0nh cho C\u00e1 nh\u00e2n & H\u1ed9 kinh doanh | C\u00f4ng ty Lu\u1eadt ANVI gi\u1edbi thi\u1ec7u c\u00e1c d\u1ecbch v\u1ee5 ph\u00e1p l\u00fd cho C\u00e1 nh\u00e2n v\u00e0 H\u1ed9 kinh doanh.","breadcrumb":{"@id":"https:\/\/anvilaw.com\/vi\/ca-nhan\/#breadcrumb"},"inLanguage":"en-US","potentialAction":[{"@type":"ReadAction","target":["https:\/\/anvilaw.com\/vi\/ca-nhan\/"]}]},{"@type":"ImageObject","inLanguage":"en-US","@id":"https:\/\/anvilaw.com\/vi\/ca-nhan\/#primaryimage","url":"https:\/\/anvilaw.com\/wp-content\/uploads\/2022\/01\/LS.-Duc-ANVI-24.12-450x338.jpg","contentUrl":"https:\/\/anvilaw.com\/wp-content\/uploads\/2022\/01\/LS.-Duc-ANVI-24.12-450x338.jpg"},{"@type":"BreadcrumbList","@id":"https:\/\/anvilaw.com\/vi\/ca-nhan\/#breadcrumb","itemListElement":[{"@type":"ListItem","position":1,"name":"Home","item":"https:\/\/anvilaw.com\/vi\/"},{"@type":"ListItem","position":2,"name":"T\u01b0 v\u1ea5n ph\u00e1p lu\u1eadt d\u00e0nh cho C\u00e1 nh\u00e2n &#038; H\u1ed9 kinh doanh"}]},{"@type":"WebSite","@id":"https:\/\/anvilaw.com\/vi\/#website","url":"https:\/\/anvilaw.com\/vi\/","name":"ANVI Law Firm - C\u00f4ng ty Lu\u1eadt ANVI","description":"C\u00f4ng ty Lu\u1eadt TNHH ANVI - ANVI Law Firm","publisher":{"@id":"https:\/\/anvilaw.com\/vi\/#organization"},"alternateName":"anvilaw.com","potentialAction":[{"@type":"SearchAction","target":{"@type":"EntryPoint","urlTemplate":"https:\/\/anvilaw.com\/vi\/?s={search_term_string}"},"query-input":{"@type":"PropertyValueSpecification","valueRequired":true,"valueName":"search_term_string"}}],"inLanguage":"en-US"},{"@type":"Organization","@id":"https:\/\/anvilaw.com\/vi\/#organization","name":"C\u00f4ng ty Lu\u1eadt ANVI | ANVI Law Firm","alternateName":"ANVI","url":"https:\/\/anvilaw.com\/vi\/","logo":{"@type":"ImageObject","inLanguage":"en-US","@id":"https:\/\/anvilaw.com\/vi\/#\/schema\/logo\/image\/","url":"https:\/\/anvilaw.com\/wp-content\/uploads\/2022\/01\/ANVI-Logo-ca-hinh-va-chu-khong-co-nen-174K-1.png","contentUrl":"https:\/\/anvilaw.com\/wp-content\/uploads\/2022\/01\/ANVI-Logo-ca-hinh-va-chu-khong-co-nen-174K-1.png","width":3493,"height":1535,"caption":"C\u00f4ng ty Lu\u1eadt ANVI | ANVI Law Firm"},"image":{"@id":"https:\/\/anvilaw.com\/vi\/#\/schema\/logo\/image\/"},"sameAs":["https:\/\/facebook.com\/anvilawfirm","https:\/\/x.com\/anvilawfirm","https:\/\/www.youtube.com\/@anvilawfirm","https:\/\/www.youtube.com\/@lsduc_anvi"]}]}},"_links":{"self":[{"href":"https:\/\/anvilaw.com\/en\/wp-json\/wp\/v2\/pages\/436","targetHints":{"allow":["GET"]}}],"collection":[{"href":"https:\/\/anvilaw.com\/en\/wp-json\/wp\/v2\/pages"}],"about":[{"href":"https:\/\/anvilaw.com\/en\/wp-json\/wp\/v2\/types\/page"}],"author":[{"embeddable":true,"href":"https:\/\/anvilaw.com\/en\/wp-json\/wp\/v2\/users\/1"}],"replies":[{"embeddable":true,"href":"https:\/\/anvilaw.com\/en\/wp-json\/wp\/v2\/comments?post=436"}],"version-history":[{"count":11,"href":"https:\/\/anvilaw.com\/en\/wp-json\/wp\/v2\/pages\/436\/revisions"}],"predecessor-version":[{"id":49593,"href":"https:\/\/anvilaw.com\/en\/wp-json\/wp\/v2\/pages\/436\/revisions\/49593"}],"wp:attachment":[{"href":"https:\/\/anvilaw.com\/en\/wp-json\/wp\/v2\/media?parent=436"}],"curies":[{"name":"wp","href":"https:\/\/api.w.org\/{rel}","templated":true}]}}