{"id":438,"date":"2021-06-22T15:40:10","date_gmt":"2021-06-22T08:40:10","guid":{"rendered":"https:\/\/anvilaw.com\/vi\/?page_id=438"},"modified":"2026-02-12T16:41:10","modified_gmt":"2026-02-12T09:41:10","slug":"to-chuc-tai-chinh","status":"publish","type":"page","link":"https:\/\/anvilaw.com\/en\/financial-institution\/","title":{"rendered":"Legal Services for Financial Institutions"},"content":{"rendered":"<h1><span style=\"color: #723918;\">Legal Services for Financial Institutions<\/span><\/h1>\n<h5>In the context that the current legal system is quite complicated, contradictory, overlapping, inadequate, ambiguous and confusing, it is a great wisdom for the business activities of all businesses, including financial institutions. main.<\/h5>\n<p>With a team of professional and experienced lawyers in the fields of finance and banking, <a href=\"https:\/\/anvilaw.com\/vi\/\"><strong><span style=\"color: #6c3c00;\">ANVI<\/span><\/strong><\/a> will effectively and pragmatically support financial institutions in grasping, complying with and applying the law in the management, operation and investment and business activities, in order to minimize legal risks for financial institutions.<\/p>\n<h4><span style=\"color: #723918;\">We look forward to providing the following 7 legal services to financial institutions:<\/span><\/h4>\n<ol>\n<li>Regular consultation and provision of information on investment, business and intellectual property laws for financial institutions;<\/li>\n<li>Consulting on the structure of financial transactions; negotiating, drafting contracts, transactions and projects of financial institutions;<\/li>\n<li>Consulting on building a system of internal regulations and forms of financial institutions such as the Charter; Rules; agreement; regulations on finance, salary, reward, operation, etc.;<\/li>\n<li>Consulting, representing, participating in proceedings to protect the legitimate rights and interests of financial institutions in cases and cases to settle investment, business, commercial, civil and labor disputes , administrative, criminal at Court, Commercial Arbitration and relevant agencies;<\/li>\n<li>Consulting on risk management, debt settlement and security assets of financial institutions;<\/li>\n<li>Provide teaching, training, training, and law-sharing programs from basic to advanced levels for managers, employees and employees of financial institutions;<\/li>\n<li>Provide independent Board member services and corporate restructuring.<\/li>\n<\/ol>\n<p style=\"text-align: right;\"><strong>Lawyer Truong Thanh Duc<\/strong><br \/>\nDirector of <a href=\"https:\/\/anvilaw.com\/\"><strong><span style=\"color: #6c3c00;\">ANVI<\/span><\/strong><span style=\"color: #713817;\">\u00a0<\/span>Law Firm<\/a><\/p>\n<p style=\"text-align: right;\"><span style=\"color: #800000;\">____________________________<\/span><\/p>\n<p style=\"text-align: right;\"><span style=\"color: #808080;\">Tel: 098 304 0506<\/span><br \/>\n<span style=\"color: #808080;\">Email: anvi@anvilaw.com<br \/>\nFanpage: <a href=\"http:\/\/https\/\/www.facebook.com\/anvilawfirm\/\"><span style=\"color: #713817;\"><strong>ANVI<\/strong><\/span> Law Firm<\/a><br \/>\nWebsite: https:\/\/anvilaw.com<\/span><br \/>\n<span style=\"color: #808080;\">Address: 2nd floor, Savina Building<em>,<\/em> No. 44 Trang Tien Street, Hoan Kiem Ward, Hanoi City, Vietnam<\/span><\/p>","protected":false},"excerpt":{"rendered":"<p>Legal Services for Financial Institutions In the context that the current legal system is quite complicated, contradictory, overlapping, inadequate, ambiguous and confusing, it is a great wisdom for the business activities of all businesses, including financial institutions. main. With a team of professional and experienced lawyers in the fields of finance and banking, ANVI will [&hellip;]<\/p>\n","protected":false},"author":1,"featured_media":0,"parent":0,"menu_order":0,"comment_status":"closed","ping_status":"closed","template":"page-service.php","meta":{"_acf_changed":false,"footnotes":""},"class_list":["post-438","page","type-page","status-publish","hentry"],"acf":[],"yoast_head":"<!-- This site is optimized with the Yoast SEO plugin v26.9 - https:\/\/yoast.com\/product\/yoast-seo-wordpress\/ -->\n<title>Legal Services for Financial Institutions - ANVI Law Firm<\/title>\n<meta name=\"description\" content=\"T\u01b0 v\u1ea5n ph\u00e1p lu\u1eadt d\u00e0nh cho t\u1ed5 ch\u1ee9c t\u00e0i ch\u00ednh; \u0111\u1ecbnh ch\u1ebf t\u00e0i ch\u00ednh; C\u00f4ng ty Lu\u1eadt ANVI; ng\u00e2n h\u00e0ng; t\u00e0i ch\u00ednh ti\u00eau d\u00f9ng\" \/>\n<meta name=\"robots\" content=\"index, follow, max-snippet:-1, max-image-preview:large, max-video-preview:-1\" \/>\n<link rel=\"canonical\" href=\"https:\/\/anvilaw.com\/vi\/dinh-che-tai-chinh\/\" \/>\n<meta property=\"og:locale\" content=\"en_US\" \/>\n<meta property=\"og:type\" content=\"article\" \/>\n<meta property=\"og:title\" content=\"[:vi]D\u1ecbch v\u1ee5 ph\u00e1p l\u00fd d\u00e0nh cho \u0110\u1ecbnh ch\u1ebf t\u00e0i ch\u00ednh[:en]Legal Services for Financial Institutions[:] - ANVI Law Firm\" \/>\n<meta property=\"og:description\" content=\"T\u01b0 v\u1ea5n ph\u00e1p lu\u1eadt d\u00e0nh cho t\u1ed5 ch\u1ee9c t\u00e0i ch\u00ednh; \u0111\u1ecbnh ch\u1ebf t\u00e0i ch\u00ednh; C\u00f4ng ty Lu\u1eadt ANVI; ng\u00e2n h\u00e0ng; t\u00e0i ch\u00ednh ti\u00eau d\u00f9ng\" \/>\n<meta property=\"og:url\" content=\"https:\/\/anvilaw.com\/vi\/dinh-che-tai-chinh\/\" \/>\n<meta property=\"og:site_name\" content=\"ANVI Law Firm\" \/>\n<meta property=\"article:publisher\" content=\"https:\/\/facebook.com\/anvilawfirm\" \/>\n<meta property=\"article:modified_time\" content=\"2026-02-12T09:41:10+00:00\" \/>\n<meta property=\"og:image\" content=\"https:\/\/anvilaw.com\/wp-content\/uploads\/2022\/01\/ANVI-2022.01.26-01.jpg\" \/>\n\t<meta property=\"og:image:width\" content=\"2560\" \/>\n\t<meta property=\"og:image:height\" content=\"1536\" \/>\n\t<meta property=\"og:image:type\" content=\"image\/jpeg\" \/>\n<meta name=\"twitter:card\" content=\"summary_large_image\" \/>\n<meta name=\"twitter:site\" content=\"@anvilawfirm\" \/>\n<meta name=\"twitter:label1\" content=\"Est. reading time\" \/>\n\t<meta name=\"twitter:data1\" content=\"2 minutes\" \/>\n<script type=\"application\/ld+json\" class=\"yoast-schema-graph\">{\"@context\":\"https:\/\/schema.org\",\"@graph\":[{\"@type\":\"WebPage\",\"@id\":\"https:\/\/anvilaw.com\/vi\/dinh-che-tai-chinh\/\",\"url\":\"https:\/\/anvilaw.com\/vi\/dinh-che-tai-chinh\/\",\"name\":\"[:vi]D\u1ecbch v\u1ee5 ph\u00e1p l\u00fd d\u00e0nh cho \u0110\u1ecbnh ch\u1ebf t\u00e0i ch\u00ednh[:en]Legal Services for Financial Institutions[:] - ANVI Law Firm\",\"isPartOf\":{\"@id\":\"https:\/\/anvilaw.com\/vi\/#website\"},\"primaryImageOfPage\":{\"@id\":\"https:\/\/anvilaw.com\/vi\/dinh-che-tai-chinh\/#primaryimage\"},\"image\":{\"@id\":\"https:\/\/anvilaw.com\/vi\/dinh-che-tai-chinh\/#primaryimage\"},\"thumbnailUrl\":\"https:\/\/anvilaw.com\/wp-content\/uploads\/2022\/01\/ANVI-2022.01.26-01-450x270.jpg\",\"datePublished\":\"2021-06-22T08:40:10+00:00\",\"dateModified\":\"2026-02-12T09:41:10+00:00\",\"description\":\"T\u01b0 v\u1ea5n ph\u00e1p lu\u1eadt d\u00e0nh cho t\u1ed5 ch\u1ee9c t\u00e0i ch\u00ednh; \u0111\u1ecbnh ch\u1ebf t\u00e0i ch\u00ednh; C\u00f4ng ty Lu\u1eadt ANVI; ng\u00e2n h\u00e0ng; t\u00e0i ch\u00ednh ti\u00eau d\u00f9ng\",\"breadcrumb\":{\"@id\":\"https:\/\/anvilaw.com\/vi\/dinh-che-tai-chinh\/#breadcrumb\"},\"inLanguage\":\"en-US\",\"potentialAction\":[{\"@type\":\"ReadAction\",\"target\":[\"https:\/\/anvilaw.com\/vi\/dinh-che-tai-chinh\/\"]}]},{\"@type\":\"ImageObject\",\"inLanguage\":\"en-US\",\"@id\":\"https:\/\/anvilaw.com\/vi\/dinh-che-tai-chinh\/#primaryimage\",\"url\":\"https:\/\/anvilaw.com\/wp-content\/uploads\/2022\/01\/ANVI-2022.01.26-01-450x270.jpg\",\"contentUrl\":\"https:\/\/anvilaw.com\/wp-content\/uploads\/2022\/01\/ANVI-2022.01.26-01-450x270.jpg\"},{\"@type\":\"BreadcrumbList\",\"@id\":\"https:\/\/anvilaw.com\/vi\/dinh-che-tai-chinh\/#breadcrumb\",\"itemListElement\":[{\"@type\":\"ListItem\",\"position\":1,\"name\":\"Home\",\"item\":\"https:\/\/anvilaw.com\/vi\/\"},{\"@type\":\"ListItem\",\"position\":2,\"name\":\"D\u1ecbch v\u1ee5 ph\u00e1p l\u00fd d\u00e0nh cho \u0110\u1ecbnh ch\u1ebf t\u00e0i ch\u00ednh\"}]},{\"@type\":\"WebSite\",\"@id\":\"https:\/\/anvilaw.com\/vi\/#website\",\"url\":\"https:\/\/anvilaw.com\/vi\/\",\"name\":\"ANVI Law Firm - C\u00f4ng ty Lu\u1eadt ANVI\",\"description\":\"C\u00f4ng ty Lu\u1eadt TNHH ANVI - ANVI Law Firm\",\"publisher\":{\"@id\":\"https:\/\/anvilaw.com\/vi\/#organization\"},\"alternateName\":\"anvilaw.com\",\"potentialAction\":[{\"@type\":\"SearchAction\",\"target\":{\"@type\":\"EntryPoint\",\"urlTemplate\":\"https:\/\/anvilaw.com\/vi\/?s={search_term_string}\"},\"query-input\":{\"@type\":\"PropertyValueSpecification\",\"valueRequired\":true,\"valueName\":\"search_term_string\"}}],\"inLanguage\":\"en-US\"},{\"@type\":\"Organization\",\"@id\":\"https:\/\/anvilaw.com\/vi\/#organization\",\"name\":\"C\u00f4ng ty Lu\u1eadt ANVI | ANVI Law Firm\",\"alternateName\":\"ANVI\",\"url\":\"https:\/\/anvilaw.com\/vi\/\",\"logo\":{\"@type\":\"ImageObject\",\"inLanguage\":\"en-US\",\"@id\":\"https:\/\/anvilaw.com\/vi\/#\/schema\/logo\/image\/\",\"url\":\"https:\/\/anvilaw.com\/wp-content\/uploads\/2022\/01\/ANVI-Logo-ca-hinh-va-chu-khong-co-nen-174K-1.png\",\"contentUrl\":\"https:\/\/anvilaw.com\/wp-content\/uploads\/2022\/01\/ANVI-Logo-ca-hinh-va-chu-khong-co-nen-174K-1.png\",\"width\":3493,\"height\":1535,\"caption\":\"C\u00f4ng ty Lu\u1eadt ANVI | ANVI Law Firm\"},\"image\":{\"@id\":\"https:\/\/anvilaw.com\/vi\/#\/schema\/logo\/image\/\"},\"sameAs\":[\"https:\/\/facebook.com\/anvilawfirm\",\"https:\/\/x.com\/anvilawfirm\",\"https:\/\/www.youtube.com\/@anvilawfirm\",\"https:\/\/www.youtube.com\/@lsduc_anvi\"]}]}<\/script>\n<!-- \/ Yoast SEO plugin. -->","yoast_head_json":{"title":"[:vi]D\u1ecbch v\u1ee5 ph\u00e1p l\u00fd d\u00e0nh cho \u0110\u1ecbnh ch\u1ebf t\u00e0i ch\u00ednh[:en]Legal Services for Financial Institutions[:] - ANVI Law Firm","description":"T\u01b0 v\u1ea5n ph\u00e1p lu\u1eadt d\u00e0nh cho t\u1ed5 ch\u1ee9c t\u00e0i ch\u00ednh; \u0111\u1ecbnh ch\u1ebf t\u00e0i ch\u00ednh; C\u00f4ng ty Lu\u1eadt ANVI; ng\u00e2n h\u00e0ng; t\u00e0i ch\u00ednh ti\u00eau d\u00f9ng","robots":{"index":"index","follow":"follow","max-snippet":"max-snippet:-1","max-image-preview":"max-image-preview:large","max-video-preview":"max-video-preview:-1"},"canonical":"https:\/\/anvilaw.com\/vi\/dinh-che-tai-chinh\/","og_locale":"en_US","og_type":"article","og_title":"[:vi]D\u1ecbch v\u1ee5 ph\u00e1p l\u00fd d\u00e0nh cho \u0110\u1ecbnh ch\u1ebf t\u00e0i ch\u00ednh[:en]Legal Services for Financial Institutions[:] - ANVI Law Firm","og_description":"T\u01b0 v\u1ea5n ph\u00e1p lu\u1eadt d\u00e0nh cho t\u1ed5 ch\u1ee9c t\u00e0i ch\u00ednh; \u0111\u1ecbnh ch\u1ebf t\u00e0i ch\u00ednh; C\u00f4ng ty Lu\u1eadt ANVI; ng\u00e2n h\u00e0ng; t\u00e0i ch\u00ednh ti\u00eau d\u00f9ng","og_url":"https:\/\/anvilaw.com\/vi\/dinh-che-tai-chinh\/","og_site_name":"ANVI Law Firm","article_publisher":"https:\/\/facebook.com\/anvilawfirm","article_modified_time":"2026-02-12T09:41:10+00:00","og_image":[{"width":2560,"height":1536,"url":"https:\/\/anvilaw.com\/wp-content\/uploads\/2022\/01\/ANVI-2022.01.26-01.jpg","type":"image\/jpeg"}],"twitter_card":"summary_large_image","twitter_site":"@anvilawfirm","twitter_misc":{"Est. reading time":"2 minutes"},"schema":{"@context":"https:\/\/schema.org","@graph":[{"@type":"WebPage","@id":"https:\/\/anvilaw.com\/vi\/dinh-che-tai-chinh\/","url":"https:\/\/anvilaw.com\/vi\/dinh-che-tai-chinh\/","name":"[:vi]D\u1ecbch v\u1ee5 ph\u00e1p l\u00fd d\u00e0nh cho \u0110\u1ecbnh ch\u1ebf t\u00e0i ch\u00ednh[:en]Legal Services for Financial Institutions[:] - ANVI Law Firm","isPartOf":{"@id":"https:\/\/anvilaw.com\/vi\/#website"},"primaryImageOfPage":{"@id":"https:\/\/anvilaw.com\/vi\/dinh-che-tai-chinh\/#primaryimage"},"image":{"@id":"https:\/\/anvilaw.com\/vi\/dinh-che-tai-chinh\/#primaryimage"},"thumbnailUrl":"https:\/\/anvilaw.com\/wp-content\/uploads\/2022\/01\/ANVI-2022.01.26-01-450x270.jpg","datePublished":"2021-06-22T08:40:10+00:00","dateModified":"2026-02-12T09:41:10+00:00","description":"T\u01b0 v\u1ea5n ph\u00e1p lu\u1eadt d\u00e0nh cho t\u1ed5 ch\u1ee9c t\u00e0i ch\u00ednh; \u0111\u1ecbnh ch\u1ebf t\u00e0i ch\u00ednh; C\u00f4ng ty Lu\u1eadt ANVI; ng\u00e2n h\u00e0ng; t\u00e0i ch\u00ednh ti\u00eau d\u00f9ng","breadcrumb":{"@id":"https:\/\/anvilaw.com\/vi\/dinh-che-tai-chinh\/#breadcrumb"},"inLanguage":"en-US","potentialAction":[{"@type":"ReadAction","target":["https:\/\/anvilaw.com\/vi\/dinh-che-tai-chinh\/"]}]},{"@type":"ImageObject","inLanguage":"en-US","@id":"https:\/\/anvilaw.com\/vi\/dinh-che-tai-chinh\/#primaryimage","url":"https:\/\/anvilaw.com\/wp-content\/uploads\/2022\/01\/ANVI-2022.01.26-01-450x270.jpg","contentUrl":"https:\/\/anvilaw.com\/wp-content\/uploads\/2022\/01\/ANVI-2022.01.26-01-450x270.jpg"},{"@type":"BreadcrumbList","@id":"https:\/\/anvilaw.com\/vi\/dinh-che-tai-chinh\/#breadcrumb","itemListElement":[{"@type":"ListItem","position":1,"name":"Home","item":"https:\/\/anvilaw.com\/vi\/"},{"@type":"ListItem","position":2,"name":"D\u1ecbch v\u1ee5 ph\u00e1p l\u00fd d\u00e0nh cho \u0110\u1ecbnh ch\u1ebf t\u00e0i ch\u00ednh"}]},{"@type":"WebSite","@id":"https:\/\/anvilaw.com\/vi\/#website","url":"https:\/\/anvilaw.com\/vi\/","name":"ANVI Law Firm - C\u00f4ng ty Lu\u1eadt ANVI","description":"C\u00f4ng ty Lu\u1eadt TNHH ANVI - ANVI Law Firm","publisher":{"@id":"https:\/\/anvilaw.com\/vi\/#organization"},"alternateName":"anvilaw.com","potentialAction":[{"@type":"SearchAction","target":{"@type":"EntryPoint","urlTemplate":"https:\/\/anvilaw.com\/vi\/?s={search_term_string}"},"query-input":{"@type":"PropertyValueSpecification","valueRequired":true,"valueName":"search_term_string"}}],"inLanguage":"en-US"},{"@type":"Organization","@id":"https:\/\/anvilaw.com\/vi\/#organization","name":"C\u00f4ng ty Lu\u1eadt ANVI | ANVI Law Firm","alternateName":"ANVI","url":"https:\/\/anvilaw.com\/vi\/","logo":{"@type":"ImageObject","inLanguage":"en-US","@id":"https:\/\/anvilaw.com\/vi\/#\/schema\/logo\/image\/","url":"https:\/\/anvilaw.com\/wp-content\/uploads\/2022\/01\/ANVI-Logo-ca-hinh-va-chu-khong-co-nen-174K-1.png","contentUrl":"https:\/\/anvilaw.com\/wp-content\/uploads\/2022\/01\/ANVI-Logo-ca-hinh-va-chu-khong-co-nen-174K-1.png","width":3493,"height":1535,"caption":"C\u00f4ng ty Lu\u1eadt ANVI | ANVI Law Firm"},"image":{"@id":"https:\/\/anvilaw.com\/vi\/#\/schema\/logo\/image\/"},"sameAs":["https:\/\/facebook.com\/anvilawfirm","https:\/\/x.com\/anvilawfirm","https:\/\/www.youtube.com\/@anvilawfirm","https:\/\/www.youtube.com\/@lsduc_anvi"]}]}},"_links":{"self":[{"href":"https:\/\/anvilaw.com\/en\/wp-json\/wp\/v2\/pages\/438","targetHints":{"allow":["GET"]}}],"collection":[{"href":"https:\/\/anvilaw.com\/en\/wp-json\/wp\/v2\/pages"}],"about":[{"href":"https:\/\/anvilaw.com\/en\/wp-json\/wp\/v2\/types\/page"}],"author":[{"embeddable":true,"href":"https:\/\/anvilaw.com\/en\/wp-json\/wp\/v2\/users\/1"}],"replies":[{"embeddable":true,"href":"https:\/\/anvilaw.com\/en\/wp-json\/wp\/v2\/comments?post=438"}],"version-history":[{"count":15,"href":"https:\/\/anvilaw.com\/en\/wp-json\/wp\/v2\/pages\/438\/revisions"}],"predecessor-version":[{"id":49589,"href":"https:\/\/anvilaw.com\/en\/wp-json\/wp\/v2\/pages\/438\/revisions\/49589"}],"wp:attachment":[{"href":"https:\/\/anvilaw.com\/en\/wp-json\/wp\/v2\/media?parent=438"}],"curies":[{"name":"wp","href":"https:\/\/api.w.org\/{rel}","templated":true}]}}