{"id":96,"date":"2021-02-04T21:52:13","date_gmt":"2021-02-04T14:52:13","guid":{"rendered":"https:\/\/anvilaw.com\/?page_id=96"},"modified":"2026-02-12T16:40:39","modified_gmt":"2026-02-12T09:40:39","slug":"trang-chu","status":"publish","type":"page","link":"https:\/\/anvilaw.com\/en\/","title":{"rendered":"Home"},"content":{"rendered":"<span style=\"color: #713817;\"><strong>ANVI<\/strong> <\/span>is a professional law firm in the field of business law, specializing in providing leading legal services to the business community and enterprises in the Vietnamese market.<\/p>\n<p><span style=\"color: #713817;\"><strong>ANVI<\/strong><\/span>&#8216;s mission is to dedicate our deep and comprehensive understanding of business laws as well as our wide range of knowledge and experience to the business community and entrepreneurs to develop sustainably on the basis of &#8220;Maximizing benefits, minimizing risks&#8221; in favor of our clients.<\/p>\n<p><span style=\"color: #713817;\"><strong>ANVI<\/strong> <\/span> stands side by side with the business community and <span style=\"color: #713817;\"><em><strong>OUR CLIENTS!<\/strong><\/em><\/span><\/p>\n<p style=\"text-align: right;\"><strong>Lawyer Truong Thanh Duc<\/strong><br \/>\nDirector of <span style=\"color: #713817;\"><strong>ANVI<\/strong> <\/span> Law Firm<\/p>\n<p style=\"text-align: right;\"><span style=\"color: #800000;\">____________________________<\/span><\/p>\n<p style=\"text-align: right;\"><span style=\"color: #808080;\">Tel: 098 304 0506<\/span><br \/>\n<span style=\"color: #808080;\">Email: anvi@anvilaw.com<br \/>\nFanpage: <a href=\"http:\/\/https\/\/www.facebook.com\/anvilawfirm\/\"><span style=\"color: #713817;\"><strong>ANVI<\/strong><\/span> Law Firm<\/a><br \/>\nWebsite: https:\/\/anvilaw.com<\/span><br \/>\n<span style=\"color: #808080;\">Address: 2nd floor, Savina Building<em>,<\/em> No. 44 Trang Tien Street, Hoan Kiem Ward, Hanoi City, Vietnam<\/span><\/p>","protected":false},"excerpt":{"rendered":"<p>ANVI is a professional law firm in the field of business law, specializing in providing leading legal services to the business community and enterprises in the Vietnamese market. ANVI&#8216;s mission is to dedicate our deep and comprehensive understanding of business laws as well as our wide range of knowledge and experience to the business community [&hellip;]<\/p>\n","protected":false},"author":1,"featured_media":144,"parent":0,"menu_order":0,"comment_status":"closed","ping_status":"closed","template":"front-page.php","meta":{"_acf_changed":false,"footnotes":""},"class_list":["post-96","page","type-page","status-publish","has-post-thumbnail","hentry"],"acf":[],"yoast_head":"<!-- This site is optimized with the Yoast SEO plugin v27.3 - https:\/\/yoast.com\/product\/yoast-seo-wordpress\/ -->\n<title>Home - ANVI Law Firm<\/title>\n<meta name=\"description\" content=\"C\u00f4ng ty Lu\u1eadt ANVI | ANVI Law Firm | Lu\u1eadt s\u01b0 doanh nghi\u1ec7p | Lu\u1eadt s\u01b0 \u0111\u1ecbnh ch\u1ebf | Lu\u1eadt s\u01b0 c\u00e1 nh\u00e2n | Kinh doanh s\u00e0nh lu\u1eadt | ANVI Law | Lu\u1eadt ANVI\" \/>\n<meta name=\"robots\" content=\"index, follow, max-snippet:-1, max-image-preview:large, max-video-preview:-1\" \/>\n<link rel=\"canonical\" href=\"https:\/\/anvilaw.com\/vi\/\" \/>\n<meta property=\"og:locale\" content=\"en_US\" \/>\n<meta property=\"og:type\" content=\"article\" \/>\n<meta property=\"og:title\" content=\"[:vi]C\u00f4ng ty Lu\u1eadt ANVI | ANVI Law Firm [:en]Home[:] - ANVI Law Firm\" \/>\n<meta property=\"og:description\" content=\"C\u00f4ng ty Lu\u1eadt ANVI | ANVI Law Firm | Lu\u1eadt s\u01b0 doanh nghi\u1ec7p | Lu\u1eadt s\u01b0 \u0111\u1ecbnh ch\u1ebf | Lu\u1eadt s\u01b0 c\u00e1 nh\u00e2n | Kinh doanh s\u00e0nh lu\u1eadt | ANVI Law | Lu\u1eadt ANVI\" \/>\n<meta property=\"og:url\" content=\"https:\/\/anvilaw.com\/vi\/\" \/>\n<meta property=\"og:site_name\" content=\"ANVI Law Firm\" \/>\n<meta property=\"article:publisher\" content=\"https:\/\/facebook.com\/anvilawfirm\" \/>\n<meta property=\"article:modified_time\" content=\"2026-02-12T09:40:39+00:00\" \/>\n<meta property=\"og:image\" content=\"https:\/\/anvilaw.com\/wp-content\/uploads\/2021\/02\/logo_anvi.jpg\" \/>\n\t<meta property=\"og:image:width\" content=\"783\" \/>\n\t<meta property=\"og:image:height\" content=\"783\" \/>\n\t<meta property=\"og:image:type\" content=\"image\/jpeg\" \/>\n<meta name=\"twitter:card\" content=\"summary_large_image\" \/>\n<meta name=\"twitter:site\" content=\"@anvilawfirm\" \/>\n<meta name=\"twitter:label1\" content=\"Est. reading time\" \/>\n\t<meta name=\"twitter:data1\" content=\"2 minutes\" \/>\n<script type=\"application\/ld+json\" class=\"yoast-schema-graph\">{\"@context\":\"https:\\\/\\\/schema.org\",\"@graph\":[{\"@type\":\"WebPage\",\"@id\":\"https:\\\/\\\/anvilaw.com\\\/vi\\\/\",\"url\":\"https:\\\/\\\/anvilaw.com\\\/vi\\\/\",\"name\":\"[:vi]C\u00f4ng ty Lu\u1eadt ANVI | ANVI Law Firm [:en]Home[:] - ANVI Law Firm\",\"isPartOf\":{\"@id\":\"https:\\\/\\\/anvilaw.com\\\/vi\\\/#website\"},\"primaryImageOfPage\":{\"@id\":\"https:\\\/\\\/anvilaw.com\\\/vi\\\/#primaryimage\"},\"image\":{\"@id\":\"https:\\\/\\\/anvilaw.com\\\/vi\\\/#primaryimage\"},\"thumbnailUrl\":\"https:\\\/\\\/anvilaw.com\\\/wp-content\\\/uploads\\\/2021\\\/02\\\/logo_anvi.jpg\",\"datePublished\":\"2021-02-04T14:52:13+00:00\",\"dateModified\":\"2026-02-12T09:40:39+00:00\",\"description\":\"C\u00f4ng ty Lu\u1eadt ANVI | ANVI Law Firm | Lu\u1eadt s\u01b0 doanh nghi\u1ec7p | Lu\u1eadt s\u01b0 \u0111\u1ecbnh ch\u1ebf | Lu\u1eadt s\u01b0 c\u00e1 nh\u00e2n | Kinh doanh s\u00e0nh lu\u1eadt | ANVI Law | Lu\u1eadt ANVI\",\"breadcrumb\":{\"@id\":\"https:\\\/\\\/anvilaw.com\\\/vi\\\/#breadcrumb\"},\"inLanguage\":\"en-US\",\"potentialAction\":[{\"@type\":\"ReadAction\",\"target\":[\"https:\\\/\\\/anvilaw.com\\\/vi\\\/\"]}]},{\"@type\":\"ImageObject\",\"inLanguage\":\"en-US\",\"@id\":\"https:\\\/\\\/anvilaw.com\\\/vi\\\/#primaryimage\",\"url\":\"https:\\\/\\\/anvilaw.com\\\/wp-content\\\/uploads\\\/2021\\\/02\\\/logo_anvi.jpg\",\"contentUrl\":\"https:\\\/\\\/anvilaw.com\\\/wp-content\\\/uploads\\\/2021\\\/02\\\/logo_anvi.jpg\",\"width\":783,\"height\":783,\"caption\":\"Gi\u1edbi thi\u1ec7u ANVI Lu\u1eadt s\u01b0 doanh nghi\u1ec7p\"},{\"@type\":\"BreadcrumbList\",\"@id\":\"https:\\\/\\\/anvilaw.com\\\/vi\\\/#breadcrumb\",\"itemListElement\":[{\"@type\":\"ListItem\",\"position\":1,\"name\":\"Home\",\"item\":\"https:\\\/\\\/anvilaw.com\\\/vi\\\/\"},{\"@type\":\"ListItem\",\"position\":2,\"name\":\"C\u00f4ng ty Lu\u1eadt ANVI | ANVI Law Firm\"}]},{\"@type\":\"WebSite\",\"@id\":\"https:\\\/\\\/anvilaw.com\\\/vi\\\/#website\",\"url\":\"https:\\\/\\\/anvilaw.com\\\/vi\\\/\",\"name\":\"ANVI Law Firm - C\u00f4ng ty Lu\u1eadt ANVI\",\"description\":\"C\u00f4ng ty Lu\u1eadt TNHH ANVI - ANVI Law Firm\",\"publisher\":{\"@id\":\"https:\\\/\\\/anvilaw.com\\\/vi\\\/#organization\"},\"alternateName\":\"anvilaw.com\",\"potentialAction\":[{\"@type\":\"SearchAction\",\"target\":{\"@type\":\"EntryPoint\",\"urlTemplate\":\"https:\\\/\\\/anvilaw.com\\\/vi\\\/?s={search_term_string}\"},\"query-input\":{\"@type\":\"PropertyValueSpecification\",\"valueRequired\":true,\"valueName\":\"search_term_string\"}}],\"inLanguage\":\"en-US\"},{\"@type\":\"Organization\",\"@id\":\"https:\\\/\\\/anvilaw.com\\\/vi\\\/#organization\",\"name\":\"C\u00f4ng ty Lu\u1eadt ANVI | ANVI Law Firm\",\"alternateName\":\"ANVI\",\"url\":\"https:\\\/\\\/anvilaw.com\\\/vi\\\/\",\"logo\":{\"@type\":\"ImageObject\",\"inLanguage\":\"en-US\",\"@id\":\"https:\\\/\\\/anvilaw.com\\\/vi\\\/#\\\/schema\\\/logo\\\/image\\\/\",\"url\":\"https:\\\/\\\/anvilaw.com\\\/wp-content\\\/uploads\\\/2022\\\/01\\\/ANVI-Logo-ca-hinh-va-chu-khong-co-nen-174K-1.png\",\"contentUrl\":\"https:\\\/\\\/anvilaw.com\\\/wp-content\\\/uploads\\\/2022\\\/01\\\/ANVI-Logo-ca-hinh-va-chu-khong-co-nen-174K-1.png\",\"width\":3493,\"height\":1535,\"caption\":\"C\u00f4ng ty Lu\u1eadt ANVI | ANVI Law Firm\"},\"image\":{\"@id\":\"https:\\\/\\\/anvilaw.com\\\/vi\\\/#\\\/schema\\\/logo\\\/image\\\/\"},\"sameAs\":[\"https:\\\/\\\/facebook.com\\\/anvilawfirm\",\"https:\\\/\\\/x.com\\\/anvilawfirm\",\"https:\\\/\\\/www.youtube.com\\\/@anvilawfirm\",\"https:\\\/\\\/www.youtube.com\\\/@lsduc_anvi\"]}]}<\/script>\n<!-- \/ Yoast SEO plugin. -->","yoast_head_json":{"title":"[:vi]C\u00f4ng ty Lu\u1eadt ANVI | ANVI Law Firm [:en]Home[:] - ANVI Law Firm","description":"C\u00f4ng ty Lu\u1eadt ANVI | ANVI Law Firm | Lu\u1eadt s\u01b0 doanh nghi\u1ec7p | Lu\u1eadt s\u01b0 \u0111\u1ecbnh ch\u1ebf | Lu\u1eadt s\u01b0 c\u00e1 nh\u00e2n | Kinh doanh s\u00e0nh lu\u1eadt | ANVI Law | Lu\u1eadt ANVI","robots":{"index":"index","follow":"follow","max-snippet":"max-snippet:-1","max-image-preview":"max-image-preview:large","max-video-preview":"max-video-preview:-1"},"canonical":"https:\/\/anvilaw.com\/vi\/","og_locale":"en_US","og_type":"article","og_title":"[:vi]C\u00f4ng ty Lu\u1eadt ANVI | ANVI Law Firm [:en]Home[:] - ANVI Law Firm","og_description":"C\u00f4ng ty Lu\u1eadt ANVI | ANVI Law Firm | Lu\u1eadt s\u01b0 doanh nghi\u1ec7p | Lu\u1eadt s\u01b0 \u0111\u1ecbnh ch\u1ebf | Lu\u1eadt s\u01b0 c\u00e1 nh\u00e2n | Kinh doanh s\u00e0nh lu\u1eadt | ANVI Law | Lu\u1eadt ANVI","og_url":"https:\/\/anvilaw.com\/vi\/","og_site_name":"ANVI Law Firm","article_publisher":"https:\/\/facebook.com\/anvilawfirm","article_modified_time":"2026-02-12T09:40:39+00:00","og_image":[{"width":783,"height":783,"url":"https:\/\/anvilaw.com\/wp-content\/uploads\/2021\/02\/logo_anvi.jpg","type":"image\/jpeg"}],"twitter_card":"summary_large_image","twitter_site":"@anvilawfirm","twitter_misc":{"Est. reading time":"2 minutes"},"schema":{"@context":"https:\/\/schema.org","@graph":[{"@type":"WebPage","@id":"https:\/\/anvilaw.com\/vi\/","url":"https:\/\/anvilaw.com\/vi\/","name":"[:vi]C\u00f4ng ty Lu\u1eadt ANVI | ANVI Law Firm [:en]Home[:] - ANVI Law Firm","isPartOf":{"@id":"https:\/\/anvilaw.com\/vi\/#website"},"primaryImageOfPage":{"@id":"https:\/\/anvilaw.com\/vi\/#primaryimage"},"image":{"@id":"https:\/\/anvilaw.com\/vi\/#primaryimage"},"thumbnailUrl":"https:\/\/anvilaw.com\/wp-content\/uploads\/2021\/02\/logo_anvi.jpg","datePublished":"2021-02-04T14:52:13+00:00","dateModified":"2026-02-12T09:40:39+00:00","description":"C\u00f4ng ty Lu\u1eadt ANVI | ANVI Law Firm | Lu\u1eadt s\u01b0 doanh nghi\u1ec7p | Lu\u1eadt s\u01b0 \u0111\u1ecbnh ch\u1ebf | Lu\u1eadt s\u01b0 c\u00e1 nh\u00e2n | Kinh doanh s\u00e0nh lu\u1eadt | ANVI Law | Lu\u1eadt ANVI","breadcrumb":{"@id":"https:\/\/anvilaw.com\/vi\/#breadcrumb"},"inLanguage":"en-US","potentialAction":[{"@type":"ReadAction","target":["https:\/\/anvilaw.com\/vi\/"]}]},{"@type":"ImageObject","inLanguage":"en-US","@id":"https:\/\/anvilaw.com\/vi\/#primaryimage","url":"https:\/\/anvilaw.com\/wp-content\/uploads\/2021\/02\/logo_anvi.jpg","contentUrl":"https:\/\/anvilaw.com\/wp-content\/uploads\/2021\/02\/logo_anvi.jpg","width":783,"height":783,"caption":"Gi\u1edbi thi\u1ec7u ANVI Lu\u1eadt s\u01b0 doanh nghi\u1ec7p"},{"@type":"BreadcrumbList","@id":"https:\/\/anvilaw.com\/vi\/#breadcrumb","itemListElement":[{"@type":"ListItem","position":1,"name":"Home","item":"https:\/\/anvilaw.com\/vi\/"},{"@type":"ListItem","position":2,"name":"C\u00f4ng ty Lu\u1eadt ANVI | ANVI Law Firm"}]},{"@type":"WebSite","@id":"https:\/\/anvilaw.com\/vi\/#website","url":"https:\/\/anvilaw.com\/vi\/","name":"ANVI Law Firm - C\u00f4ng ty Lu\u1eadt ANVI","description":"C\u00f4ng ty Lu\u1eadt TNHH ANVI - ANVI Law Firm","publisher":{"@id":"https:\/\/anvilaw.com\/vi\/#organization"},"alternateName":"anvilaw.com","potentialAction":[{"@type":"SearchAction","target":{"@type":"EntryPoint","urlTemplate":"https:\/\/anvilaw.com\/vi\/?s={search_term_string}"},"query-input":{"@type":"PropertyValueSpecification","valueRequired":true,"valueName":"search_term_string"}}],"inLanguage":"en-US"},{"@type":"Organization","@id":"https:\/\/anvilaw.com\/vi\/#organization","name":"C\u00f4ng ty Lu\u1eadt ANVI | ANVI Law Firm","alternateName":"ANVI","url":"https:\/\/anvilaw.com\/vi\/","logo":{"@type":"ImageObject","inLanguage":"en-US","@id":"https:\/\/anvilaw.com\/vi\/#\/schema\/logo\/image\/","url":"https:\/\/anvilaw.com\/wp-content\/uploads\/2022\/01\/ANVI-Logo-ca-hinh-va-chu-khong-co-nen-174K-1.png","contentUrl":"https:\/\/anvilaw.com\/wp-content\/uploads\/2022\/01\/ANVI-Logo-ca-hinh-va-chu-khong-co-nen-174K-1.png","width":3493,"height":1535,"caption":"C\u00f4ng ty Lu\u1eadt ANVI | ANVI Law Firm"},"image":{"@id":"https:\/\/anvilaw.com\/vi\/#\/schema\/logo\/image\/"},"sameAs":["https:\/\/facebook.com\/anvilawfirm","https:\/\/x.com\/anvilawfirm","https:\/\/www.youtube.com\/@anvilawfirm","https:\/\/www.youtube.com\/@lsduc_anvi"]}]}},"_links":{"self":[{"href":"https:\/\/anvilaw.com\/en\/wp-json\/wp\/v2\/pages\/96","targetHints":{"allow":["GET"]}}],"collection":[{"href":"https:\/\/anvilaw.com\/en\/wp-json\/wp\/v2\/pages"}],"about":[{"href":"https:\/\/anvilaw.com\/en\/wp-json\/wp\/v2\/types\/page"}],"author":[{"embeddable":true,"href":"https:\/\/anvilaw.com\/en\/wp-json\/wp\/v2\/users\/1"}],"replies":[{"embeddable":true,"href":"https:\/\/anvilaw.com\/en\/wp-json\/wp\/v2\/comments?post=96"}],"version-history":[{"count":10,"href":"https:\/\/anvilaw.com\/en\/wp-json\/wp\/v2\/pages\/96\/revisions"}],"predecessor-version":[{"id":49588,"href":"https:\/\/anvilaw.com\/en\/wp-json\/wp\/v2\/pages\/96\/revisions\/49588"}],"wp:featuredmedia":[{"embeddable":true,"href":"https:\/\/anvilaw.com\/en\/wp-json\/wp\/v2\/media\/144"}],"wp:attachment":[{"href":"https:\/\/anvilaw.com\/en\/wp-json\/wp\/v2\/media?parent=96"}],"curies":[{"name":"wp","href":"https:\/\/api.w.org\/{rel}","templated":true}]}}