{"id":974,"date":"2022-01-15T19:05:29","date_gmt":"2022-01-15T12:05:29","guid":{"rendered":"https:\/\/anvilaw.com\/vi\/?page_id=974"},"modified":"2026-02-12T16:43:09","modified_gmt":"2026-02-12T09:43:09","slug":"quy-dinh-su-dung-website-anvi","status":"publish","type":"page","link":"https:\/\/anvilaw.com\/en\/tieng-viet-quy-dinh-su-dung-website-anvi\/","title":{"rendered":"ANVI website terms of use"},"content":{"rendered":"<h1><span style=\"color: #713817;\"><b>ANVI website terms of use<\/b><\/span><\/h1>\n<p>The Website with domain name &#8220;<strong>anvilaw<\/strong><strong>.com<\/strong>&#8221; and \u201c<strong>anvilaw.vn<\/strong>\u201d are the property of <span style=\"color: #713817;\"><strong>ANVI Law Firm<\/strong> <\/span><strong>(<\/strong><span style=\"color: #713817;\"><strong>ANVI<\/strong><\/span><strong>)<\/strong>. Accessing the Website means that you agree to be bound by the following terms:<\/p>\n<p>&nbsp;<\/p>\n<h3><span style=\"color: #f39f31;\"><strong>Contents of ANVI<\/strong> <strong>Website<\/strong><\/span><\/h3>\n<p>Contents of this Website including all or partial section such as trademarks, brand, images, symbols, logos, marks, softwares, documents and others are <span style=\"color: #713817;\"><strong>ANVI<\/strong><\/span>\u2019s asset and\/or under its relative control.<\/p>\n<p><strong><span style=\"color: #713817;\">ANVI<\/span><\/strong>\u2019s trademarks, with its logos, names, colors, and marks displayed on this Website are protected by <span style=\"color: #713817;\"><strong>ANVI\u00a0<\/strong><\/span>according to the Vietnamese law.<\/p>\n<p>As the legal owner of all of the contents displayed on the Website, <span style=\"color: #713817;\"><strong>ANVI<\/strong><\/span> has total right of amendment, supplement or removal of any content of this website without any notification. Contents of products and\/or services displayed on this Website are for the provision of information only. <span style=\"color: #713817;\"><strong>ANVI<\/strong><\/span> has the right to postpone, amend and stop providing services via the website.<\/p>\n<p>No one is allowed to change, remove, cancel, tamper, copy, disclose, display, illegally move and use for commercial or public purposes, partial or in the entirety of these contents, which do not have written approval of <span style=\"color: #713817;\"><strong>ANVI<\/strong><\/span> in advance. Any use of this content is considered legal only if it meets following conditions:<\/p>\n<ul>\n<li>For the purpose of commerce with<strong> <span style=\"color: #713817;\">ANVI<\/span><\/strong>;<\/li>\n<li>Not to be used for purposes that violate laws, ethics, fine customs and traditions;<\/li>\n<li>Not to be used to negatively affect the image, brand and reputation of <strong><span style=\"color: #713817;\">ANVI<\/span><\/strong>;<\/li>\n<li>Cite and refer to the original links\/materials on this Website, ensure the Integrity of Information and <strong><span style=\"color: #713817;\">ANVI<\/span><\/strong>\u2019s copyright of its intellectual property on this Website.<\/li>\n<\/ul>\n<h3><strong><span style=\"color: #713817;\">Access and use<\/span><\/strong><\/h3>\n<p><span style=\"color: #713817;\"><strong>ANVI<\/strong><\/span> prohibits unauthorized use of this Website, including but not limited to, unauthorized access, misuse of passwords or any information, documents posted on the page. In case of detecting any unauthorized access and use of the Website, <span style=\"color: #713817;\"><strong>ANVI<\/strong><\/span> may immediately terminate this agreement and \/ or access to the customer&#8217;s Webpage at any time without prior notice and ask for compensation of damage (if any).<\/p>\n<h3><strong><span style=\"color: #f39f31;\">E-mail\/ Service Request Form<\/span><\/strong><\/h3>\n<p><span style=\"color: #713817;\"><strong>ANVI<\/strong><\/span> does not warrant that email\/Service Request Form sent to <span style=\"color: #713817;\"><strong>ANVI<\/strong><\/span> via the Internet will be guaranteed confidentiality. <span style=\"color: #713817;\"><strong>ANVI<\/strong><\/span> will not be liable for any damages to the user if he\/she use an insecure email\/Service Request Form to contact with <span style=\"color: #713817;\"><strong>ANVI<\/strong><\/span>. <span style=\"color: #713817;\"><strong>ANVI<\/strong><\/span> is not responsible for damage incurred directly, indirectly from the use of the Website that does not follow the terms of use, <span style=\"color: #713817;\"><strong>ANVI<\/strong><\/span>\u2019s instruction and\/or rules of information security.<\/p>\n<h3><strong><span style=\"color: #713817;\">Limit of liability<\/span><\/strong><\/h3>\n<p>With responsibilities under any condition or warranty that can not be excluded by the law, will be limited by <span style=\"color: #713817;\"><strong>ANVI<\/strong><\/span>\u2019s options to replace, repair, re-supply of products and services or payment for expenses to re-supply or repair such products.<\/p>\n<p><span style=\"color: #713817;\"><strong>ANVI<\/strong><\/span>, within the limits allowed by the law, in any case, will not be liable for any damages, losses directly or indirectly incurred relating to this Website and \/ or other websites linked to or from any party to use or not able to use the Web page due to error, mistake, interruption, delay in operation or transmission, caused by viruses, system failures or transmission line.<\/p>\n<p>With its maximum caution and effort, the information and materials on the Website was developed by <span style=\"color: #713817;\"><strong>ANVI<\/strong><\/span>. However, <span style=\"color: #713817;\"><strong>ANVI<\/strong><\/span> will not warrant the accuracy, relevance and completeness of the contents displayed on the Website, and within the limits allowed by the law, no commitment from <span style=\"color: #713817;\"><strong>ANVI<\/strong><\/span> will be made for errors or omissions in the information and documents, nor guarantee not to violate the rights, property rights of third parties, orcomputer virus infection of this Site.<\/p>\n<p>With regards to the transmission process and download of information, <span style=\"color: #713817;\"><strong>ANVI<\/strong><\/span> does not warrant that the system is free of delay, interruption, defect, loss of transmission signal caused by the transmitting equipment which is not under the control of the <span style=\"color: #713817;\"><strong>ANVI<\/strong><\/span>, nor viruses or infection from harmful programs which damage the computer systems.<\/p>\n<p>In order to download any file or information safely, please use appropriate equipment, protection programs and run anti-virus scans and \/ or other anti-malicious programs.<\/p>\n<h3><strong><span style=\"color: #f39f31;\">Linked Websites<\/span><\/strong><\/h3>\n<p><span style=\"color: #713817;\"><strong>ANVI<\/strong><\/span> is not responsible for any information, documents, products, services and contents posted, furnished from other sites linked to this Website and their safety and security. By accessing and using the other links, you must follow the prescribed use and regulations on safety and security of that site, and take responsibility for losses, damage incurred from accessing and\/or relating to it.<\/p>\n<h2><a href=\"https:\/\/anvilaw.com\/vi\/chinh-sach-bao-mat\/\"><strong><span style=\"color: #713817;\">Safety and Security&#8230;<\/span><\/strong><\/a><\/h2>\n<p style=\"text-align: right;\"><strong>Lawyer Truong Thanh Duc<\/strong><br \/>\nDirector of <span style=\"color: #713817;\"><strong>ANVI<\/strong> <\/span> Law Firm<\/p>\n<p style=\"text-align: right;\"><span style=\"color: #800000;\">____________________________<\/span><\/p>\n<p style=\"text-align: right;\"><span style=\"color: #808080;\">Tel: 098 304 0506<\/span><br \/>\n<span style=\"color: #808080;\">Email: anvi@anvilaw.com<br \/>\nFanpage: <a href=\"http:\/\/https\/\/www.facebook.com\/anvilawfirm\/\"><span style=\"color: #713817;\"><strong>ANVI<\/strong><\/span> Law Firm<\/a><br \/>\nWebsite: https:\/\/anvilaw.com<\/span><br \/>\n<span style=\"color: #808080;\">Address: 2nd floor, Savina Building<em>,<\/em> No. 44 Trang Tien Street, Hoan Kiem Ward, Hanoi City, Vietnam<\/span><\/p>\n<p>&nbsp;<\/p>\n<p>&nbsp;","protected":false},"excerpt":{"rendered":"<p>ANVI website terms of use The Website with domain name &#8220;anvilaw.com&#8221; and \u201canvilaw.vn\u201d are the property of ANVI Law Firm (ANVI). Accessing the Website means that you agree to be bound by the following terms: &nbsp; Contents of ANVI Website Contents of this Website including all or partial section such as trademarks, brand, images, symbols, [&hellip;]<\/p>\n","protected":false},"author":1,"featured_media":0,"parent":0,"menu_order":0,"comment_status":"closed","ping_status":"closed","template":"","meta":{"_acf_changed":false,"footnotes":""},"class_list":["post-974","page","type-page","status-publish","hentry"],"acf":[],"yoast_head":"<!-- This site is optimized with the Yoast SEO plugin v27.3 - https:\/\/yoast.com\/product\/yoast-seo-wordpress\/ -->\n<title>ANVI website terms of use - ANVI Law Firm<\/title>\n<meta name=\"description\" content=\"Quy \u0111\u1ecbnh s\u1eed d\u1ee5ng website ANVI | C\u00f4ng ty Lu\u1eadt ANVI | Lu\u1eadt s\u01b0 doanh nghi\u1ec7p | Kinh doanh s\u00e0nh lu\u1eadt | Lu\u1eadt s\u01b0 h\u00e0ng \u0111\u1ea7u v\u1ec1 t\u00e0i ch\u00ednh ng\u00e2n h\u00e0ng.\" \/>\n<meta name=\"robots\" content=\"index, follow, max-snippet:-1, max-image-preview:large, max-video-preview:-1\" \/>\n<link rel=\"canonical\" href=\"https:\/\/anvilaw.com\/vi\/quy-dinh-su-dung-website-anvi\/\" \/>\n<meta property=\"og:locale\" content=\"en_US\" \/>\n<meta property=\"og:type\" content=\"article\" \/>\n<meta property=\"og:title\" content=\"[:vi]Quy \u0111\u1ecbnh s\u1eed d\u1ee5ng[:en]ANVI website terms of use[:] - ANVI Law Firm\" \/>\n<meta property=\"og:description\" content=\"Quy \u0111\u1ecbnh s\u1eed d\u1ee5ng website ANVI | C\u00f4ng ty Lu\u1eadt ANVI | Lu\u1eadt s\u01b0 doanh nghi\u1ec7p | Kinh doanh s\u00e0nh lu\u1eadt | Lu\u1eadt s\u01b0 h\u00e0ng \u0111\u1ea7u v\u1ec1 t\u00e0i ch\u00ednh ng\u00e2n h\u00e0ng.\" \/>\n<meta property=\"og:url\" content=\"https:\/\/anvilaw.com\/vi\/quy-dinh-su-dung-website-anvi\/\" \/>\n<meta property=\"og:site_name\" content=\"ANVI Law Firm\" \/>\n<meta property=\"article:publisher\" content=\"https:\/\/facebook.com\/anvilawfirm\" \/>\n<meta property=\"article:modified_time\" content=\"2026-02-12T09:43:09+00:00\" \/>\n<meta property=\"og:image\" content=\"https:\/\/anvilaw.com\/wp-content\/uploads\/2022\/01\/logo-ANVI-full-4x2cm.png\" \/>\n\t<meta property=\"og:image:width\" content=\"354\" \/>\n\t<meta property=\"og:image:height\" content=\"176\" \/>\n\t<meta property=\"og:image:type\" content=\"image\/png\" \/>\n<meta name=\"twitter:card\" content=\"summary_large_image\" \/>\n<meta name=\"twitter:site\" content=\"@anvilawfirm\" \/>\n<meta name=\"twitter:label1\" content=\"Est. reading time\" \/>\n\t<meta name=\"twitter:data1\" content=\"5 minutes\" \/>\n<script type=\"application\/ld+json\" class=\"yoast-schema-graph\">{\"@context\":\"https:\\\/\\\/schema.org\",\"@graph\":[{\"@type\":\"WebPage\",\"@id\":\"https:\\\/\\\/anvilaw.com\\\/vi\\\/quy-dinh-su-dung-website-anvi\\\/\",\"url\":\"https:\\\/\\\/anvilaw.com\\\/vi\\\/quy-dinh-su-dung-website-anvi\\\/\",\"name\":\"[:vi]Quy \u0111\u1ecbnh s\u1eed d\u1ee5ng[:en]ANVI website terms of use[:] - ANVI Law Firm\",\"isPartOf\":{\"@id\":\"https:\\\/\\\/anvilaw.com\\\/vi\\\/#website\"},\"datePublished\":\"2022-01-15T12:05:29+00:00\",\"dateModified\":\"2026-02-12T09:43:09+00:00\",\"description\":\"Quy \u0111\u1ecbnh s\u1eed d\u1ee5ng website ANVI | C\u00f4ng ty Lu\u1eadt ANVI | Lu\u1eadt s\u01b0 doanh nghi\u1ec7p | Kinh doanh s\u00e0nh lu\u1eadt | Lu\u1eadt s\u01b0 h\u00e0ng \u0111\u1ea7u v\u1ec1 t\u00e0i ch\u00ednh ng\u00e2n h\u00e0ng.\",\"breadcrumb\":{\"@id\":\"https:\\\/\\\/anvilaw.com\\\/vi\\\/quy-dinh-su-dung-website-anvi\\\/#breadcrumb\"},\"inLanguage\":\"en-US\",\"potentialAction\":[{\"@type\":\"ReadAction\",\"target\":[\"https:\\\/\\\/anvilaw.com\\\/vi\\\/quy-dinh-su-dung-website-anvi\\\/\"]}]},{\"@type\":\"BreadcrumbList\",\"@id\":\"https:\\\/\\\/anvilaw.com\\\/vi\\\/quy-dinh-su-dung-website-anvi\\\/#breadcrumb\",\"itemListElement\":[{\"@type\":\"ListItem\",\"position\":1,\"name\":\"Home\",\"item\":\"https:\\\/\\\/anvilaw.com\\\/vi\\\/\"},{\"@type\":\"ListItem\",\"position\":2,\"name\":\"Quy \u0111\u1ecbnh s\u1eed d\u1ee5ng\"}]},{\"@type\":\"WebSite\",\"@id\":\"https:\\\/\\\/anvilaw.com\\\/vi\\\/#website\",\"url\":\"https:\\\/\\\/anvilaw.com\\\/vi\\\/\",\"name\":\"ANVI Law Firm - C\u00f4ng ty Lu\u1eadt ANVI\",\"description\":\"C\u00f4ng ty Lu\u1eadt TNHH ANVI - ANVI Law Firm\",\"publisher\":{\"@id\":\"https:\\\/\\\/anvilaw.com\\\/vi\\\/#organization\"},\"alternateName\":\"anvilaw.com\",\"potentialAction\":[{\"@type\":\"SearchAction\",\"target\":{\"@type\":\"EntryPoint\",\"urlTemplate\":\"https:\\\/\\\/anvilaw.com\\\/vi\\\/?s={search_term_string}\"},\"query-input\":{\"@type\":\"PropertyValueSpecification\",\"valueRequired\":true,\"valueName\":\"search_term_string\"}}],\"inLanguage\":\"en-US\"},{\"@type\":\"Organization\",\"@id\":\"https:\\\/\\\/anvilaw.com\\\/vi\\\/#organization\",\"name\":\"C\u00f4ng ty Lu\u1eadt ANVI | ANVI Law Firm\",\"alternateName\":\"ANVI\",\"url\":\"https:\\\/\\\/anvilaw.com\\\/vi\\\/\",\"logo\":{\"@type\":\"ImageObject\",\"inLanguage\":\"en-US\",\"@id\":\"https:\\\/\\\/anvilaw.com\\\/vi\\\/#\\\/schema\\\/logo\\\/image\\\/\",\"url\":\"https:\\\/\\\/anvilaw.com\\\/wp-content\\\/uploads\\\/2022\\\/01\\\/ANVI-Logo-ca-hinh-va-chu-khong-co-nen-174K-1.png\",\"contentUrl\":\"https:\\\/\\\/anvilaw.com\\\/wp-content\\\/uploads\\\/2022\\\/01\\\/ANVI-Logo-ca-hinh-va-chu-khong-co-nen-174K-1.png\",\"width\":3493,\"height\":1535,\"caption\":\"C\u00f4ng ty Lu\u1eadt ANVI | ANVI Law Firm\"},\"image\":{\"@id\":\"https:\\\/\\\/anvilaw.com\\\/vi\\\/#\\\/schema\\\/logo\\\/image\\\/\"},\"sameAs\":[\"https:\\\/\\\/facebook.com\\\/anvilawfirm\",\"https:\\\/\\\/x.com\\\/anvilawfirm\",\"https:\\\/\\\/www.youtube.com\\\/@anvilawfirm\",\"https:\\\/\\\/www.youtube.com\\\/@lsduc_anvi\"]}]}<\/script>\n<!-- \/ Yoast SEO plugin. -->","yoast_head_json":{"title":"[:vi]Quy \u0111\u1ecbnh s\u1eed d\u1ee5ng[:en]ANVI website terms of use[:] - ANVI Law Firm","description":"Quy \u0111\u1ecbnh s\u1eed d\u1ee5ng website ANVI | C\u00f4ng ty Lu\u1eadt ANVI | Lu\u1eadt s\u01b0 doanh nghi\u1ec7p | Kinh doanh s\u00e0nh lu\u1eadt | Lu\u1eadt s\u01b0 h\u00e0ng \u0111\u1ea7u v\u1ec1 t\u00e0i ch\u00ednh ng\u00e2n h\u00e0ng.","robots":{"index":"index","follow":"follow","max-snippet":"max-snippet:-1","max-image-preview":"max-image-preview:large","max-video-preview":"max-video-preview:-1"},"canonical":"https:\/\/anvilaw.com\/vi\/quy-dinh-su-dung-website-anvi\/","og_locale":"en_US","og_type":"article","og_title":"[:vi]Quy \u0111\u1ecbnh s\u1eed d\u1ee5ng[:en]ANVI website terms of use[:] - ANVI Law Firm","og_description":"Quy \u0111\u1ecbnh s\u1eed d\u1ee5ng website ANVI | C\u00f4ng ty Lu\u1eadt ANVI | Lu\u1eadt s\u01b0 doanh nghi\u1ec7p | Kinh doanh s\u00e0nh lu\u1eadt | Lu\u1eadt s\u01b0 h\u00e0ng \u0111\u1ea7u v\u1ec1 t\u00e0i ch\u00ednh ng\u00e2n h\u00e0ng.","og_url":"https:\/\/anvilaw.com\/vi\/quy-dinh-su-dung-website-anvi\/","og_site_name":"ANVI Law Firm","article_publisher":"https:\/\/facebook.com\/anvilawfirm","article_modified_time":"2026-02-12T09:43:09+00:00","og_image":[{"width":354,"height":176,"url":"https:\/\/anvilaw.com\/wp-content\/uploads\/2022\/01\/logo-ANVI-full-4x2cm.png","type":"image\/png"}],"twitter_card":"summary_large_image","twitter_site":"@anvilawfirm","twitter_misc":{"Est. reading time":"5 minutes"},"schema":{"@context":"https:\/\/schema.org","@graph":[{"@type":"WebPage","@id":"https:\/\/anvilaw.com\/vi\/quy-dinh-su-dung-website-anvi\/","url":"https:\/\/anvilaw.com\/vi\/quy-dinh-su-dung-website-anvi\/","name":"[:vi]Quy \u0111\u1ecbnh s\u1eed d\u1ee5ng[:en]ANVI website terms of use[:] - ANVI Law Firm","isPartOf":{"@id":"https:\/\/anvilaw.com\/vi\/#website"},"datePublished":"2022-01-15T12:05:29+00:00","dateModified":"2026-02-12T09:43:09+00:00","description":"Quy \u0111\u1ecbnh s\u1eed d\u1ee5ng website ANVI | C\u00f4ng ty Lu\u1eadt ANVI | Lu\u1eadt s\u01b0 doanh nghi\u1ec7p | Kinh doanh s\u00e0nh lu\u1eadt | Lu\u1eadt s\u01b0 h\u00e0ng \u0111\u1ea7u v\u1ec1 t\u00e0i ch\u00ednh ng\u00e2n h\u00e0ng.","breadcrumb":{"@id":"https:\/\/anvilaw.com\/vi\/quy-dinh-su-dung-website-anvi\/#breadcrumb"},"inLanguage":"en-US","potentialAction":[{"@type":"ReadAction","target":["https:\/\/anvilaw.com\/vi\/quy-dinh-su-dung-website-anvi\/"]}]},{"@type":"BreadcrumbList","@id":"https:\/\/anvilaw.com\/vi\/quy-dinh-su-dung-website-anvi\/#breadcrumb","itemListElement":[{"@type":"ListItem","position":1,"name":"Home","item":"https:\/\/anvilaw.com\/vi\/"},{"@type":"ListItem","position":2,"name":"Quy \u0111\u1ecbnh s\u1eed d\u1ee5ng"}]},{"@type":"WebSite","@id":"https:\/\/anvilaw.com\/vi\/#website","url":"https:\/\/anvilaw.com\/vi\/","name":"ANVI Law Firm - C\u00f4ng ty Lu\u1eadt ANVI","description":"C\u00f4ng ty Lu\u1eadt TNHH ANVI - ANVI Law Firm","publisher":{"@id":"https:\/\/anvilaw.com\/vi\/#organization"},"alternateName":"anvilaw.com","potentialAction":[{"@type":"SearchAction","target":{"@type":"EntryPoint","urlTemplate":"https:\/\/anvilaw.com\/vi\/?s={search_term_string}"},"query-input":{"@type":"PropertyValueSpecification","valueRequired":true,"valueName":"search_term_string"}}],"inLanguage":"en-US"},{"@type":"Organization","@id":"https:\/\/anvilaw.com\/vi\/#organization","name":"C\u00f4ng ty Lu\u1eadt ANVI | ANVI Law Firm","alternateName":"ANVI","url":"https:\/\/anvilaw.com\/vi\/","logo":{"@type":"ImageObject","inLanguage":"en-US","@id":"https:\/\/anvilaw.com\/vi\/#\/schema\/logo\/image\/","url":"https:\/\/anvilaw.com\/wp-content\/uploads\/2022\/01\/ANVI-Logo-ca-hinh-va-chu-khong-co-nen-174K-1.png","contentUrl":"https:\/\/anvilaw.com\/wp-content\/uploads\/2022\/01\/ANVI-Logo-ca-hinh-va-chu-khong-co-nen-174K-1.png","width":3493,"height":1535,"caption":"C\u00f4ng ty Lu\u1eadt ANVI | ANVI Law Firm"},"image":{"@id":"https:\/\/anvilaw.com\/vi\/#\/schema\/logo\/image\/"},"sameAs":["https:\/\/facebook.com\/anvilawfirm","https:\/\/x.com\/anvilawfirm","https:\/\/www.youtube.com\/@anvilawfirm","https:\/\/www.youtube.com\/@lsduc_anvi"]}]}},"_links":{"self":[{"href":"https:\/\/anvilaw.com\/en\/wp-json\/wp\/v2\/pages\/974","targetHints":{"allow":["GET"]}}],"collection":[{"href":"https:\/\/anvilaw.com\/en\/wp-json\/wp\/v2\/pages"}],"about":[{"href":"https:\/\/anvilaw.com\/en\/wp-json\/wp\/v2\/types\/page"}],"author":[{"embeddable":true,"href":"https:\/\/anvilaw.com\/en\/wp-json\/wp\/v2\/users\/1"}],"replies":[{"embeddable":true,"href":"https:\/\/anvilaw.com\/en\/wp-json\/wp\/v2\/comments?post=974"}],"version-history":[{"count":9,"href":"https:\/\/anvilaw.com\/en\/wp-json\/wp\/v2\/pages\/974\/revisions"}],"predecessor-version":[{"id":49592,"href":"https:\/\/anvilaw.com\/en\/wp-json\/wp\/v2\/pages\/974\/revisions\/49592"}],"wp:attachment":[{"href":"https:\/\/anvilaw.com\/en\/wp-json\/wp\/v2\/media?parent=974"}],"curies":[{"name":"wp","href":"https:\/\/api.w.org\/{rel}","templated":true}]}}