{"id":3,"date":"2021-01-16T05:03:32","date_gmt":"2021-01-16T05:03:32","guid":{"rendered":"https:\/\/anvilaw.com\/?page_id=3"},"modified":"2026-02-12T16:39:25","modified_gmt":"2026-02-12T09:39:25","slug":"chinh-sach-bao-mat","status":"publish","type":"page","link":"https:\/\/anvilaw.com\/vi\/chinh-sach-bao-mat\/","title":{"rendered":"Ch\u00ednh s\u00e1ch b\u1ea3o m\u1eadt"},"content":{"rendered":"<h1><span style=\"color: #713817;\">QUY \u0110\u1ecaNH V\u1ec0 AN TO\u00c0N V\u00c0 B\u1ea2O M\u1eacT<\/span><\/h1>\n<p><a href=\"https:\/\/anvilaw.com\/vi\/\"><strong><span style=\"color: #713817;\">ANVI<\/span><\/strong><\/a> lu\u00f4n hi\u1ec3u r\u1eb1ng khi truy c\u1eadp v\u00e0 s\u1eed d\u1ee5ng website c\u1ee7a <strong><span style=\"color: #713817;\">ANVI<\/span><\/strong> (<a href=\"https:\/\/anvilaw.com\/vi\/\">Web <strong><span style=\"color: #713817;\">ANVI<\/span><\/strong><\/a>), Qu\u00fd kh\u00e1ch lu\u00f4n quan t\u00e2m v\u00e0 c\u00e2n nh\u1eafc v\u1ea5n \u0111\u1ec1 b\u1ea3o m\u1eadt th\u00f4ng tin c\u00e1 nh\u00e2n. <strong><span style=\"color: #713817;\">ANVI<\/span><\/strong> s\u1ebd th\u1ef1c hi\u1ec7n vi\u1ec7c b\u1ea3o m\u1eadt c\u00e1c th\u00f4ng tin c\u00e1 nh\u00e2n c\u1ee7a Qu\u00fd kh\u00e1ch v\u1edbi s\u1ef1 tu\u00e2n th\u1ee7 c\u00e1c quy \u0111\u1ecbnh c\u1ee7a ph\u00e1p lu\u1eadt Vi\u1ec7t Nam v\u00e0 n\u1ed7 l\u1ef1c cao nh\u1ea5t.<\/p>\n<h3><span style=\"color: #f39f31;\">Nguy\u00ean t\u1eafc b\u1ea3o m\u1eadt<\/span><\/h3>\n<p>Nh\u1eefng th\u00f4ng tin <strong><span style=\"color: #713817;\">ANVI<\/span><\/strong> y\u00eau c\u1ea7u Qu\u00fd kh\u00e1ch cung c\u1ea5p ch\u1ec9 \u0111\u1ec3 hi\u1ec3u r\u00f5 h\u01a1n nhu c\u1ea7u cung c\u1ea5p c\u00e1c d\u1ecbch v\u1ee5 ph\u00f9 h\u1ee3p v\u1edbi y\u00eau c\u1ea7u c\u1ee7a Qu\u00fd kh\u00e1ch v\u00e0 <strong><span style=\"color: #713817;\">ANVI<\/span><\/strong> c\u00f3 quy\u1ec1n s\u1eed d\u1ee5ng th\u00f4ng tin m\u00e0 Qu\u00fd kh\u00e1ch cung c\u1ea5p qua trang Web <strong><span style=\"color: #713817;\">ANVI\u00a0<\/span><\/strong>\u0111\u1ec3 s\u1eed d\u1ee5ng cho ho\u1ea1t \u0111\u1ed9ng c\u1ee7a <strong><span style=\"color: #713817;\">ANVI<\/span><\/strong>.<\/p>\n<p><strong><span style=\"color: #713817;\">ANVI<\/span><\/strong> kh\u00f4ng ti\u1ebft l\u1ed9 th\u00f4ng tin c\u1ee7a Qu\u00fd kh\u00e1ch cho b\u1ea5t k\u1ef3 c\u00e1 nh\u00e2n, t\u1ed5 ch\u1ee9c n\u00e0o tr\u1eeb khi \u0111\u00e3 c\u00f3 th\u00f4ng b\u00e1o v\u00e0 nh\u1eadn \u0111\u01b0\u1ee3c \u0111\u1ed3ng \u00fd c\u1ee7a Qu\u00fd kh\u00e1ch ho\u1eb7c theo quy \u0111\u1ecbnh c\u1ee7a ph\u00e1p lu\u1eadt.<\/p>\n<p>Trong nh\u1eefng tr\u01b0\u1eddng h\u1ee3p c\u1ee5 th\u1ec3, <strong><span style=\"color: #713817;\">ANVI<\/span><\/strong> c\u00f3 th\u1ec3 ph\u1ea3i cung c\u1ea5p th\u00f4ng tin c\u1ee7a Qu\u00fd kh\u00e1ch cho c\u01a1 quan c\u00f3 th\u1ea9m quy\u1ec1n theo quy \u0111\u1ecbnh c\u1ee7a ph\u00e1p lu\u1eadt tuy nhi\u00ean, <strong><span style=\"color: #713817;\">ANVI<\/span><\/strong> b\u1ea3o \u0111\u1ea3m vi\u1ec7c cung c\u1ea5p \u0111\u00f3 \u0111\u01b0\u1ee3c th\u1ef1c hi\u1ec7n theo \u0111\u00fang quy \u0111\u1ecbnh c\u1ee7a ph\u00e1p lu\u1eadt.<\/p>\n<p>Vi\u1ec7c truy c\u1eadp th\u00f4ng tin c\u1ee7a Qu\u00fd kh\u00e1ch th\u1ef1c hi\u1ec7n b\u1edfi <strong><span style=\"color: #713817;\">ANVI<\/span><\/strong>, nh\u00e2n vi\u00ean c\u1ee7a <strong><span style=\"color: #713817;\">ANVI<\/span><\/strong> v\u00e0\/ho\u1eb7c c\u00e1 nh\u00e2n \u00a0\u0111\u01b0\u1ee3c ph\u00e9p \u0111\u1ec1u ph\u1ea3i tu\u00e2n th\u1ee7 theo \u0111\u00fang quy \u0111\u1ecbnh v\u1ec1 b\u1ea3o m\u1eadt c\u1ee7a <strong><span style=\"color: #713817;\">ANVI<\/span><\/strong>.<\/p>\n<h3><span style=\"color: #713817;\">Ph\u01b0\u01a1ng th\u1ee9c b\u1ea3o m\u1eadt<\/span><\/h3>\n<p><a href=\"https:\/\/anvilaw.com\/vi\/\"><strong><span style=\"color: #713817;\">ANVI<\/span><\/strong><\/a> s\u1ebd th\u1ef1c hi\u1ec7n t\u1ea5t c\u1ea3 c\u00e1c ph\u01b0\u01a1ng th\u1ee9c b\u1ea3o v\u1ec7 an to\u00e0n v\u00e0 h\u1ee3p l\u00fd nh\u1ea5t \u0111\u1ec3 b\u1ea3o \u0111\u1ea3m th\u00f4ng tin c\u00e1 nh\u00e2n c\u1ee7a Qu\u00fd kh\u00e1ch v\u00e0 lu\u00f4n tu\u00e2n th\u1ee7 c\u00e1c quy \u0111\u1ecbnh c\u1ee7a ph\u00e1p lu\u1eadt Vi\u1ec7t Nam li\u00ean quan \u0111\u1ebfn vi\u1ec7c l\u01b0u tr\u1eef v\u00e0 s\u1eed d\u1ee5ng th\u00f4ng tin.<\/p>\n<h3><span style=\"color: #f39f31;\">Thu th\u1eadp th\u00f4ng tin c\u00e1 nh\u00e2n<\/span><\/h3>\n<p>Vi\u1ec7c truy c\u1eadp trang Web <strong><span style=\"color: #713817;\">ANVI<\/span><\/strong> c\u1ee7a Qu\u00fd kh\u00e1ch c\u00f3 th\u1ec3 \u0111\u01b0\u1ee3c ghi nh\u1eadn l\u1ea1i cho m\u1ee5c \u0111\u00edch ph\u00e2n t\u00edch d\u1eef li\u1ec7u truy c\u1eadp trang web v\u00e0 m\u00f4 h\u00ecnh s\u1eed d\u1ee5ng.<\/p>\n<p>Th\u00f4ng qua vi\u1ec7c thu th\u1eadp c\u00e1c th\u00f4ng tin c\u00e1 nh\u00e2n n\u00e0y, <strong><span style=\"color: #713817;\">ANVI<\/span><\/strong> mong mu\u1ed1n cung c\u1ea5p d\u1ecbch v\u1ee5 t\u1ed1t h\u01a1n, thi\u1ebft th\u1ef1c h\u01a1n t\u1edbi kh\u00e1ch h\u00e0ng v\u00e0 ho\u1ea1t \u0111\u1ed9ng hi\u1ec7u qu\u1ea3 h\u01a1n.<\/p>\n<p>M\u1ed9t s\u1ed1 th\u00f4ng tin truy c\u1eadp trang web c\u1ee7a Qu\u00fd kh\u00e1ch s\u1ebd \u0111\u01b0\u1ee3c thu th\u1eadp th\u00f4ng qua vi\u1ec7c s\u1eed d\u1ee5ng \u201ccookies\u201d (m\u1ed9t t\u1eadp tin d\u1eef li\u1ec7u nh\u1ecf t\u1ef1 \u0111\u1ed9ng l\u01b0u s\u1ed1 l\u1ea7n l\u01b0\u1edbt web tr\u00ean thi\u1ebft b\u1ecb v\u00e0 c\u00f3 th\u1ec3 d\u00f9ng cookies \u0111\u1ec3 kh\u00f4i ph\u1ee5c l\u1ea1i truy c\u1eadp.) N\u1ebfu mu\u1ed1n v\u00f4 hi\u1ec7u h\u00f3a nh\u1eefng cookies n\u00e0y, Qu\u00fd kh\u00e1ch c\u00f3 th\u1ec3 thay \u0111\u1ed5i c\u00e0i \u0111\u1eb7t tr\u00ean tr\u00ecnh duy\u1ec7t c\u1ee7a m\u00ecnh. Tuy nhi\u00ean, c\u00f3 th\u1ec3 Qu\u00fd kh\u00e1ch s\u1ebd kh\u00f4ng th\u1ec3 truy c\u1eadp m\u1ed9t s\u1ed1 ph\u1ea7n c\u1ee7a trang Web <strong><span style=\"color: #713817;\">ANVI<\/span><\/strong>.<\/p>\n<p><a href=\"https:\/\/anvilaw.com\/vi\/\"><strong><span style=\"color: #713817;\">ANVI<\/span><\/strong><\/a> c\u00f3 th\u1ec3 s\u1eed d\u1ee5ng th\u00f4ng tin t\u1eeb vi\u1ec7c truy c\u1eadp trang Web <strong><span style=\"color: #713817;\">ANVI<\/span><\/strong> c\u1ee7a Qu\u00fd kh\u00e1ch \u0111\u1ec3 th\u00f4ng b\u00e1o, gi\u1edbi thi\u1ec7u nh\u1eefng d\u1ecbch v\u1ee5 v\u00e0 c\u00e1c t\u00e0i li\u1ec7u ti\u1ebfp th\u1ecb kh\u00e1c m\u00e0 ch\u00fang t\u00f4i cho l\u00e0 ph\u00f9 h\u1ee3p v\u1edbi s\u1edf th\u00edch v\u00e0 nhu c\u1ea7u c\u1ee7a Qu\u00fd kh\u00e1ch. <strong><span style=\"color: #713817;\">ANVI<\/span><\/strong> c\u0169ng c\u00f3 th\u1ec3 m\u1eddi nh\u1eefng ng\u01b0\u1eddi truy c\u1eadp trang Web <strong><span style=\"color: #713817;\">ANVI<\/span><\/strong> tham gia v\u00e0o nghi\u00ean c\u1ee9u v\u00e0 kh\u1ea3o s\u00e1t th\u1ecb tr\u01b0\u1eddng v\u00e0 c\u00e1c ho\u1ea1t \u0111\u1ed9ng t\u01b0\u01a1ng t\u1ef1 kh\u00e1c.<\/p>\n<h3><span style=\"color: #713817;\">H\u01b0\u1edbng d\u1eabn v\u1ec1 c\u00e1c nguy\u00ean t\u1eafc b\u1ea3o m\u1eadt<\/span><\/h3>\n<p>\u0110\u1ec3 c\u00e1c giao d\u1ecbch \u0111\u01b0\u1ee3c th\u1ef1c hi\u1ec7n an to\u00e0n, tr\u00e1nh c\u00e1c gian l\u1eadn giao d\u1ecbch tr\u1ef1c tuy\u1ebfn, Qu\u00fd kh\u00e1ch v\u00e0 <strong><span style=\"color: #713817;\">ANVI<\/span><\/strong> \u0111\u1ec1u \u0111\u00f3ng vai tr\u00f2 quan tr\u1ecdng trong vi\u1ec7c b\u1ea3o v\u1ec7 c\u00e1c th\u00f4ng tin c\u00e1 nh\u00e2n c\u1ee7a Qu\u00fd kh\u00e1ch. Qu\u00fd kh\u00e1ch n\u00ean th\u1eadn tr\u1ecdng trong vi\u1ec7c s\u1eed d\u1ee5ng, b\u1ea3o v\u1ec7 c\u00e1c th\u00f4ng tin c\u00e1 nh\u00e2n\/ t\u00e0i kho\u1ea3n b\u1eb1ng vi\u1ec7c kh\u00f4ng chia s\u1ebb, cung c\u1ea5p ho\u1eb7c t\u1ea1o \u0111i\u1ec1u ki\u1ec7n cho ng\u01b0\u1eddi kh\u00e1c s\u1eed truy c\u1eadp, s\u1eed d\u1ee5ng T\u00ean s\u1eed d\u1ee5ng\/T\u00ean \u0111\u0103ng nh\u1eadp v\u00e0\/ho\u1eb7c M\u1eadt kh\u1ea9u&#8230; c\u1ee7a Qu\u00fd kh\u00e1ch.\/.<\/p>\n<p><span style=\"color: #808080;\">&#8212;&#8212;&#8212;&#8212;&#8212;&#8212;&#8212;&#8212;&#8212;&#8212;&#8212;&#8212;&#8212;&#8212;&#8212;&#8212;&#8212;&#8212;&#8212;<\/span><\/p>\n<p><strong>C\u00f4ng ty Lu\u1eadt <span style=\"color: #723900;\"><a style=\"color: #723900;\" href=\"https:\/\/facebook.com\/anvilawfirm\">ANVI<\/a><\/span><\/strong><\/p>\n<p style=\"padding-left: 40px;\"><strong>\u0110\u1ecba ch\u1ec9:<\/strong> T\u1ea7ng 2, t\u00f2a nh\u00e0 Savina, s\u1ed1 44 ph\u1ed1 Tr\u00e0ng Ti\u1ec1n, ph\u01b0\u1eddng Ho\u00e0n Ki\u1ebfm, Tp H\u00e0 N\u1ed9i.<\/p>\n<p style=\"padding-left: 40px;\"><strong>Hotline:<\/strong> <a href=\"tel:0983040506\">09 83 04 05 06<\/a><\/p>\n<p style=\"padding-left: 40px;\"><strong>Email:<\/strong>\u00a0<a href=\"mailto:anvi@anvilaw.com\">anvi@anvilaw.com<\/a><\/p>\n<p style=\"padding-left: 40px;\"><strong>FB:<\/strong> <a href=\"https:\/\/www.facebook.com\/anvilawfirm\">ANVI Law Firm<\/a><\/p>\n<p style=\"padding-left: 40px;\"><strong><span style=\"color: #000000;\">LinkedIn:<\/span><\/strong> <a href=\"http:\/\/www.linkedin.com\/in\/anvi-law-firm-631b8332a\">ANVI Law Firm<\/a><\/p>\n<p style=\"padding-left: 40px;\"><strong>X (Twitter): <\/strong><a href=\"https:\/\/x.com\/anvilawfirm\">ANVI Law Firm<\/a><\/p>\n<p style=\"padding-left: 40px;\"><strong>Youtube:<\/strong> <a href=\"https:\/\/youtube.com\/@anvilawfirm\">ANVI Law Firm<\/a><\/p>","protected":false},"excerpt":{"rendered":"<p>QUY \u0110\u1ecaNH V\u1ec0 AN TO\u00c0N V\u00c0 B\u1ea2O M\u1eacT ANVI lu\u00f4n hi\u1ec3u r\u1eb1ng khi truy c\u1eadp v\u00e0 s\u1eed d\u1ee5ng website c\u1ee7a ANVI (Web ANVI), Qu\u00fd kh\u00e1ch lu\u00f4n quan t\u00e2m v\u00e0 c\u00e2n nh\u1eafc v\u1ea5n \u0111\u1ec1 b\u1ea3o m\u1eadt th\u00f4ng tin c\u00e1 nh\u00e2n. ANVI s\u1ebd th\u1ef1c hi\u1ec7n vi\u1ec7c b\u1ea3o m\u1eadt c\u00e1c th\u00f4ng tin c\u00e1 nh\u00e2n c\u1ee7a Qu\u00fd kh\u00e1ch v\u1edbi [&hellip;]<\/p>\n","protected":false},"author":1,"featured_media":0,"parent":0,"menu_order":0,"comment_status":"closed","ping_status":"open","template":"","meta":{"_acf_changed":false,"footnotes":""},"class_list":["post-3","page","type-page","status-publish","hentry"],"acf":[],"yoast_head":"<!-- This site is optimized with the Yoast SEO plugin v27.3 - https:\/\/yoast.com\/product\/yoast-seo-wordpress\/ -->\n<title>Ch\u00ednh s\u00e1ch b\u1ea3o m\u1eadt - ANVI Law Firm<\/title>\n<meta name=\"description\" content=\"Ch\u00ednh s\u00e1ch b\u1ea3o m\u1eadt c\u1ee7a C\u00f4ng ty Lu\u1eadt ANVI. Ch\u00fang t\u00f4i cam k\u1ebft b\u1ea3o m\u1eadt th\u00f4ng tin kh\u00e1ch h\u00e0ng l\u00e0 tr\u00e1ch nhi\u1ec7m v\u00e0 \u0111\u1ea1o \u0111\u1ee9c ngh\u1ec1 nghi\u1ec7p c\u1ee7a ANVI...\" \/>\n<meta name=\"robots\" content=\"index, follow, max-snippet:-1, max-image-preview:large, max-video-preview:-1\" \/>\n<link rel=\"canonical\" href=\"https:\/\/anvilaw.com\/vi\/chinh-sach-bao-mat\/\" \/>\n<meta property=\"og:locale\" content=\"vi_VN\" \/>\n<meta property=\"og:type\" content=\"article\" \/>\n<meta property=\"og:title\" content=\"[:vi]Ch\u00ednh s\u00e1ch b\u1ea3o m\u1eadt[:en]Privacy Policy[:] - ANVI Law Firm\" \/>\n<meta property=\"og:description\" content=\"Ch\u00ednh s\u00e1ch b\u1ea3o m\u1eadt c\u1ee7a C\u00f4ng ty Lu\u1eadt ANVI. Ch\u00fang t\u00f4i cam k\u1ebft b\u1ea3o m\u1eadt th\u00f4ng tin kh\u00e1ch h\u00e0ng l\u00e0 tr\u00e1ch nhi\u1ec7m v\u00e0 \u0111\u1ea1o \u0111\u1ee9c ngh\u1ec1 nghi\u1ec7p c\u1ee7a ANVI...\" \/>\n<meta property=\"og:url\" content=\"https:\/\/anvilaw.com\/vi\/chinh-sach-bao-mat\/\" \/>\n<meta property=\"og:site_name\" content=\"ANVI Law Firm\" \/>\n<meta property=\"article:publisher\" content=\"https:\/\/facebook.com\/anvilawfirm\" \/>\n<meta property=\"article:modified_time\" content=\"2026-02-12T09:39:25+00:00\" \/>\n<meta property=\"og:image\" content=\"https:\/\/anvilaw.com\/wp-content\/uploads\/2022\/01\/logo-ANVI-full-4x2cm.png\" \/>\n\t<meta property=\"og:image:width\" content=\"354\" \/>\n\t<meta property=\"og:image:height\" content=\"176\" \/>\n\t<meta property=\"og:image:type\" content=\"image\/png\" \/>\n<meta name=\"twitter:card\" content=\"summary_large_image\" \/>\n<meta name=\"twitter:site\" content=\"@anvilawfirm\" \/>\n<meta name=\"twitter:label1\" content=\"\u01af\u1edbc t\u00ednh th\u1eddi gian \u0111\u1ecdc\" \/>\n\t<meta name=\"twitter:data1\" content=\"3 ph\u00fat\" \/>\n<script type=\"application\/ld+json\" class=\"yoast-schema-graph\">{\"@context\":\"https:\\\/\\\/schema.org\",\"@graph\":[{\"@type\":\"WebPage\",\"@id\":\"https:\\\/\\\/anvilaw.com\\\/vi\\\/chinh-sach-bao-mat\\\/\",\"url\":\"https:\\\/\\\/anvilaw.com\\\/vi\\\/chinh-sach-bao-mat\\\/\",\"name\":\"[:vi]Ch\u00ednh s\u00e1ch b\u1ea3o m\u1eadt[:en]Privacy Policy[:] - ANVI Law Firm\",\"isPartOf\":{\"@id\":\"https:\\\/\\\/anvilaw.com\\\/vi\\\/#website\"},\"datePublished\":\"2021-01-16T05:03:32+00:00\",\"dateModified\":\"2026-02-12T09:39:25+00:00\",\"description\":\"Ch\u00ednh s\u00e1ch b\u1ea3o m\u1eadt c\u1ee7a C\u00f4ng ty Lu\u1eadt ANVI. Ch\u00fang t\u00f4i cam k\u1ebft b\u1ea3o m\u1eadt th\u00f4ng tin kh\u00e1ch h\u00e0ng l\u00e0 tr\u00e1ch nhi\u1ec7m v\u00e0 \u0111\u1ea1o \u0111\u1ee9c ngh\u1ec1 nghi\u1ec7p c\u1ee7a ANVI...\",\"breadcrumb\":{\"@id\":\"https:\\\/\\\/anvilaw.com\\\/vi\\\/chinh-sach-bao-mat\\\/#breadcrumb\"},\"inLanguage\":\"vi\",\"potentialAction\":[{\"@type\":\"ReadAction\",\"target\":[\"https:\\\/\\\/anvilaw.com\\\/vi\\\/chinh-sach-bao-mat\\\/\"]}]},{\"@type\":\"BreadcrumbList\",\"@id\":\"https:\\\/\\\/anvilaw.com\\\/vi\\\/chinh-sach-bao-mat\\\/#breadcrumb\",\"itemListElement\":[{\"@type\":\"ListItem\",\"position\":1,\"name\":\"Home\",\"item\":\"https:\\\/\\\/anvilaw.com\\\/vi\\\/\"},{\"@type\":\"ListItem\",\"position\":2,\"name\":\"Ch\u00ednh s\u00e1ch b\u1ea3o m\u1eadt\"}]},{\"@type\":\"WebSite\",\"@id\":\"https:\\\/\\\/anvilaw.com\\\/vi\\\/#website\",\"url\":\"https:\\\/\\\/anvilaw.com\\\/vi\\\/\",\"name\":\"ANVI Law Firm - C\u00f4ng ty Lu\u1eadt ANVI\",\"description\":\"C\u00f4ng ty Lu\u1eadt ANVI - ANVI Law Firm\",\"publisher\":{\"@id\":\"https:\\\/\\\/anvilaw.com\\\/vi\\\/#organization\"},\"alternateName\":\"anvilaw.com\",\"potentialAction\":[{\"@type\":\"SearchAction\",\"target\":{\"@type\":\"EntryPoint\",\"urlTemplate\":\"https:\\\/\\\/anvilaw.com\\\/vi\\\/?s={search_term_string}\"},\"query-input\":{\"@type\":\"PropertyValueSpecification\",\"valueRequired\":true,\"valueName\":\"search_term_string\"}}],\"inLanguage\":\"vi\"},{\"@type\":\"Organization\",\"@id\":\"https:\\\/\\\/anvilaw.com\\\/vi\\\/#organization\",\"name\":\"C\u00f4ng ty Lu\u1eadt ANVI | ANVI Law Firm\",\"alternateName\":\"ANVI\",\"url\":\"https:\\\/\\\/anvilaw.com\\\/vi\\\/\",\"logo\":{\"@type\":\"ImageObject\",\"inLanguage\":\"vi\",\"@id\":\"https:\\\/\\\/anvilaw.com\\\/vi\\\/#\\\/schema\\\/logo\\\/image\\\/\",\"url\":\"https:\\\/\\\/anvilaw.com\\\/wp-content\\\/uploads\\\/2022\\\/01\\\/ANVI-Logo-ca-hinh-va-chu-khong-co-nen-174K-1.png\",\"contentUrl\":\"https:\\\/\\\/anvilaw.com\\\/wp-content\\\/uploads\\\/2022\\\/01\\\/ANVI-Logo-ca-hinh-va-chu-khong-co-nen-174K-1.png\",\"width\":3493,\"height\":1535,\"caption\":\"C\u00f4ng ty Lu\u1eadt ANVI | ANVI Law Firm\"},\"image\":{\"@id\":\"https:\\\/\\\/anvilaw.com\\\/vi\\\/#\\\/schema\\\/logo\\\/image\\\/\"},\"sameAs\":[\"https:\\\/\\\/facebook.com\\\/anvilawfirm\",\"https:\\\/\\\/x.com\\\/anvilawfirm\",\"https:\\\/\\\/www.youtube.com\\\/@anvilawfirm\",\"https:\\\/\\\/www.youtube.com\\\/@lsduc_anvi\"]}]}<\/script>\n<!-- \/ Yoast SEO plugin. -->","yoast_head_json":{"title":"[:vi]Ch\u00ednh s\u00e1ch b\u1ea3o m\u1eadt[:en]Privacy Policy[:] - ANVI Law Firm","description":"Ch\u00ednh s\u00e1ch b\u1ea3o m\u1eadt c\u1ee7a C\u00f4ng ty Lu\u1eadt ANVI. Ch\u00fang t\u00f4i cam k\u1ebft b\u1ea3o m\u1eadt th\u00f4ng tin kh\u00e1ch h\u00e0ng l\u00e0 tr\u00e1ch nhi\u1ec7m v\u00e0 \u0111\u1ea1o \u0111\u1ee9c ngh\u1ec1 nghi\u1ec7p c\u1ee7a ANVI...","robots":{"index":"index","follow":"follow","max-snippet":"max-snippet:-1","max-image-preview":"max-image-preview:large","max-video-preview":"max-video-preview:-1"},"canonical":"https:\/\/anvilaw.com\/vi\/chinh-sach-bao-mat\/","og_locale":"vi_VN","og_type":"article","og_title":"[:vi]Ch\u00ednh s\u00e1ch b\u1ea3o m\u1eadt[:en]Privacy Policy[:] - ANVI Law Firm","og_description":"Ch\u00ednh s\u00e1ch b\u1ea3o m\u1eadt c\u1ee7a C\u00f4ng ty Lu\u1eadt ANVI. Ch\u00fang t\u00f4i cam k\u1ebft b\u1ea3o m\u1eadt th\u00f4ng tin kh\u00e1ch h\u00e0ng l\u00e0 tr\u00e1ch nhi\u1ec7m v\u00e0 \u0111\u1ea1o \u0111\u1ee9c ngh\u1ec1 nghi\u1ec7p c\u1ee7a ANVI...","og_url":"https:\/\/anvilaw.com\/vi\/chinh-sach-bao-mat\/","og_site_name":"ANVI Law Firm","article_publisher":"https:\/\/facebook.com\/anvilawfirm","article_modified_time":"2026-02-12T09:39:25+00:00","og_image":[{"width":354,"height":176,"url":"https:\/\/anvilaw.com\/wp-content\/uploads\/2022\/01\/logo-ANVI-full-4x2cm.png","type":"image\/png"}],"twitter_card":"summary_large_image","twitter_site":"@anvilawfirm","twitter_misc":{"\u01af\u1edbc t\u00ednh th\u1eddi gian \u0111\u1ecdc":"3 ph\u00fat"},"schema":{"@context":"https:\/\/schema.org","@graph":[{"@type":"WebPage","@id":"https:\/\/anvilaw.com\/vi\/chinh-sach-bao-mat\/","url":"https:\/\/anvilaw.com\/vi\/chinh-sach-bao-mat\/","name":"[:vi]Ch\u00ednh s\u00e1ch b\u1ea3o m\u1eadt[:en]Privacy Policy[:] - ANVI Law Firm","isPartOf":{"@id":"https:\/\/anvilaw.com\/vi\/#website"},"datePublished":"2021-01-16T05:03:32+00:00","dateModified":"2026-02-12T09:39:25+00:00","description":"Ch\u00ednh s\u00e1ch b\u1ea3o m\u1eadt c\u1ee7a C\u00f4ng ty Lu\u1eadt ANVI. Ch\u00fang t\u00f4i cam k\u1ebft b\u1ea3o m\u1eadt th\u00f4ng tin kh\u00e1ch h\u00e0ng l\u00e0 tr\u00e1ch nhi\u1ec7m v\u00e0 \u0111\u1ea1o \u0111\u1ee9c ngh\u1ec1 nghi\u1ec7p c\u1ee7a ANVI...","breadcrumb":{"@id":"https:\/\/anvilaw.com\/vi\/chinh-sach-bao-mat\/#breadcrumb"},"inLanguage":"vi","potentialAction":[{"@type":"ReadAction","target":["https:\/\/anvilaw.com\/vi\/chinh-sach-bao-mat\/"]}]},{"@type":"BreadcrumbList","@id":"https:\/\/anvilaw.com\/vi\/chinh-sach-bao-mat\/#breadcrumb","itemListElement":[{"@type":"ListItem","position":1,"name":"Home","item":"https:\/\/anvilaw.com\/vi\/"},{"@type":"ListItem","position":2,"name":"Ch\u00ednh s\u00e1ch b\u1ea3o m\u1eadt"}]},{"@type":"WebSite","@id":"https:\/\/anvilaw.com\/vi\/#website","url":"https:\/\/anvilaw.com\/vi\/","name":"ANVI Law Firm - C\u00f4ng ty Lu\u1eadt ANVI","description":"C\u00f4ng ty Lu\u1eadt ANVI - ANVI Law Firm","publisher":{"@id":"https:\/\/anvilaw.com\/vi\/#organization"},"alternateName":"anvilaw.com","potentialAction":[{"@type":"SearchAction","target":{"@type":"EntryPoint","urlTemplate":"https:\/\/anvilaw.com\/vi\/?s={search_term_string}"},"query-input":{"@type":"PropertyValueSpecification","valueRequired":true,"valueName":"search_term_string"}}],"inLanguage":"vi"},{"@type":"Organization","@id":"https:\/\/anvilaw.com\/vi\/#organization","name":"C\u00f4ng ty Lu\u1eadt ANVI | ANVI Law Firm","alternateName":"ANVI","url":"https:\/\/anvilaw.com\/vi\/","logo":{"@type":"ImageObject","inLanguage":"vi","@id":"https:\/\/anvilaw.com\/vi\/#\/schema\/logo\/image\/","url":"https:\/\/anvilaw.com\/wp-content\/uploads\/2022\/01\/ANVI-Logo-ca-hinh-va-chu-khong-co-nen-174K-1.png","contentUrl":"https:\/\/anvilaw.com\/wp-content\/uploads\/2022\/01\/ANVI-Logo-ca-hinh-va-chu-khong-co-nen-174K-1.png","width":3493,"height":1535,"caption":"C\u00f4ng ty Lu\u1eadt ANVI | ANVI Law Firm"},"image":{"@id":"https:\/\/anvilaw.com\/vi\/#\/schema\/logo\/image\/"},"sameAs":["https:\/\/facebook.com\/anvilawfirm","https:\/\/x.com\/anvilawfirm","https:\/\/www.youtube.com\/@anvilawfirm","https:\/\/www.youtube.com\/@lsduc_anvi"]}]}},"_links":{"self":[{"href":"https:\/\/anvilaw.com\/vi\/wp-json\/wp\/v2\/pages\/3","targetHints":{"allow":["GET"]}}],"collection":[{"href":"https:\/\/anvilaw.com\/vi\/wp-json\/wp\/v2\/pages"}],"about":[{"href":"https:\/\/anvilaw.com\/vi\/wp-json\/wp\/v2\/types\/page"}],"author":[{"embeddable":true,"href":"https:\/\/anvilaw.com\/vi\/wp-json\/wp\/v2\/users\/1"}],"replies":[{"embeddable":true,"href":"https:\/\/anvilaw.com\/vi\/wp-json\/wp\/v2\/comments?post=3"}],"version-history":[{"count":7,"href":"https:\/\/anvilaw.com\/vi\/wp-json\/wp\/v2\/pages\/3\/revisions"}],"predecessor-version":[{"id":49587,"href":"https:\/\/anvilaw.com\/vi\/wp-json\/wp\/v2\/pages\/3\/revisions\/49587"}],"wp:attachment":[{"href":"https:\/\/anvilaw.com\/vi\/wp-json\/wp\/v2\/media?parent=3"}],"curies":[{"name":"wp","href":"https:\/\/api.w.org\/{rel}","templated":true}]}}