{"id":37,"date":"2021-01-24T10:45:23","date_gmt":"2021-01-24T03:45:23","guid":{"rendered":"https:\/\/anvilaw.com\/?page_id=37"},"modified":"2026-02-12T16:42:32","modified_gmt":"2026-02-12T09:42:32","slug":"anvi","status":"publish","type":"page","link":"https:\/\/anvilaw.com\/vi\/anvi\/","title":{"rendered":"Gi\u1edbi thi\u1ec7u ANVI"},"content":{"rendered":"<div class=\"container\">\n<div class=\"row\">\n<div class=\"col-md-6 pb-3\">\n<h4><strong><span style=\"color: #713817;\">V\u1ec0<\/span> <span style=\"color: #723900;\">ANVI<\/span><\/strong><\/h4>\n<hr class=\"title\" \/>\n<p><span style=\"color: #723918;\"><strong>ANVI<\/strong><\/span><strong><span style=\"color: #723918;\"> l\u00e0 h\u00e3ng lu\u1eadt ti\u00ean phong mang tri\u1ebft l\u00fd<\/span> <\/strong><span style=\"color: #f39f31;\"><em>\u201c<strong>Kinh doanh s\u00e0nh lu\u1eadt<\/strong>\u201d<\/em><\/span><span style=\"color: #723918;\"><strong> \u0111\u1ebfn c\u1ed9ng \u0111\u1ed3ng doanh nghi\u1ec7p v\u00e0 doanh nh\u00e2n.<\/strong> <\/span>Chuy\u00ean s\u00e2u trong c\u00e1c l\u0129nh v\u1ef1c doanh nghi\u1ec7p, t\u00e0i ch\u00ednh, ch\u1ee9ng kho\u00e1n, ng\u00e2n h\u00e0ng v\u00e0 b\u1ea3o hi\u1ec3m, <span style=\"color: #723918;\"><strong>ANVI<\/strong><\/span> \u0111\u01b0\u1ee3c s\u00e1ng l\u1eadp b\u1edfi <a href=\"https:\/\/anvilaw.com\/vi\/lawyers\/truong-thanh-duc\/\"><strong>Lu\u1eadt s\u01b0 Tr\u01b0\u01a1ng Thanh \u0110\u1ee9c<\/strong><\/a> &#8211; ng\u01b0\u1eddi c\u00f3 h\u01a1n 36 n\u0103m kinh nghi\u1ec7m v\u00e0 t\u1eebng x\u00e2y d\u1ef1ng m\u1ed9t th\u01b0\u01a1ng hi\u1ec7u lu\u1eadt danh ti\u1ebfng kh\u00e1c t\u1eeb n\u0103m 2007. C\u00f9ng \u0111\u1ed9i ng\u0169 lu\u1eadt s\u01b0 t\u00e2m huy\u1ebft, gi\u00e0u kinh nghi\u1ec7m, <span style=\"color: #723918;\"><strong>ANVI<\/strong><\/span> kh\u1eb3ng \u0111\u1ecbnh v\u1ecb th\u1ebf h\u00e0ng \u0111\u1ea7u v\u1edbi th\u01b0\u01a1ng hi\u1ec7u <span style=\"color: #f39f31;\"><em>\u201c<\/em><a style=\"color: #f39f31;\" href=\"https:\/\/anvilaw.com\/vi\/3-744-luat-su-truong-thanh-duc-va-dinh-vi-thuong-hieu-luat-su-doanh-nghiep\/\"><strong><em>Lu\u1eadt s\u01b0 doanh nghi\u1ec7p<\/em><\/strong><\/a><em>\u201d<\/em> <\/span>v\u00e0 <em><span style=\"color: #f39f31;\">\u201c<strong><span style=\"color: #f39f31;\">Lu\u1eadt<\/span> s\u01b0 ng\u00e2n h\u00e0ng<\/strong>\u201d<\/span><\/em>.<\/p>\n<h5><span style=\"color: #723918;\"><strong>T\u1ef1 h\u00e0o v\u1edbi truy\u1ec1n th\u1ed1ng v\u1eefng ch\u1eafc,<\/strong> <strong>ANVI<\/strong> <strong>mang \u0111\u1ebfn d\u1ecbch v\u1ee5 ph\u00e1p l\u00fd \u0111\u1eb3ng c\u1ea5p t\u1eeb s\u1ee9c m\u1ea1nh c\u1ee7a \u0111\u1ed9i ng\u0169 lu\u1eadt s\u01b0:<\/strong><\/span><\/h5>\n<ul>\n<li><span style=\"color: #723918;\"><strong>Kinh nghi\u1ec7m v\u01b0\u1ee3t tr\u1ed9i<\/strong>:<\/span> H\u00e0ng ch\u1ee5c n\u0103m h\u00e0nh ngh\u1ec1 lu\u1eadt s\u01b0, nghi\u00ean c\u1ee9u, gi\u1ea3ng d\u1ea1y ki\u1ebfn th\u1ee9c ph\u00e1p lu\u1eadt v\u00e0 truy\u1ec1n ngh\u1ec1 lu\u1eadt s\u01b0.<\/li>\n<li><span style=\"color: #723918;\"><strong>Th\u1ef1c ti\u1ec5n phong ph\u00fa<\/strong>:<\/span> T\u1eebng \u0111\u1ea3m nh\u1eadn vai tr\u00f2 quan tr\u1ecdng t\u1ea1i c\u00e1c doanh nghi\u1ec7p, ng\u00e2n h\u00e0ng l\u1edbn v\u00e0 c\u00e1c t\u1ed5 ch\u1ee9c qu\u1ea3n tr\u1ecb.<\/li>\n<li><span style=\"color: #723918;\"><strong>Chuy\u00ean m\u00f4n s\u00e2u r\u1ed9ng<\/strong>:<\/span> Chuy\u00ean gia x\u00e2y d\u1ef1ng, th\u1ea9m \u0111\u1ecbnh v\u00e0 ph\u1ea3n bi\u1ec7n ch\u00ednh s\u00e1ch ph\u00e1p lu\u1eadt v\u1edbi t\u01b0 duy th\u1ef1c d\u1ee5ng.<\/li>\n<li><span style=\"color: #723918;\"><strong>T\u00e1c gi\u1ea3 uy t\u00edn<\/strong>:<\/span> Bi\u00ean so\u1ea1n s\u00e1ch, gi\u00e1o tr\u00ecnh v\u00e0 h\u00e0ng ng\u00e0n b\u00e0i vi\u1ebft v\u1ec1 ph\u00e1p lu\u1eadt, kinh t\u1ebf.<\/li>\n<li><span style=\"color: #723918;\"><strong>Gi\u1ea3i ph\u00e1p to\u00e0n di\u1ec7n<\/strong>:<\/span> T\u1eeb qu\u1ea3n tr\u1ecb, \u0111i\u1ec1u h\u00e0nh, giao d\u1ecbch, \u0111\u1ea7u t\u01b0, gi\u1ea3i quy\u1ebft tranh ch\u1ea5p, b\u1ea3o v\u1ec7, b\u00e0o ch\u1eefa \u0111\u1ebfn thi h\u00e0nh \u00e1n.<\/li>\n<\/ul>\n<p><span style=\"color: #723918;\"><strong>ANVI<\/strong><\/span> g\u1eafn li\u1ec1n v\u1edbi h\u00ecnh \u1ea3nh Lu\u1eadt s\u01b0 Tr\u01b0\u01a1ng Thanh \u0110\u1ee9c \u2013 Tr\u1ecdng t\u00e0i vi\u00ean VIAC, bi\u1ec3u t\u01b0\u1ee3ng c\u1ed1ng hi\u1ebfn cho c\u1ed9ng \u0111\u1ed3ng. <span style=\"color: #723918;\"><strong>ANVI<\/strong> <\/span>kh\u00f4ng ch\u1ec9 \u0111\u00e3 \u0111\u1ecbnh v\u1ecb \u0111\u01b0\u1ee3c th\u01b0\u01a1ng hi\u1ec7u \u201c<a href=\"https:\/\/anvilaw.com\/vi\/3-744-luat-su-truong-thanh-duc-va-dinh-vi-thuong-hieu-luat-su-doanh-nghiep\/\"><strong><em>Lu\u1eadt s\u01b0 doanh nghi\u1ec7p<\/em><\/strong><\/a>\u201d, m\u00e0 c\u00f2n l\u00e0 ng\u01b0\u1eddi b\u1ea1n \u0111\u1ed3ng h\u00e0nh tin c\u1eady c\u1ee7a c\u00e1c doanh nghi\u1ec7p v\u00e0 doanh nh\u00e2n.<\/p>\n<h5><span style=\"color: #723918;\"><strong><em>ANVI<\/em><\/strong><\/span><span style=\"color: #f39f31;\"><em> <strong>\u2013 <\/strong><\/em><strong><em>B<\/em><\/strong><strong><em>i\u1ebfn nh\u1eefng th\u00e1ch th\u1ee9c ph\u00e1p l\u00fd th\u00e0nh c\u01a1 h\u1ed9i th\u00e0nh c\u00f4ng<\/em><\/strong><strong><em> c\u1ee7a b\u1ea1n.<\/em><\/strong><\/span><\/h5>\n<p><img loading=\"lazy\" decoding=\"async\" class=\"img-fluid img-fluid alignright wp-image-148 size-medium\" src=\"https:\/\/anvilaw.com\/wp-content\/uploads\/2021\/02\/logo-ANVI-2-9cm-450x224.png\" alt=\"ANVI Lu\u1eadt s\u01b0 doanh nghi\u1ec7p\" width=\"450\" height=\"224\" srcset=\"https:\/\/anvilaw.com\/wp-content\/uploads\/2021\/02\/logo-ANVI-2-9cm-450x224.png 450w, https:\/\/anvilaw.com\/wp-content\/uploads\/2021\/02\/logo-ANVI-2-9cm-1024x510.png 1024w, https:\/\/anvilaw.com\/wp-content\/uploads\/2021\/02\/logo-ANVI-2-9cm-768x382.png 768w, https:\/\/anvilaw.com\/wp-content\/uploads\/2021\/02\/logo-ANVI-2-9cm-350x174.png 350w, https:\/\/anvilaw.com\/wp-content\/uploads\/2021\/02\/logo-ANVI-2-9cm.png 1063w\" sizes=\"auto, (max-width: 450px) 100vw, 450px\" \/><\/p>\n<h5><a href=\"https:\/\/anvilaw.com\/vi\/doanh-nghiep\/\"><span style=\"color: #f39f31;\"><b><strong>D\u1ecaCH V\u1ee4 LU\u1eacT S\u01af DOANH NGHI\u1ec6P<\/strong><\/b><\/span><\/a><\/h5>\n<p>Cung c\u1ea5p d\u1ecbch v\u1ee5 ph\u00e1p l\u00fd v\u1ec1 t\u1ed5 ch\u1ee9c, qu\u1ea3n l\u00fd, \u0111i\u1ec1u h\u00e0nh ho\u1ea1t \u0111\u1ed9ng, h\u1ee3p \u0111\u1ed3ng, giao d\u1ecbch &amp; gi\u1ea3i quy\u1ebft tranh ch\u1ea5p trong kinh doanh c\u1ee7a doanh nghi\u1ec7p &#8211; <span style=\"color: #723918;\"><strong>Lu\u1eadt s\u01b0 doanh nghi\u1ec7p<\/strong> <\/span><strong><span style=\"color: #723900;\">ANVI<\/span><\/strong>.<\/p>\n<hr \/>\n<h5><a href=\"https:\/\/anvilaw.com\/vi\/dinh-che-tai-chinh\/\"><span style=\"color: #733616;\"><b><strong>D\u1ecaCH V\u1ee4 LU\u1eacT S\u01af \u0110\u1ecaNH CH\u1ebe<\/strong><\/b><\/span><\/a><\/h5>\n<p>Cung c\u1ea5p d\u1ecbch v\u1ee5 ph\u00e1p l\u00fd v\u1ec1 chuy\u00ean m\u00f4n, nghi\u1ec7p v\u1ee5 &amp; qu\u1ea3n l\u00fd r\u1ee7i ro cho ng\u00e2n h\u00e0ng, t\u1ed5 ch\u1ee9c t\u00edn d\u1ee5ng, ch\u1ee9ng kho\u00e1n &amp; c\u00e1c \u0111\u1ecbnh ch\u1ebf t\u00e0i ch\u00ednh kh\u00e1c &#8211; <span style=\"color: #723918;\"><strong>Lu\u1eadt s\u01b0 \u0111\u1ecbnh ch\u1ebf<\/strong> <\/span><strong><span style=\"color: #723900;\">ANVI<\/span><\/strong><span style=\"color: #723900;\">.<\/span><\/p>\n<hr \/>\n<h5><a href=\"https:\/\/anvilaw.com\/vi\/ca-nhan\/\"><span style=\"color: #f39f31;\"><b><strong>D\u1ecaCH V\u1ee4 LU\u1eacT S\u01af C\u00c1 NH\u00c2N<\/strong><\/b><\/span><\/a><\/h5>\n<p>Cung c\u1ea5p d\u1ecbch v\u1ee5 ph\u00e1p l\u00fd cho c\u00e1 nh\u00e2n, h\u1ed9 kinh doanh trong cu\u1ed9c s\u1ed1ng d\u00e2n s\u1ef1 &amp; kinh doanh &#8211; <span style=\"color: #723918;\"><strong>Lu\u1eadt s\u01b0 c\u00e1 nh\u00e2n<\/strong> <\/span><strong><span style=\"color: #723900;\">ANVI<\/span><\/strong><span style=\"color: #723900;\">.<\/span><\/div>\n<div class=\"col-md-6 text-center\">\n<\/div>\n<\/div>\n<\/div>\n<section class=\"about-2\"><div class=\"container\">\n<div class=\"row\">\n<div class=\"col-md-4\">\n<h5><strong><span style=\"color: #713817;\">D\u1ecaCH V\u1ee4<\/span> <span style=\"color: #733616;\">CHUY\u00caN NGHI\u1ec6P<\/span><\/strong><\/h5>\n<h5><strong><span style=\"color: #f39f31;\">Cung c\u1ea5p c\u00e1c d\u1ecbch v\u1ee5 ph\u00e1p l\u00fd h\u00e0ng \u0111\u1ea7u cho c\u1ed9ng \u0111\u1ed3ng doanh nghi\u1ec7p v\u00e0 doanh nh\u00e2n.<\/span><\/strong><\/h5>\n<\/div>\n<div class=\"col-md-4\">\n<h5><strong><span style=\"color: #f39f31;\">D\u00c0Y D\u1ea0N KINH NGHI\u1ec6M<\/span><\/strong><\/h5>\n<h5><strong><span style=\"color: #723918;\">Tr\u00ean 36 n\u0103m kinh nghi\u1ec7m ho\u1ea1t \u0111\u1ed9ng trong l\u0129nh v\u1ef1c ph\u00e1p lu\u1eadt kinh doanh.<\/span><\/strong><\/h5>\n<\/div>\n<div class=\"col-md-4\">\n<h5><a href=\"https:\/\/anvilaw.com\/vi\/01-sach-kinh-doanh-sanh-luat\/\"><strong><span style=\"color: #713817;\">KINH DOANH <\/span><\/strong><span style=\"color: #733616;\"><strong>S\u00c0NH LU\u1eacT<\/strong><\/span><\/a><\/h5>\n<h5><strong><span style=\"color: #f39f31;\">Gi\u00fap b\u1ea1n &#8220;Kinh doanh s\u00e0nh lu\u1eadt&#8221; v\u1eefng b\u01b0\u1edbc tr\u00ean m\u1ecdi h\u00e0nh tr\u00ecnh.<\/span><\/strong><\/h5>\n<\/div>\n<\/div>\n<\/div>\n<\/section>\n<section class=\"about-3\"><div class=\"container\">\n<div class=\"row\">\n<div class=\"col-md-6\">\n<img loading=\"lazy\" decoding=\"async\" width=\"450\" height=\"338\" class=\"size-medium wp-image-853 img-fluid alignleft\" src=\"https:\/\/anvilaw.com\/wp-content\/uploads\/2022\/01\/LS.-Duc-ANVI-24.12-450x338.jpg\" alt=\"Lu\u1eadt s\u01b0 Tr\u01b0\u01a1ng Thanh \u0110\u1ee9c\" srcset=\"https:\/\/anvilaw.com\/wp-content\/uploads\/2022\/01\/LS.-Duc-ANVI-24.12-450x338.jpg 450w, https:\/\/anvilaw.com\/wp-content\/uploads\/2022\/01\/LS.-Duc-ANVI-24.12-1024x768.jpg 1024w, https:\/\/anvilaw.com\/wp-content\/uploads\/2022\/01\/LS.-Duc-ANVI-24.12-768x576.jpg 768w, https:\/\/anvilaw.com\/wp-content\/uploads\/2022\/01\/LS.-Duc-ANVI-24.12-1536x1152.jpg 1536w, https:\/\/anvilaw.com\/wp-content\/uploads\/2022\/01\/LS.-Duc-ANVI-24.12-2048x1536.jpg 2048w\" sizes=\"auto, (max-width: 450px) 100vw, 450px\" \/><\/div>\n<div class=\"col-md-6\">\n<h4><span style=\"color: #f39f31;\">T\u1ea6M NH\u00ccN<\/span><\/h4>\n<h5><span style=\"color: #723918;\"><strong>ANVI<\/strong> <strong>t\u1ef1 h\u00e0o l\u00e0 h\u00e3ng lu\u1eadt chuy\u00ean nghi\u1ec7p<\/strong><strong>,<\/strong><strong> chuy\u00ean s\u00e2u<\/strong><strong> h\u00e0ng \u0111\u1ea7u<\/strong><\/span> <span style=\"color: #723918;\">trong l\u0129nh v\u1ef1c ph\u00e1p lu\u1eadt<\/span> <span style=\"color: #f39f31;\"><strong>doanh nghi\u1ec7p, t\u00e0i ch\u00ednh, ch\u1ee9ng kho\u00e1n, ng\u00e2n h\u00e0ng v\u00e0 b\u1ea3o hi\u1ec3m<\/strong>.<\/span><\/h5>\n<hr \/>\n<h4><span style=\"color: #723918;\">S\u1ee8 M\u1ec6NH<\/span><\/h4>\n<h5><span style=\"color: #723918;\"><strong>ANVI<\/strong> <strong>chia s\u1ebb gi\u00e1 tr\u1ecb <\/strong><span style=\"color: #f39f31;\">\u201c<strong>Kinh doanh s\u00e0nh lu\u1eadt<\/strong>\u201d<\/span><\/span> <span style=\"color: #723918;\">v\u00ec s\u1ef1 ph\u00e1t tri\u1ec3n b\u1ec1n v\u1eefng c\u1ee7a doanh nghi\u1ec7p v\u00e0 doanh nh\u00e2n.<\/span><\/h5>\n<hr \/>\n<h4><span style=\"color: #f39f31;\">GI\u00c1 TR\u1eca C\u1ed0T L\u00d5I<\/span><\/h4>\n<h5><span style=\"color: #723918;\">ANVI cam k\u1ebft v\u00e0 th\u1ef1c h\u00e0nh gi\u00e1 tr\u1ecb c\u1ed1t l\u00f5i:<\/span><\/h5>\n<h5><span style=\"color: #f39f30;\"><strong>Chuy\u00ean s\u00e2u &amp; Th\u1ef1c ti\u1ec5n:<\/strong><\/span> <span style=\"color: #723918;\">N\u1ec1n t\u1ea3ng h\u1ecdc thu\u1eadt v\u1eefng ch\u1eafc k\u1ebft h\u1ee3p kinh nghi\u1ec7m th\u1ef1c chi\u1ebfn t\u1ea1i doanh nghi\u1ec7p, ng\u00e2n h\u00e0ng mang \u0111\u1ebfn gi\u1ea3i ph\u00e1p t\u1ed1i \u01b0u v\u00e0 to\u00e0n di\u1ec7n.<\/span><\/h5>\n<h5><span style=\"color: #f39f30;\"><strong>T\u1eadn t\u00e2m &amp; Hi\u1ec7u qu\u1ea3: <\/strong><\/span><span style=\"color: #723918;\">\u0110\u1eb7t l\u1ee3i \u00edch kh\u00e1ch h\u00e0ng l\u00ean h\u00e0ng \u0111\u1ea7u, cung c\u1ea5p gi\u1ea3i ph\u00e1p th\u1ef1c d\u1ee5ng, t\u1ed1i \u0111a h\u00f3a l\u1ee3i \u00edch v\u00e0 t\u1ed1i thi\u1ec3u h\u00f3a r\u1ee7i ro.<\/span><\/h5>\n<h5><span style=\"color: #f39f30;\"><strong>Uy t\u00edn &amp; Minh b\u1ea1ch:<\/strong><\/span><span style=\"font-weight: 400;\">\u00a0<\/span><span style=\"color: #723918;\">X\u00e2y d\u1ef1ng ni\u1ec1m tin t\u1eeb s\u1ef1 ch\u00ednh tr\u1ef1c, chuy\u00ean m\u00f4n v\u1eefng v\u00e0ng v\u00e0 d\u1ecbch v\u1ee5 chuy\u00ean nghi\u1ec7p.<\/span><\/h5>\n<hr \/>\n<h5><em><a href=\"https:\\\\facebook.com\\anvilawfirm\"><strong><span style=\"color: #733616;\">ANVI<\/span><\/strong><\/a> <\/em><span style=\"color: #723918;\"><em>s\u00e1t c\u00e1nh c\u00f9ng c\u1ed9ng \u0111\u1ed3ng c\u00e1c doanh nghi\u1ec7p v\u00e0 doanh nh\u00e2n<\/em> <span style=\"color: #f39f30;\">&#8220;<\/span><\/span><span style=\"color: #f39f30;\"><a style=\"color: #f39f30;\" href=\"https:\/\/anvilaw.com\/vi\/01-sach-kinh-doanh-sanh-luat\/\"><strong><em>Kinh doanh s\u00e0nh lu\u1eadt<\/em><\/strong><\/a>&#8220;<em>!<\/em><\/span><\/h5>\n<p><img loading=\"lazy\" decoding=\"async\" class=\"img-fluid img-fluid wp-image-144 size-medium alignleft\" src=\"https:\/\/anvilaw.com\/wp-content\/uploads\/2021\/02\/logo_anvi-450x450.jpg\" alt=\"ANVI\" width=\"450\" height=\"450\" srcset=\"https:\/\/anvilaw.com\/wp-content\/uploads\/2021\/02\/logo_anvi-450x450.jpg 450w, https:\/\/anvilaw.com\/wp-content\/uploads\/2021\/02\/logo_anvi-768x768.jpg 768w, https:\/\/anvilaw.com\/wp-content\/uploads\/2021\/02\/logo_anvi-300x300.jpg 300w, https:\/\/anvilaw.com\/wp-content\/uploads\/2021\/02\/logo_anvi-150x150.jpg 150w, https:\/\/anvilaw.com\/wp-content\/uploads\/2021\/02\/logo_anvi-75x75.jpg 75w, https:\/\/anvilaw.com\/wp-content\/uploads\/2021\/02\/logo_anvi.jpg 783w\" sizes=\"auto, (max-width: 450px) 100vw, 450px\" \/><\/p>\n<p><span style=\"color: #808080;\"><em><span style=\"color: #723918;\"><strong><a style=\"color: #723918;\" href=\"https:\/\/facebook.com\/anvilawfirm\">ANVI<\/a><\/strong><\/span> \u0111\u00e3 \u0111\u0103ng k\u00fd nh\u00e3n hi\u1ec7u theo Gi\u1ea5y ch\u1ee9ng nh\u1eadn \u0111\u0103ng k\u00fd nh\u00e3n hi\u1ec7u <strong>S\u1ed1:<\/strong> <strong>454660<\/strong> <strong>ng\u00e0y 16\/03\/2023<\/strong> c\u1ee7a C\u1ee5c S\u1edf h\u1eefu Tr\u00ed tu\u1ec7.<\/em><\/span><\/div>\n<\/div>\n<\/div>\n<hr \/>\n<p style=\"text-align: left;\"><span style=\"color: #723918;\"><strong>C\u00f4ng ty Lu\u1eadt <a style=\"color: #723918;\" href=\"https:\/\/facebook.com\/anvilawfirm\">ANVI<\/a><\/strong><\/span><\/p>\n<p style=\"padding-left: 40px; text-align: left;\"><span style=\"color: #808080;\">\u0110\u1ecba ch\u1ec9:<\/span> T\u1ea7ng 2, T\u00f2a nh\u00e0 Savina, 44 ph\u1ed1 Tr\u00e0ng Ti\u1ec1n, ph\u01b0\u1eddng Ho\u00e0n Ki\u1ebfm, H\u00e0 N\u1ed9i.<\/p>\n<p style=\"padding-left: 40px; text-align: left;\"><span style=\"color: #808080;\">Email:<\/span>\u00a0<a href=\"mailto:anvi@anvilaw.com\">anvi@anvilaw.com<\/a><\/p>\n<p style=\"padding-left: 40px; text-align: left;\"><span style=\"color: #808080;\">Facebook:<\/span> <a href=\"https:\/\/www.facebook.com\/anvilawfirm\">ANVI Law Firm<\/a><\/p>\n<p style=\"padding-left: 40px; text-align: left;\"><span style=\"color: #808080;\">LinkedIn:<\/span> <a href=\"http:\/\/www.linkedin.com\/in\/anvi-law-firm-631b8332a\">ANVI Law Firm<\/a><\/p>\n<p style=\"padding-left: 40px; text-align: left;\"><span style=\"color: #808080;\">X (Twitter):<\/span> <a href=\"https:\/\/x.com\/anvilawfirm\">ANVI Law firm<\/a><\/p>\n<p style=\"padding-left: 40px; text-align: left;\"><span style=\"color: #808080;\">Youtube:<\/span> <a href=\"https:\/\/youtube.com\/@anvilawfirm\">ANVI Law Firm<\/a><\/p>\n<\/section>","protected":false},"excerpt":{"rendered":"<p>C\u00f4ng ty Lu\u1eadt ANVI \u0110\u1ecba ch\u1ec9: T\u1ea7ng 2, T\u00f2a nh\u00e0 Savina, 44 ph\u1ed1 Tr\u00e0ng Ti\u1ec1n, ph\u01b0\u1eddng Ho\u00e0n Ki\u1ebfm, H\u00e0 N\u1ed9i. Email:\u00a0anvi@anvilaw.com Facebook: ANVI Law Firm LinkedIn: ANVI Law Firm X (Twitter): ANVI Law firm Youtube: ANVI Law Firm<\/p>\n","protected":false},"author":1,"featured_media":144,"parent":0,"menu_order":0,"comment_status":"closed","ping_status":"closed","template":"single-about.php","meta":{"_acf_changed":false,"footnotes":""},"class_list":["post-37","page","type-page","status-publish","has-post-thumbnail","hentry"],"acf":[],"yoast_head":"<!-- This site is optimized with the Yoast SEO plugin v27.3 - https:\/\/yoast.com\/product\/yoast-seo-wordpress\/ -->\n<title>Gi\u1edbi thi\u1ec7u ANVI - ANVI Law Firm<\/title>\n<meta name=\"description\" content=\"C\u00f4ng ty Lu\u1eadt ANVI | ANVI Law Firm | Lu\u1eadt s\u01b0 doanh nghi\u1ec7p | Lu\u1eadt s\u01b0 \u0111\u1ecbnh ch\u1ebf | Lu\u1eadt s\u01b0 c\u00e1 nh\u00e2n | Lu\u1eadt ANVI | ANVI Law | Kinh doanh s\u00e0nh lu\u1eadt\" \/>\n<meta name=\"robots\" content=\"index, follow, max-snippet:-1, max-image-preview:large, max-video-preview:-1\" \/>\n<link rel=\"canonical\" href=\"https:\/\/anvilaw.com\/vi\/anvi\/\" \/>\n<meta property=\"og:locale\" content=\"vi_VN\" \/>\n<meta property=\"og:type\" content=\"article\" \/>\n<meta property=\"og:title\" content=\"[:vi]Gi\u1edbi thi\u1ec7u ANVI[:en]About us[:] - ANVI Law Firm\" \/>\n<meta property=\"og:description\" content=\"C\u00f4ng ty Lu\u1eadt ANVI | ANVI Law Firm | Lu\u1eadt s\u01b0 doanh nghi\u1ec7p | Lu\u1eadt s\u01b0 \u0111\u1ecbnh ch\u1ebf | Lu\u1eadt s\u01b0 c\u00e1 nh\u00e2n | Lu\u1eadt ANVI | ANVI Law | Kinh doanh s\u00e0nh lu\u1eadt\" \/>\n<meta property=\"og:url\" content=\"https:\/\/anvilaw.com\/vi\/anvi\/\" \/>\n<meta property=\"og:site_name\" content=\"ANVI Law Firm\" \/>\n<meta property=\"article:publisher\" content=\"https:\/\/facebook.com\/anvilawfirm\" \/>\n<meta property=\"article:modified_time\" content=\"2026-02-12T09:42:32+00:00\" \/>\n<meta property=\"og:image\" content=\"https:\/\/anvilaw.com\/wp-content\/uploads\/2021\/02\/logo_anvi.jpg\" \/>\n\t<meta property=\"og:image:width\" content=\"783\" \/>\n\t<meta property=\"og:image:height\" content=\"783\" \/>\n\t<meta property=\"og:image:type\" content=\"image\/jpeg\" \/>\n<meta name=\"twitter:card\" content=\"summary_large_image\" \/>\n<meta name=\"twitter:site\" content=\"@anvilawfirm\" \/>\n<meta name=\"twitter:label1\" content=\"\u01af\u1edbc t\u00ednh th\u1eddi gian \u0111\u1ecdc\" \/>\n\t<meta name=\"twitter:data1\" content=\"4 ph\u00fat\" \/>\n<script type=\"application\/ld+json\" class=\"yoast-schema-graph\">{\"@context\":\"https:\\\/\\\/schema.org\",\"@graph\":[{\"@type\":\"WebPage\",\"@id\":\"https:\\\/\\\/anvilaw.com\\\/vi\\\/anvi\\\/\",\"url\":\"https:\\\/\\\/anvilaw.com\\\/vi\\\/anvi\\\/\",\"name\":\"[:vi]Gi\u1edbi thi\u1ec7u ANVI[:en]About us[:] - ANVI Law Firm\",\"isPartOf\":{\"@id\":\"https:\\\/\\\/anvilaw.com\\\/vi\\\/#website\"},\"primaryImageOfPage\":{\"@id\":\"https:\\\/\\\/anvilaw.com\\\/vi\\\/anvi\\\/#primaryimage\"},\"image\":{\"@id\":\"https:\\\/\\\/anvilaw.com\\\/vi\\\/anvi\\\/#primaryimage\"},\"thumbnailUrl\":\"https:\\\/\\\/anvilaw.com\\\/wp-content\\\/uploads\\\/2021\\\/02\\\/logo_anvi.jpg\",\"datePublished\":\"2021-01-24T03:45:23+00:00\",\"dateModified\":\"2026-02-12T09:42:32+00:00\",\"description\":\"C\u00f4ng ty Lu\u1eadt ANVI | ANVI Law Firm | Lu\u1eadt s\u01b0 doanh nghi\u1ec7p | Lu\u1eadt s\u01b0 \u0111\u1ecbnh ch\u1ebf | Lu\u1eadt s\u01b0 c\u00e1 nh\u00e2n | Lu\u1eadt ANVI | ANVI Law | Kinh doanh s\u00e0nh lu\u1eadt\",\"breadcrumb\":{\"@id\":\"https:\\\/\\\/anvilaw.com\\\/vi\\\/anvi\\\/#breadcrumb\"},\"inLanguage\":\"vi\",\"potentialAction\":[{\"@type\":\"ReadAction\",\"target\":[\"https:\\\/\\\/anvilaw.com\\\/vi\\\/anvi\\\/\"]}]},{\"@type\":\"ImageObject\",\"inLanguage\":\"vi\",\"@id\":\"https:\\\/\\\/anvilaw.com\\\/vi\\\/anvi\\\/#primaryimage\",\"url\":\"https:\\\/\\\/anvilaw.com\\\/wp-content\\\/uploads\\\/2021\\\/02\\\/logo_anvi.jpg\",\"contentUrl\":\"https:\\\/\\\/anvilaw.com\\\/wp-content\\\/uploads\\\/2021\\\/02\\\/logo_anvi.jpg\",\"width\":783,\"height\":783,\"caption\":\"Gi\u1edbi thi\u1ec7u ANVI Lu\u1eadt s\u01b0 doanh nghi\u1ec7p\"},{\"@type\":\"BreadcrumbList\",\"@id\":\"https:\\\/\\\/anvilaw.com\\\/vi\\\/anvi\\\/#breadcrumb\",\"itemListElement\":[{\"@type\":\"ListItem\",\"position\":1,\"name\":\"Home\",\"item\":\"https:\\\/\\\/anvilaw.com\\\/vi\\\/\"},{\"@type\":\"ListItem\",\"position\":2,\"name\":\"Gi\u1edbi thi\u1ec7u ANVI\"}]},{\"@type\":\"WebSite\",\"@id\":\"https:\\\/\\\/anvilaw.com\\\/vi\\\/#website\",\"url\":\"https:\\\/\\\/anvilaw.com\\\/vi\\\/\",\"name\":\"ANVI Law Firm - C\u00f4ng ty Lu\u1eadt ANVI\",\"description\":\"C\u00f4ng ty Lu\u1eadt ANVI - ANVI Law Firm\",\"publisher\":{\"@id\":\"https:\\\/\\\/anvilaw.com\\\/vi\\\/#organization\"},\"alternateName\":\"anvilaw.com\",\"potentialAction\":[{\"@type\":\"SearchAction\",\"target\":{\"@type\":\"EntryPoint\",\"urlTemplate\":\"https:\\\/\\\/anvilaw.com\\\/vi\\\/?s={search_term_string}\"},\"query-input\":{\"@type\":\"PropertyValueSpecification\",\"valueRequired\":true,\"valueName\":\"search_term_string\"}}],\"inLanguage\":\"vi\"},{\"@type\":\"Organization\",\"@id\":\"https:\\\/\\\/anvilaw.com\\\/vi\\\/#organization\",\"name\":\"C\u00f4ng ty Lu\u1eadt ANVI | ANVI Law Firm\",\"alternateName\":\"ANVI\",\"url\":\"https:\\\/\\\/anvilaw.com\\\/vi\\\/\",\"logo\":{\"@type\":\"ImageObject\",\"inLanguage\":\"vi\",\"@id\":\"https:\\\/\\\/anvilaw.com\\\/vi\\\/#\\\/schema\\\/logo\\\/image\\\/\",\"url\":\"https:\\\/\\\/anvilaw.com\\\/wp-content\\\/uploads\\\/2022\\\/01\\\/ANVI-Logo-ca-hinh-va-chu-khong-co-nen-174K-1.png\",\"contentUrl\":\"https:\\\/\\\/anvilaw.com\\\/wp-content\\\/uploads\\\/2022\\\/01\\\/ANVI-Logo-ca-hinh-va-chu-khong-co-nen-174K-1.png\",\"width\":3493,\"height\":1535,\"caption\":\"C\u00f4ng ty Lu\u1eadt ANVI | ANVI Law Firm\"},\"image\":{\"@id\":\"https:\\\/\\\/anvilaw.com\\\/vi\\\/#\\\/schema\\\/logo\\\/image\\\/\"},\"sameAs\":[\"https:\\\/\\\/facebook.com\\\/anvilawfirm\",\"https:\\\/\\\/x.com\\\/anvilawfirm\",\"https:\\\/\\\/www.youtube.com\\\/@anvilawfirm\",\"https:\\\/\\\/www.youtube.com\\\/@lsduc_anvi\"]}]}<\/script>\n<!-- \/ Yoast SEO plugin. -->","yoast_head_json":{"title":"[:vi]Gi\u1edbi thi\u1ec7u ANVI[:en]About us[:] - ANVI Law Firm","description":"C\u00f4ng ty Lu\u1eadt ANVI | ANVI Law Firm | Lu\u1eadt s\u01b0 doanh nghi\u1ec7p | Lu\u1eadt s\u01b0 \u0111\u1ecbnh ch\u1ebf | Lu\u1eadt s\u01b0 c\u00e1 nh\u00e2n | Lu\u1eadt ANVI | ANVI Law | Kinh doanh s\u00e0nh lu\u1eadt","robots":{"index":"index","follow":"follow","max-snippet":"max-snippet:-1","max-image-preview":"max-image-preview:large","max-video-preview":"max-video-preview:-1"},"canonical":"https:\/\/anvilaw.com\/vi\/anvi\/","og_locale":"vi_VN","og_type":"article","og_title":"[:vi]Gi\u1edbi thi\u1ec7u ANVI[:en]About us[:] - ANVI Law Firm","og_description":"C\u00f4ng ty Lu\u1eadt ANVI | ANVI Law Firm | Lu\u1eadt s\u01b0 doanh nghi\u1ec7p | Lu\u1eadt s\u01b0 \u0111\u1ecbnh ch\u1ebf | Lu\u1eadt s\u01b0 c\u00e1 nh\u00e2n | Lu\u1eadt ANVI | ANVI Law | Kinh doanh s\u00e0nh lu\u1eadt","og_url":"https:\/\/anvilaw.com\/vi\/anvi\/","og_site_name":"ANVI Law Firm","article_publisher":"https:\/\/facebook.com\/anvilawfirm","article_modified_time":"2026-02-12T09:42:32+00:00","og_image":[{"width":783,"height":783,"url":"https:\/\/anvilaw.com\/wp-content\/uploads\/2021\/02\/logo_anvi.jpg","type":"image\/jpeg"}],"twitter_card":"summary_large_image","twitter_site":"@anvilawfirm","twitter_misc":{"\u01af\u1edbc t\u00ednh th\u1eddi gian \u0111\u1ecdc":"4 ph\u00fat"},"schema":{"@context":"https:\/\/schema.org","@graph":[{"@type":"WebPage","@id":"https:\/\/anvilaw.com\/vi\/anvi\/","url":"https:\/\/anvilaw.com\/vi\/anvi\/","name":"[:vi]Gi\u1edbi thi\u1ec7u ANVI[:en]About us[:] - ANVI Law Firm","isPartOf":{"@id":"https:\/\/anvilaw.com\/vi\/#website"},"primaryImageOfPage":{"@id":"https:\/\/anvilaw.com\/vi\/anvi\/#primaryimage"},"image":{"@id":"https:\/\/anvilaw.com\/vi\/anvi\/#primaryimage"},"thumbnailUrl":"https:\/\/anvilaw.com\/wp-content\/uploads\/2021\/02\/logo_anvi.jpg","datePublished":"2021-01-24T03:45:23+00:00","dateModified":"2026-02-12T09:42:32+00:00","description":"C\u00f4ng ty Lu\u1eadt ANVI | ANVI Law Firm | Lu\u1eadt s\u01b0 doanh nghi\u1ec7p | Lu\u1eadt s\u01b0 \u0111\u1ecbnh ch\u1ebf | Lu\u1eadt s\u01b0 c\u00e1 nh\u00e2n | Lu\u1eadt ANVI | ANVI Law | Kinh doanh s\u00e0nh lu\u1eadt","breadcrumb":{"@id":"https:\/\/anvilaw.com\/vi\/anvi\/#breadcrumb"},"inLanguage":"vi","potentialAction":[{"@type":"ReadAction","target":["https:\/\/anvilaw.com\/vi\/anvi\/"]}]},{"@type":"ImageObject","inLanguage":"vi","@id":"https:\/\/anvilaw.com\/vi\/anvi\/#primaryimage","url":"https:\/\/anvilaw.com\/wp-content\/uploads\/2021\/02\/logo_anvi.jpg","contentUrl":"https:\/\/anvilaw.com\/wp-content\/uploads\/2021\/02\/logo_anvi.jpg","width":783,"height":783,"caption":"Gi\u1edbi thi\u1ec7u ANVI Lu\u1eadt s\u01b0 doanh nghi\u1ec7p"},{"@type":"BreadcrumbList","@id":"https:\/\/anvilaw.com\/vi\/anvi\/#breadcrumb","itemListElement":[{"@type":"ListItem","position":1,"name":"Home","item":"https:\/\/anvilaw.com\/vi\/"},{"@type":"ListItem","position":2,"name":"Gi\u1edbi thi\u1ec7u ANVI"}]},{"@type":"WebSite","@id":"https:\/\/anvilaw.com\/vi\/#website","url":"https:\/\/anvilaw.com\/vi\/","name":"ANVI Law Firm - C\u00f4ng ty Lu\u1eadt ANVI","description":"C\u00f4ng ty Lu\u1eadt ANVI - ANVI Law Firm","publisher":{"@id":"https:\/\/anvilaw.com\/vi\/#organization"},"alternateName":"anvilaw.com","potentialAction":[{"@type":"SearchAction","target":{"@type":"EntryPoint","urlTemplate":"https:\/\/anvilaw.com\/vi\/?s={search_term_string}"},"query-input":{"@type":"PropertyValueSpecification","valueRequired":true,"valueName":"search_term_string"}}],"inLanguage":"vi"},{"@type":"Organization","@id":"https:\/\/anvilaw.com\/vi\/#organization","name":"C\u00f4ng ty Lu\u1eadt ANVI | ANVI Law Firm","alternateName":"ANVI","url":"https:\/\/anvilaw.com\/vi\/","logo":{"@type":"ImageObject","inLanguage":"vi","@id":"https:\/\/anvilaw.com\/vi\/#\/schema\/logo\/image\/","url":"https:\/\/anvilaw.com\/wp-content\/uploads\/2022\/01\/ANVI-Logo-ca-hinh-va-chu-khong-co-nen-174K-1.png","contentUrl":"https:\/\/anvilaw.com\/wp-content\/uploads\/2022\/01\/ANVI-Logo-ca-hinh-va-chu-khong-co-nen-174K-1.png","width":3493,"height":1535,"caption":"C\u00f4ng ty Lu\u1eadt ANVI | ANVI Law Firm"},"image":{"@id":"https:\/\/anvilaw.com\/vi\/#\/schema\/logo\/image\/"},"sameAs":["https:\/\/facebook.com\/anvilawfirm","https:\/\/x.com\/anvilawfirm","https:\/\/www.youtube.com\/@anvilawfirm","https:\/\/www.youtube.com\/@lsduc_anvi"]}]}},"_links":{"self":[{"href":"https:\/\/anvilaw.com\/vi\/wp-json\/wp\/v2\/pages\/37","targetHints":{"allow":["GET"]}}],"collection":[{"href":"https:\/\/anvilaw.com\/vi\/wp-json\/wp\/v2\/pages"}],"about":[{"href":"https:\/\/anvilaw.com\/vi\/wp-json\/wp\/v2\/types\/page"}],"author":[{"embeddable":true,"href":"https:\/\/anvilaw.com\/vi\/wp-json\/wp\/v2\/users\/1"}],"replies":[{"embeddable":true,"href":"https:\/\/anvilaw.com\/vi\/wp-json\/wp\/v2\/comments?post=37"}],"version-history":[{"count":11,"href":"https:\/\/anvilaw.com\/vi\/wp-json\/wp\/v2\/pages\/37\/revisions"}],"predecessor-version":[{"id":49591,"href":"https:\/\/anvilaw.com\/vi\/wp-json\/wp\/v2\/pages\/37\/revisions\/49591"}],"wp:featuredmedia":[{"embeddable":true,"href":"https:\/\/anvilaw.com\/vi\/wp-json\/wp\/v2\/media\/144"}],"wp:attachment":[{"href":"https:\/\/anvilaw.com\/vi\/wp-json\/wp\/v2\/media?parent=37"}],"curies":[{"name":"wp","href":"https:\/\/api.w.org\/{rel}","templated":true}]}}