{"id":40,"date":"2021-01-24T10:46:28","date_gmt":"2021-01-24T03:46:28","guid":{"rendered":"https:\/\/anvilaw.com\/?page_id=40"},"modified":"2026-02-12T16:44:29","modified_gmt":"2026-02-12T09:44:29","slug":"yeu-cau-tu-van-lien-he","status":"publish","type":"page","link":"https:\/\/anvilaw.com\/vi\/lien-he\/","title":{"rendered":"Y\u00eau c\u1ea7u t\u01b0 v\u1ea5n &#8211; Li\u00ean h\u1ec7"},"content":{"rendered":"<h4><span style=\"color: #713817;\"><b><strong>Y\u00caU C\u1ea6U\u00a0<\/strong><\/b><b><strong>T\u01af V\u1ea4N &#8211; LI\u00caN H\u1ec6<\/strong><\/b><\/span><\/h4>\n<hr class=\"title\" \/>\n<h5><span style=\"color: #f39f31;\">Qu\u00fd kh\u00e1ch xin vui l\u00f2ng cung c\u1ea5p c\u00e1c th\u00f4ng tin c\u01a1 b\u1ea3n v\u00e0 y\u00eau c\u1ea7u t\u01b0 v\u1ea5n &#8211; li\u00ean h\u1ec7 t\u1ea1i \u0111\u00e2y, <a style=\"color: #f39f31;\" href=\"https:\/\/anvilaw.com\/vi\/\"><strong>ANVI<\/strong><\/a>\u00a0s\u1ebd li\u00ean h\u1ec7 l\u1ea1i v\u1edbi Qu\u00fd kh\u00e1ch trong th\u1eddi gian s\u1edbm nh\u1ea5t.<\/span><\/h5>\n<h5><strong>Ho\u1eb7c Qu\u00fd kh\u00e1ch c\u00f3 th\u1ec3 li\u00ean h\u1ec7 v\u1edbi <a href=\"https:\/\/facebook.com\/anvilawfirm\"><span style=\"color: #713817;\">ANVI<\/span><\/a> qua \u0111\u01b0\u1eddng d\u00e2y n\u00f3ng v\u00e0 email:<\/strong><\/h5>\n<p style=\"padding-left: 40px; text-align: left;\"><span style=\"color: #808080;\">Hotline:<\/span> <a href=\"tel:0983040506\">0983 04 05 06<\/a><\/p>\n<p style=\"padding-left: 40px; text-align: left;\"><span style=\"color: #808080;\">Email:<\/span>\u00a0<a href=\"mailto:anvi@anvilaw.com\">anvi@anvilaw.com<\/a><\/p>\n<p style=\"padding-left: 40px; text-align: left;\"><span style=\"color: #808080;\">Facebook:<\/span> <a href=\"https:\/\/www.facebook.com\/anvilawfirm\">ANVI Law Firm<\/a><\/p>\n<p style=\"padding-left: 40px; text-align: left;\"><span style=\"color: #808080;\">LinkedIn:<\/span> <a href=\"http:\/\/www.linkedin.com\/in\/anvi-law-firm-631b8332a\">ANVI Law Firm<\/a><\/p>\n<p style=\"padding-left: 40px; text-align: left;\"><span style=\"color: #808080;\">X (Twitter):<\/span> <a href=\"https:\/\/x.com\/anvilawfirm\">ANVI Law firm<\/a><\/p>\n<p style=\"padding-left: 40px; text-align: left;\"><span style=\"color: #808080;\">Youtube:<\/span> <a href=\"https:\/\/youtube.com\/@anvilawfirm\">ANVI Law Firm<\/a><\/p>\n<h5><strong>C\u00f4ng ty Lu\u1eadt <span style=\"color: #723900;\"><a style=\"color: #723900;\" href=\"https:\/\/facebook.com\/anvilawfirm\">ANVI<\/a><\/span><\/strong><\/h5>\n<h5><span style=\"color: #999999;\"><strong>\u0110\u1ecba ch\u1ec9:<\/strong><\/span> <strong>T\u1ea7ng 2, T\u00f2a nh\u00e0 Savina, 44 ph\u1ed1 Tr\u00e0ng Ti\u1ec1n, ph\u01b0\u1eddng Ho\u00e0n Ki\u1ebfm, H\u00e0 N\u1ed9i.<\/strong><\/h5>\n<p style=\"text-align: center;\">&#8212;&#8212;o0o&#8212;&#8212;<\/p>\n<p style=\"text-align: center;\"><span style=\"color: #723918;\"><em><strong><a href=\"https:\/\/facebook.com\/anvilawfirm\"><span style=\"color: #713817;\">ANVI<\/span><\/a> tr\u00e2n tr\u1ecdng c\u1ea3m \u01a1n Qu\u00fd kh\u00e1ch \u0111\u00e3 g\u1eedi y\u00eau c\u1ea7u t\u01b0 v\u1ea5n v\u00e0 th\u00f4ng tin li\u00ean h\u1ec7 !<\/strong><\/em><\/span><\/p>","protected":false},"excerpt":{"rendered":"<p>Y\u00caU C\u1ea6U\u00a0T\u01af V\u1ea4N &#8211; LI\u00caN H\u1ec6 Qu\u00fd kh\u00e1ch xin vui l\u00f2ng cung c\u1ea5p c\u00e1c th\u00f4ng tin c\u01a1 b\u1ea3n v\u00e0 y\u00eau c\u1ea7u t\u01b0 v\u1ea5n &#8211; li\u00ean h\u1ec7 t\u1ea1i \u0111\u00e2y, ANVI\u00a0s\u1ebd li\u00ean h\u1ec7 l\u1ea1i v\u1edbi Qu\u00fd kh\u00e1ch trong th\u1eddi gian s\u1edbm nh\u1ea5t. Ho\u1eb7c Qu\u00fd kh\u00e1ch c\u00f3 th\u1ec3 li\u00ean h\u1ec7 v\u1edbi ANVI qua \u0111\u01b0\u1eddng d\u00e2y n\u00f3ng v\u00e0 email: [&hellip;]<\/p>\n","protected":false},"author":1,"featured_media":386,"parent":0,"menu_order":0,"comment_status":"closed","ping_status":"closed","template":"single-contact.php","meta":{"_acf_changed":false,"footnotes":""},"class_list":["post-40","page","type-page","status-publish","has-post-thumbnail","hentry"],"acf":[],"yoast_head":"<!-- This site is optimized with the Yoast SEO plugin v27.3 - https:\/\/yoast.com\/product\/yoast-seo-wordpress\/ -->\n<title>Y\u00eau c\u1ea7u t\u01b0 v\u1ea5n - Li\u00ean h\u1ec7 - ANVI Law Firm<\/title>\n<meta name=\"description\" content=\"Qu\u00fd kh\u00e1ch c\u00f3 y\u00eau c\u1ea7u t\u01b0 v\u1ea5n xin vui l\u00f2ng cung c\u1ea5p th\u00f4ng tin ho\u1eb7c li\u00ean h\u1ec7 v\u1edbi ANVI | Ch\u00fang t\u00f4i r\u1ea5t vui khi \u0111\u01b0\u1ee3c h\u1ed7 tr\u1ee3 qu\u00fd kh\u00e1ch.\" \/>\n<meta name=\"robots\" content=\"index, follow, max-snippet:-1, max-image-preview:large, max-video-preview:-1\" \/>\n<link rel=\"canonical\" href=\"https:\/\/anvilaw.com\/vi\/lien-he\/\" \/>\n<meta property=\"og:locale\" content=\"vi_VN\" \/>\n<meta property=\"og:type\" content=\"article\" \/>\n<meta property=\"og:title\" content=\"[:vi]Y\u00eau c\u1ea7u t\u01b0 v\u1ea5n - Li\u00ean h\u1ec7[:en]Contact[:] - ANVI Law Firm\" \/>\n<meta property=\"og:description\" content=\"Qu\u00fd kh\u00e1ch c\u00f3 y\u00eau c\u1ea7u t\u01b0 v\u1ea5n xin vui l\u00f2ng cung c\u1ea5p th\u00f4ng tin ho\u1eb7c li\u00ean h\u1ec7 v\u1edbi ANVI | Ch\u00fang t\u00f4i r\u1ea5t vui khi \u0111\u01b0\u1ee3c h\u1ed7 tr\u1ee3 qu\u00fd kh\u00e1ch.\" \/>\n<meta property=\"og:url\" content=\"https:\/\/anvilaw.com\/vi\/lien-he\/\" \/>\n<meta property=\"og:site_name\" content=\"ANVI Law Firm\" \/>\n<meta property=\"article:publisher\" content=\"https:\/\/facebook.com\/anvilawfirm\" \/>\n<meta property=\"article:modified_time\" content=\"2026-02-12T09:44:29+00:00\" \/>\n<meta property=\"og:image\" content=\"https:\/\/anvilaw.com\/wp-content\/uploads\/2021\/05\/anvi_ls_duc.jpg\" \/>\n\t<meta property=\"og:image:width\" content=\"1024\" \/>\n\t<meta property=\"og:image:height\" content=\"576\" \/>\n\t<meta property=\"og:image:type\" content=\"image\/jpeg\" \/>\n<meta name=\"twitter:card\" content=\"summary_large_image\" \/>\n<meta name=\"twitter:site\" content=\"@anvilawfirm\" \/>\n<meta name=\"twitter:label1\" content=\"\u01af\u1edbc t\u00ednh th\u1eddi gian \u0111\u1ecdc\" \/>\n\t<meta name=\"twitter:data1\" content=\"1 ph\u00fat\" \/>\n<script type=\"application\/ld+json\" class=\"yoast-schema-graph\">{\"@context\":\"https:\\\/\\\/schema.org\",\"@graph\":[{\"@type\":\"WebPage\",\"@id\":\"https:\\\/\\\/anvilaw.com\\\/vi\\\/lien-he\\\/\",\"url\":\"https:\\\/\\\/anvilaw.com\\\/vi\\\/lien-he\\\/\",\"name\":\"[:vi]Y\u00eau c\u1ea7u t\u01b0 v\u1ea5n - Li\u00ean h\u1ec7[:en]Contact[:] - ANVI Law Firm\",\"isPartOf\":{\"@id\":\"https:\\\/\\\/anvilaw.com\\\/vi\\\/#website\"},\"primaryImageOfPage\":{\"@id\":\"https:\\\/\\\/anvilaw.com\\\/vi\\\/lien-he\\\/#primaryimage\"},\"image\":{\"@id\":\"https:\\\/\\\/anvilaw.com\\\/vi\\\/lien-he\\\/#primaryimage\"},\"thumbnailUrl\":\"https:\\\/\\\/anvilaw.com\\\/wp-content\\\/uploads\\\/2021\\\/05\\\/anvi_ls_duc.jpg\",\"datePublished\":\"2021-01-24T03:46:28+00:00\",\"dateModified\":\"2026-02-12T09:44:29+00:00\",\"description\":\"Qu\u00fd kh\u00e1ch c\u00f3 y\u00eau c\u1ea7u t\u01b0 v\u1ea5n xin vui l\u00f2ng cung c\u1ea5p th\u00f4ng tin ho\u1eb7c li\u00ean h\u1ec7 v\u1edbi ANVI | Ch\u00fang t\u00f4i r\u1ea5t vui khi \u0111\u01b0\u1ee3c h\u1ed7 tr\u1ee3 qu\u00fd kh\u00e1ch.\",\"breadcrumb\":{\"@id\":\"https:\\\/\\\/anvilaw.com\\\/vi\\\/lien-he\\\/#breadcrumb\"},\"inLanguage\":\"vi\",\"potentialAction\":[{\"@type\":\"ReadAction\",\"target\":[\"https:\\\/\\\/anvilaw.com\\\/vi\\\/lien-he\\\/\"]}]},{\"@type\":\"ImageObject\",\"inLanguage\":\"vi\",\"@id\":\"https:\\\/\\\/anvilaw.com\\\/vi\\\/lien-he\\\/#primaryimage\",\"url\":\"https:\\\/\\\/anvilaw.com\\\/wp-content\\\/uploads\\\/2021\\\/05\\\/anvi_ls_duc.jpg\",\"contentUrl\":\"https:\\\/\\\/anvilaw.com\\\/wp-content\\\/uploads\\\/2021\\\/05\\\/anvi_ls_duc.jpg\",\"width\":1024,\"height\":576,\"caption\":\"Y\u00eau c\u1ea7u t\u01b0 v\u1ea5n - Li\u00ean h\u1ec7 - ANVI\"},{\"@type\":\"BreadcrumbList\",\"@id\":\"https:\\\/\\\/anvilaw.com\\\/vi\\\/lien-he\\\/#breadcrumb\",\"itemListElement\":[{\"@type\":\"ListItem\",\"position\":1,\"name\":\"Home\",\"item\":\"https:\\\/\\\/anvilaw.com\\\/vi\\\/\"},{\"@type\":\"ListItem\",\"position\":2,\"name\":\"Y\u00eau c\u1ea7u t\u01b0 v\u1ea5n &#8211; Li\u00ean h\u1ec7\"}]},{\"@type\":\"WebSite\",\"@id\":\"https:\\\/\\\/anvilaw.com\\\/vi\\\/#website\",\"url\":\"https:\\\/\\\/anvilaw.com\\\/vi\\\/\",\"name\":\"ANVI Law Firm - C\u00f4ng ty Lu\u1eadt ANVI\",\"description\":\"C\u00f4ng ty Lu\u1eadt ANVI - ANVI Law Firm\",\"publisher\":{\"@id\":\"https:\\\/\\\/anvilaw.com\\\/vi\\\/#organization\"},\"alternateName\":\"anvilaw.com\",\"potentialAction\":[{\"@type\":\"SearchAction\",\"target\":{\"@type\":\"EntryPoint\",\"urlTemplate\":\"https:\\\/\\\/anvilaw.com\\\/vi\\\/?s={search_term_string}\"},\"query-input\":{\"@type\":\"PropertyValueSpecification\",\"valueRequired\":true,\"valueName\":\"search_term_string\"}}],\"inLanguage\":\"vi\"},{\"@type\":\"Organization\",\"@id\":\"https:\\\/\\\/anvilaw.com\\\/vi\\\/#organization\",\"name\":\"C\u00f4ng ty Lu\u1eadt ANVI | ANVI Law Firm\",\"alternateName\":\"ANVI\",\"url\":\"https:\\\/\\\/anvilaw.com\\\/vi\\\/\",\"logo\":{\"@type\":\"ImageObject\",\"inLanguage\":\"vi\",\"@id\":\"https:\\\/\\\/anvilaw.com\\\/vi\\\/#\\\/schema\\\/logo\\\/image\\\/\",\"url\":\"https:\\\/\\\/anvilaw.com\\\/wp-content\\\/uploads\\\/2022\\\/01\\\/ANVI-Logo-ca-hinh-va-chu-khong-co-nen-174K-1.png\",\"contentUrl\":\"https:\\\/\\\/anvilaw.com\\\/wp-content\\\/uploads\\\/2022\\\/01\\\/ANVI-Logo-ca-hinh-va-chu-khong-co-nen-174K-1.png\",\"width\":3493,\"height\":1535,\"caption\":\"C\u00f4ng ty Lu\u1eadt ANVI | ANVI Law Firm\"},\"image\":{\"@id\":\"https:\\\/\\\/anvilaw.com\\\/vi\\\/#\\\/schema\\\/logo\\\/image\\\/\"},\"sameAs\":[\"https:\\\/\\\/facebook.com\\\/anvilawfirm\",\"https:\\\/\\\/x.com\\\/anvilawfirm\",\"https:\\\/\\\/www.youtube.com\\\/@anvilawfirm\",\"https:\\\/\\\/www.youtube.com\\\/@lsduc_anvi\"]}]}<\/script>\n<!-- \/ Yoast SEO plugin. -->","yoast_head_json":{"title":"[:vi]Y\u00eau c\u1ea7u t\u01b0 v\u1ea5n - Li\u00ean h\u1ec7[:en]Contact[:] - ANVI Law Firm","description":"Qu\u00fd kh\u00e1ch c\u00f3 y\u00eau c\u1ea7u t\u01b0 v\u1ea5n xin vui l\u00f2ng cung c\u1ea5p th\u00f4ng tin ho\u1eb7c li\u00ean h\u1ec7 v\u1edbi ANVI | Ch\u00fang t\u00f4i r\u1ea5t vui khi \u0111\u01b0\u1ee3c h\u1ed7 tr\u1ee3 qu\u00fd kh\u00e1ch.","robots":{"index":"index","follow":"follow","max-snippet":"max-snippet:-1","max-image-preview":"max-image-preview:large","max-video-preview":"max-video-preview:-1"},"canonical":"https:\/\/anvilaw.com\/vi\/lien-he\/","og_locale":"vi_VN","og_type":"article","og_title":"[:vi]Y\u00eau c\u1ea7u t\u01b0 v\u1ea5n - Li\u00ean h\u1ec7[:en]Contact[:] - ANVI Law Firm","og_description":"Qu\u00fd kh\u00e1ch c\u00f3 y\u00eau c\u1ea7u t\u01b0 v\u1ea5n xin vui l\u00f2ng cung c\u1ea5p th\u00f4ng tin ho\u1eb7c li\u00ean h\u1ec7 v\u1edbi ANVI | Ch\u00fang t\u00f4i r\u1ea5t vui khi \u0111\u01b0\u1ee3c h\u1ed7 tr\u1ee3 qu\u00fd kh\u00e1ch.","og_url":"https:\/\/anvilaw.com\/vi\/lien-he\/","og_site_name":"ANVI Law Firm","article_publisher":"https:\/\/facebook.com\/anvilawfirm","article_modified_time":"2026-02-12T09:44:29+00:00","og_image":[{"width":1024,"height":576,"url":"https:\/\/anvilaw.com\/wp-content\/uploads\/2021\/05\/anvi_ls_duc.jpg","type":"image\/jpeg"}],"twitter_card":"summary_large_image","twitter_site":"@anvilawfirm","twitter_misc":{"\u01af\u1edbc t\u00ednh th\u1eddi gian \u0111\u1ecdc":"1 ph\u00fat"},"schema":{"@context":"https:\/\/schema.org","@graph":[{"@type":"WebPage","@id":"https:\/\/anvilaw.com\/vi\/lien-he\/","url":"https:\/\/anvilaw.com\/vi\/lien-he\/","name":"[:vi]Y\u00eau c\u1ea7u t\u01b0 v\u1ea5n - Li\u00ean h\u1ec7[:en]Contact[:] - ANVI Law Firm","isPartOf":{"@id":"https:\/\/anvilaw.com\/vi\/#website"},"primaryImageOfPage":{"@id":"https:\/\/anvilaw.com\/vi\/lien-he\/#primaryimage"},"image":{"@id":"https:\/\/anvilaw.com\/vi\/lien-he\/#primaryimage"},"thumbnailUrl":"https:\/\/anvilaw.com\/wp-content\/uploads\/2021\/05\/anvi_ls_duc.jpg","datePublished":"2021-01-24T03:46:28+00:00","dateModified":"2026-02-12T09:44:29+00:00","description":"Qu\u00fd kh\u00e1ch c\u00f3 y\u00eau c\u1ea7u t\u01b0 v\u1ea5n xin vui l\u00f2ng cung c\u1ea5p th\u00f4ng tin ho\u1eb7c li\u00ean h\u1ec7 v\u1edbi ANVI | Ch\u00fang t\u00f4i r\u1ea5t vui khi \u0111\u01b0\u1ee3c h\u1ed7 tr\u1ee3 qu\u00fd kh\u00e1ch.","breadcrumb":{"@id":"https:\/\/anvilaw.com\/vi\/lien-he\/#breadcrumb"},"inLanguage":"vi","potentialAction":[{"@type":"ReadAction","target":["https:\/\/anvilaw.com\/vi\/lien-he\/"]}]},{"@type":"ImageObject","inLanguage":"vi","@id":"https:\/\/anvilaw.com\/vi\/lien-he\/#primaryimage","url":"https:\/\/anvilaw.com\/wp-content\/uploads\/2021\/05\/anvi_ls_duc.jpg","contentUrl":"https:\/\/anvilaw.com\/wp-content\/uploads\/2021\/05\/anvi_ls_duc.jpg","width":1024,"height":576,"caption":"Y\u00eau c\u1ea7u t\u01b0 v\u1ea5n - Li\u00ean h\u1ec7 - ANVI"},{"@type":"BreadcrumbList","@id":"https:\/\/anvilaw.com\/vi\/lien-he\/#breadcrumb","itemListElement":[{"@type":"ListItem","position":1,"name":"Home","item":"https:\/\/anvilaw.com\/vi\/"},{"@type":"ListItem","position":2,"name":"Y\u00eau c\u1ea7u t\u01b0 v\u1ea5n &#8211; Li\u00ean h\u1ec7"}]},{"@type":"WebSite","@id":"https:\/\/anvilaw.com\/vi\/#website","url":"https:\/\/anvilaw.com\/vi\/","name":"ANVI Law Firm - C\u00f4ng ty Lu\u1eadt ANVI","description":"C\u00f4ng ty Lu\u1eadt ANVI - ANVI Law Firm","publisher":{"@id":"https:\/\/anvilaw.com\/vi\/#organization"},"alternateName":"anvilaw.com","potentialAction":[{"@type":"SearchAction","target":{"@type":"EntryPoint","urlTemplate":"https:\/\/anvilaw.com\/vi\/?s={search_term_string}"},"query-input":{"@type":"PropertyValueSpecification","valueRequired":true,"valueName":"search_term_string"}}],"inLanguage":"vi"},{"@type":"Organization","@id":"https:\/\/anvilaw.com\/vi\/#organization","name":"C\u00f4ng ty Lu\u1eadt ANVI | ANVI Law Firm","alternateName":"ANVI","url":"https:\/\/anvilaw.com\/vi\/","logo":{"@type":"ImageObject","inLanguage":"vi","@id":"https:\/\/anvilaw.com\/vi\/#\/schema\/logo\/image\/","url":"https:\/\/anvilaw.com\/wp-content\/uploads\/2022\/01\/ANVI-Logo-ca-hinh-va-chu-khong-co-nen-174K-1.png","contentUrl":"https:\/\/anvilaw.com\/wp-content\/uploads\/2022\/01\/ANVI-Logo-ca-hinh-va-chu-khong-co-nen-174K-1.png","width":3493,"height":1535,"caption":"C\u00f4ng ty Lu\u1eadt ANVI | ANVI Law Firm"},"image":{"@id":"https:\/\/anvilaw.com\/vi\/#\/schema\/logo\/image\/"},"sameAs":["https:\/\/facebook.com\/anvilawfirm","https:\/\/x.com\/anvilawfirm","https:\/\/www.youtube.com\/@anvilawfirm","https:\/\/www.youtube.com\/@lsduc_anvi"]}]}},"_links":{"self":[{"href":"https:\/\/anvilaw.com\/vi\/wp-json\/wp\/v2\/pages\/40","targetHints":{"allow":["GET"]}}],"collection":[{"href":"https:\/\/anvilaw.com\/vi\/wp-json\/wp\/v2\/pages"}],"about":[{"href":"https:\/\/anvilaw.com\/vi\/wp-json\/wp\/v2\/types\/page"}],"author":[{"embeddable":true,"href":"https:\/\/anvilaw.com\/vi\/wp-json\/wp\/v2\/users\/1"}],"replies":[{"embeddable":true,"href":"https:\/\/anvilaw.com\/vi\/wp-json\/wp\/v2\/comments?post=40"}],"version-history":[{"count":7,"href":"https:\/\/anvilaw.com\/vi\/wp-json\/wp\/v2\/pages\/40\/revisions"}],"predecessor-version":[{"id":49594,"href":"https:\/\/anvilaw.com\/vi\/wp-json\/wp\/v2\/pages\/40\/revisions\/49594"}],"wp:featuredmedia":[{"embeddable":true,"href":"https:\/\/anvilaw.com\/vi\/wp-json\/wp\/v2\/media\/386"}],"wp:attachment":[{"href":"https:\/\/anvilaw.com\/vi\/wp-json\/wp\/v2\/media?parent=40"}],"curies":[{"name":"wp","href":"https:\/\/api.w.org\/{rel}","templated":true}]}}