{"id":434,"date":"2021-06-22T15:31:53","date_gmt":"2021-06-22T08:31:53","guid":{"rendered":"https:\/\/anvilaw.com\/vi\/?page_id=434"},"modified":"2026-02-12T16:41:36","modified_gmt":"2026-02-12T09:41:36","slug":"doanh-nghiep","status":"publish","type":"page","link":"https:\/\/anvilaw.com\/vi\/dinh-che-tai-chinh\/doanh-nghiep\/","title":{"rendered":"T\u01b0 v\u1ea5n ph\u00e1p lu\u1eadt d\u00e0nh cho Doanh nghi\u1ec7p &#038; Doanh nh\u00e2n"},"content":{"rendered":"<h4><strong><span style=\"color: #723900;\">T\u01b0 v\u1ea5n ph\u00e1p lu\u1eadt d\u00e0nh cho Doanh nghi\u1ec7p &amp; Doanh nh\u00e2n<\/span><\/strong><\/h4>\n<p>Trong b\u1ed1i c\u1ea3nh h\u1ec7 th\u1ed1ng ph\u00e1p lu\u1eadt hi\u1ec7n h\u00e0nh qu\u00e1 ph\u1ee9c t\u1ea1p, m\u00e2u thu\u1eabn, ch\u1ed3ng ch\u00e9o, b\u1ea5t c\u1eadp, m\u1eadp m\u1edd &amp; kh\u00f3 hi\u1ec3u l\u00e0 m\u1ed9t th\u00e1ch th\u1ee9c l\u1edbn \u0111\u1ed1i v\u1edbi ho\u1ea1t \u0111\u1ed9ng kinh doanh c\u1ee7a m\u1ecdi Doanh nghi\u1ec7p &amp; Doanh nh\u00e2n.Lu\u1eadt s\u01b0 doanh nghi\u1ec7p \u0111\u00e3 tr\u1edf n\u00ean thi\u1ebft th\u1ef1c v\u00e0 kh\u00f4ng th\u1ec3 thi\u1ebfu \u0111\u1ec3 b\u1ea3o \u0111\u1ea3m ho\u1ea1t \u0111\u1ed9ng an to\u00e0n, hi\u1ec7u qu\u1ea3, h\u1ea1n ch\u1ebf t\u1ed1i \u0111a r\u1ee7i ro cho doanh nghi\u1ec7p v\u00e0 doanh nh\u00e2n.<\/p>\n<p>V\u1edbi \u0111\u1ed9i ng\u0169 lu\u1eadt s\u01b0 doanh nghi\u1ec7p chuy\u00ean s\u00e2u, d\u00e0y d\u1ea1n kinh nghi\u1ec7m trong l\u0129nh v\u1ef1c qu\u1ea3n tr\u1ecb, \u0111i\u1ec1u h\u00e0nh c\u00f4ng ty, <a href=\"https:\/\/anvilaw.com\/vi\/\"><strong><span style=\"color: #6c3c1f;\">ANVI<\/span><\/strong><\/a> s\u1ebd h\u1ed7 tr\u1ee3 h\u1eefu hi\u1ec7u, th\u1ef1c d\u1ee5ng cho c\u00e1c doanh nh\u00e2n trong vi\u1ec7c tu\u00e2n th\u1ee7 c\u0169ng nh\u01b0 v\u1eadn d\u1ee5ng ph\u00e1p lu\u1eadt v\u00e0o vi\u1ec7c qu\u1ea3n l\u00fd, \u0111i\u1ec1u h\u00e0nh c\u00f9ng ho\u1ea1t \u0111\u1ed9ng \u0111\u1ea7u t\u01b0, kinh doanh, nh\u1eb1m gi\u1ea3m thi\u1ec3u r\u1ee7i ro ph\u00e1p l\u00fd cho doanh nghi\u1ec7p &amp; doanh nh\u00e2n.<\/p>\n<h4><a href=\"https:\/\/facebook.com\/anvilawfirm\"><strong><span style=\"color: #6c3c1f;\">ANVI<\/span><\/strong><\/a><strong><span style=\"color: #723900;\"> cung \u1ee9ng 7 d\u1ecbch v\u1ee5 ph\u00e1p l\u00fd sau \u0111\u00e2y cho c\u00e1c doanh nghi\u1ec7p &amp; doanh nh\u00e2n:<\/span><\/strong><\/h4>\n<h5 style=\"text-align: left; padding-left: 40px;\"><strong>1. T\u01b0 v\u1ea5n v\u00e0 cung c\u1ea5p th\u00f4ng tin th\u01b0\u1eddng xuy\u00ean v\u1ec1:<\/strong><\/h5>\n<ul>\n<li style=\"list-style-type: none;\">\n<ul>\n<li>Ph\u00e1p lu\u1eadt \u0111\u1ea7u t\u01b0, kinh doanh, ch\u1ee9ng kho\u00e1n;<\/li>\n<li>Thu\u1ebf v\u00e0 s\u1edf h\u1eefu tr\u00ed tu\u1ec7 cho doanh nghi\u1ec7p, v.v,&#8230;<\/li>\n<\/ul>\n<\/li>\n<\/ul>\n<h5 style=\"padding-left: 40px;\"><strong>2. T\u01b0 v\u1ea5n:<\/strong><\/h5>\n<ul>\n<li style=\"list-style-type: none;\">\n<ul>\n<li>T\u00e1i c\u1ea5u tr\u00fac doanh nghi\u1ec7p;<\/li>\n<li>C\u1ea5u tr\u00fac c\u00e1c giao d\u1ecbch;<\/li>\n<li>\u0110\u00e0m ph\u00e1n, so\u1ea1n th\u1ea3o h\u1ee3p \u0111\u1ed3ng, giao d\u1ecbch, d\u1ef1 \u00e1n;<\/li>\n<li>Vay v\u1ed1n v\u00e0 x\u1eed l\u00fd n\u1ee3 c\u1ee7a doanh nghi\u1ec7p;<\/li>\n<\/ul>\n<\/li>\n<\/ul>\n<h5 style=\"padding-left: 40px;\"><strong>3. T\u01b0 v\u1ea5n x\u00e2y d\u1ef1ng h\u1ec7 th\u1ed1ng quy \u0111\u1ecbnh n\u1ed9i b\u1ed9 v\u00e0 m\u1eabu bi\u1ec3u c\u1ee7a doanh nghi\u1ec7p nh\u01b0:<\/strong><\/h5>\n<ul>\n<li style=\"list-style-type: none;\">\n<ul>\n<li>\u0110i\u1ec1u l\u1ec7; n\u1ed9i quy; th\u1ecfa \u01b0\u1edbc;<\/li>\n<li>Quy ch\u1ebf t\u00e0i ch\u00ednh, ti\u1ec1n l\u01b0\u01a1ng,<\/li>\n<li>Khen th\u01b0\u1edfng, k\u1ef7 lu\u1eadt<\/li>\n<li>C\u00e1c quy ch\u1ebf t\u1ed5 ch\u1ee9c, ho\u1ea1t \u0111\u1ed9ng, v.v,\u2026;<\/li>\n<\/ul>\n<\/li>\n<\/ul>\n<h5 style=\"padding-left: 40px;\"><strong>4. T\u01b0 v\u1ea5n, \u0111\u1ea1i di\u1ec7n, tham gia t\u1ed1 t\u1ee5ng b\u1ea3o v\u1ec7 quy\u1ec1n, l\u1ee3i \u00edch h\u1ee3p ph\u00e1p trong c\u00e1c v\u1ee5 vi\u1ec7c, v\u1ee5 \u00e1n:<\/strong><\/h5>\n<ul>\n<li style=\"list-style-type: none;\">\n<ul>\n<li>Gi\u1ea3i quy\u1ebft tranh ch\u1ea5p \u0111\u1ea7u t\u01b0, kinh doanh, th\u01b0\u01a1ng m\u1ea1i,<\/li>\n<li>D\u00e2n s\u1ef1, lao \u0111\u1ed9ng;<\/li>\n<li>H\u00e0nh ch\u00ednh, h\u00ecnh s\u1ef1 t\u1ea1i T\u00f2a \u00e1n, Tr\u1ecdng t\u00e0i Th\u01b0\u01a1ng m\u1ea1i &amp; c\u00e1c c\u01a1 quan h\u1eefu quan;<\/li>\n<\/ul>\n<\/li>\n<\/ul>\n<h5 style=\"padding-left: 40px;\"><strong>5. T\u01b0 v\u1ea5n c\u00e1c th\u1ee7 t\u1ee5c h\u00e0nh ch\u00ednh v\u1ec1 vi\u1ec7c th\u00e0nh l\u1eadp c\u0169ng nh\u01b0 \u0111\u00e1p \u1ee9ng c\u00e1c gi\u1ea5y ph\u00e9p &amp; \u0111i\u1ec1u ki\u1ec7n \u0111\u1ea7u t\u01b0, kinh doanh kh\u00e1c c\u1ee7a doanh nghi\u1ec7p;<\/strong><\/h5>\n<h5 style=\"padding-left: 40px;\"><strong>6. Cung \u1ee9ng c\u00e1c ch\u01b0\u01a1ng tr\u00ecnh gi\u1ea3ng d\u1ea1y, t\u1eadp hu\u1ea5n, \u0111\u00e0o t\u1ea1o, chia s\u1ebb ph\u00e1p lu\u1eadt t\u1eeb c\u01a1 b\u1ea3n \u0111\u1ebfn chuy\u00ean s\u00e2u cho:<\/strong><\/h5>\n<ul>\n<li style=\"list-style-type: none;\">\n<ul>\n<li>Ng\u01b0\u1eddi qu\u1ea3n l\u00fd, l\u00e3nh \u0111\u1ea1o doanh nghi\u1ec7p;<\/li>\n<li>Nh\u00e2n vi\u00ean &amp; ng\u01b0\u1eddi lao \u0111\u1ed9ng c\u1ee7a doanh nghi\u1ec7p.<\/li>\n<\/ul>\n<\/li>\n<\/ul>\n<h5 style=\"padding-left: 40px;\"><strong>7. Cung c\u1ea5p d\u1ecbch v\u1ee5 Th\u00e0nh vi\u00ean \u0111\u1ed9c l\u1eadp c\u1ee7a H\u1ed9i \u0111\u1ed3ng qu\u1ea3n tr\u1ecb.<\/strong><\/h5>\n<p><img loading=\"lazy\" decoding=\"async\" class=\"img-fluid img-fluid wp-image-4340 alignleft\" src=\"https:\/\/anvilaw.com\/wp-content\/uploads\/2022\/01\/ANVI-2022.01.26-01-450x270.jpg\" alt=\"Doanh nghi\u1ec7p &amp; Doanh nh\u00e2n; lu\u1eadt s\u01b0 doanh nghi\u1ec7p\" width=\"540\" height=\"324\" srcset=\"https:\/\/anvilaw.com\/wp-content\/uploads\/2022\/01\/ANVI-2022.01.26-01-450x270.jpg 450w, https:\/\/anvilaw.com\/wp-content\/uploads\/2022\/01\/ANVI-2022.01.26-01-1024x614.jpg 1024w, https:\/\/anvilaw.com\/wp-content\/uploads\/2022\/01\/ANVI-2022.01.26-01-768x461.jpg 768w, https:\/\/anvilaw.com\/wp-content\/uploads\/2022\/01\/ANVI-2022.01.26-01-1536x922.jpg 1536w, https:\/\/anvilaw.com\/wp-content\/uploads\/2022\/01\/ANVI-2022.01.26-01-2048x1229.jpg 2048w\" sizes=\"auto, (max-width: 540px) 100vw, 540px\" \/><\/p>\n<p><strong>C\u00f4ng ty Lu\u1eadt <span style=\"color: #723900;\"><a style=\"color: #723900;\" href=\"https:\/\/facebook.com\/anvilawfirm\">ANVI<\/a><\/span><\/strong><\/p>\n<p style=\"padding-left: 40px;\"><span style=\"color: #808080;\">\u0110\u1ecba ch\u1ec9:<\/span> T\u1ea7ng 2, T\u00f2a nh\u00e0 Savina, 44 ph\u1ed1 Tr\u00e0ng Ti\u1ec1n, ph\u01b0\u1eddng Ho\u00e0n Ki\u1ebfm, H\u00e0 N\u1ed9i.<\/p>\n<p style=\"padding-left: 80px; text-align: left;\"><span style=\"color: #808080;\">Hotline:<\/span> <a href=\"tel:0983040506\">09 83 04 05 06<\/a><\/p>\n<p style=\"padding-left: 80px; text-align: left;\"><span style=\"color: #808080;\">Email:<\/span>\u00a0<a href=\"mailto:anvi@anvilaw.com\">anvi@anvilaw.com<\/a><\/p>\n<p style=\"padding-left: 80px; text-align: left;\"><span style=\"color: #808080;\">Facebook:<\/span> <a href=\"https:\/\/www.facebook.com\/anvilawfirm\">ANVI Law Firm<\/a><\/p>\n<p style=\"padding-left: 80px; text-align: left;\"><span style=\"color: #808080;\">LinkedIn:<\/span> <a href=\"http:\/\/www.linkedin.com\/in\/anvi-law-firm-631b8332a\">ANVI Law Firm<\/a><\/p>\n<p style=\"padding-left: 80px; text-align: left;\"><span style=\"color: #808080;\">X (Twitter):<\/span> <a href=\"https:\/\/x.com\/anvilawfirm\">ANVI Law firm<\/a><\/p>\n<p style=\"padding-left: 80px; text-align: left;\"><span style=\"color: #808080;\">Youtube:<\/span> <a href=\"https:\/\/youtube.com\/@anvilawfirm\">ANVI Law Firm<\/a><\/p>","protected":false},"excerpt":{"rendered":"<p>T\u01b0 v\u1ea5n ph\u00e1p lu\u1eadt d\u00e0nh cho Doanh nghi\u1ec7p &amp; Doanh nh\u00e2n Trong b\u1ed1i c\u1ea3nh h\u1ec7 th\u1ed1ng ph\u00e1p lu\u1eadt hi\u1ec7n h\u00e0nh qu\u00e1 ph\u1ee9c t\u1ea1p, m\u00e2u thu\u1eabn, ch\u1ed3ng ch\u00e9o, b\u1ea5t c\u1eadp, m\u1eadp m\u1edd &amp; kh\u00f3 hi\u1ec3u l\u00e0 m\u1ed9t th\u00e1ch th\u1ee9c l\u1edbn \u0111\u1ed1i v\u1edbi ho\u1ea1t \u0111\u1ed9ng kinh doanh c\u1ee7a m\u1ecdi Doanh nghi\u1ec7p &amp; Doanh nh\u00e2n.Lu\u1eadt s\u01b0 doanh nghi\u1ec7p [&hellip;]<\/p>\n","protected":false},"author":1,"featured_media":644,"parent":438,"menu_order":0,"comment_status":"closed","ping_status":"closed","template":"page-service.php","meta":{"_acf_changed":false,"footnotes":""},"class_list":["post-434","page","type-page","status-publish","has-post-thumbnail","hentry"],"acf":[],"yoast_head":"<!-- This site is optimized with the Yoast SEO plugin v26.9 - https:\/\/yoast.com\/product\/yoast-seo-wordpress\/ -->\n<title>T\u01b0 v\u1ea5n ph\u00e1p lu\u1eadt d\u00e0nh cho Doanh nghi\u1ec7p &amp; Doanh nh\u00e2n - ANVI Law Firm<\/title>\n<meta name=\"description\" content=\"T\u01b0 v\u1ea5n ph\u00e1p lu\u1eadt d\u00e0nh cho Doanh nghi\u1ec7p v\u00e0 Doanh nh\u00e2n; C\u00f4ng ty Lu\u1eadt ANVI lu\u1eadt s\u01b0 doanh nghi\u1ec7p h\u00e0ng \u0111\u1ea7u v\u1edbi c\u00e1c lu\u1eadt s\u01b0 tr\u00ean 30 n\u0103m kinh nghi\u1ec7m\" \/>\n<meta name=\"robots\" content=\"index, follow, max-snippet:-1, max-image-preview:large, max-video-preview:-1\" \/>\n<link rel=\"canonical\" href=\"https:\/\/anvilaw.com\/vi\/dinh-che-tai-chinh\/doanh-nghiep\/\" \/>\n<meta property=\"og:locale\" content=\"vi_VN\" \/>\n<meta property=\"og:type\" content=\"article\" \/>\n<meta property=\"og:title\" content=\"[:vi]T\u01b0 v\u1ea5n ph\u00e1p lu\u1eadt d\u00e0nh cho Doanh nghi\u1ec7p &amp; Doanh nh\u00e2n[:en]Legal Services for Businesses and Entrepreneurs[:] - ANVI Law Firm\" \/>\n<meta property=\"og:description\" content=\"T\u01b0 v\u1ea5n ph\u00e1p lu\u1eadt d\u00e0nh cho Doanh nghi\u1ec7p v\u00e0 Doanh nh\u00e2n; C\u00f4ng ty Lu\u1eadt ANVI lu\u1eadt s\u01b0 doanh nghi\u1ec7p h\u00e0ng \u0111\u1ea7u v\u1edbi c\u00e1c lu\u1eadt s\u01b0 tr\u00ean 30 n\u0103m kinh nghi\u1ec7m\" \/>\n<meta property=\"og:url\" content=\"https:\/\/anvilaw.com\/vi\/dinh-che-tai-chinh\/doanh-nghiep\/\" \/>\n<meta property=\"og:site_name\" content=\"ANVI Law Firm\" \/>\n<meta property=\"article:publisher\" content=\"https:\/\/facebook.com\/anvilawfirm\" \/>\n<meta property=\"article:modified_time\" content=\"2026-02-12T09:41:36+00:00\" \/>\n<meta property=\"og:image\" content=\"https:\/\/anvilaw.com\/wp-content\/uploads\/2021\/03\/kinh_doanh_sanh_luat.jpg\" \/>\n\t<meta property=\"og:image:width\" content=\"750\" \/>\n\t<meta property=\"og:image:height\" content=\"491\" \/>\n\t<meta property=\"og:image:type\" content=\"image\/jpeg\" \/>\n<meta name=\"twitter:card\" content=\"summary_large_image\" \/>\n<meta name=\"twitter:site\" content=\"@anvilawfirm\" \/>\n<meta name=\"twitter:label1\" content=\"\u01af\u1edbc t\u00ednh th\u1eddi gian \u0111\u1ecdc\" \/>\n\t<meta name=\"twitter:data1\" content=\"2 ph\u00fat\" \/>\n<script type=\"application\/ld+json\" class=\"yoast-schema-graph\">{\"@context\":\"https:\/\/schema.org\",\"@graph\":[{\"@type\":\"WebPage\",\"@id\":\"https:\/\/anvilaw.com\/vi\/dinh-che-tai-chinh\/doanh-nghiep\/\",\"url\":\"https:\/\/anvilaw.com\/vi\/dinh-che-tai-chinh\/doanh-nghiep\/\",\"name\":\"[:vi]T\u01b0 v\u1ea5n ph\u00e1p lu\u1eadt d\u00e0nh cho Doanh nghi\u1ec7p & Doanh nh\u00e2n[:en]Legal Services for Businesses and Entrepreneurs[:] - ANVI Law Firm\",\"isPartOf\":{\"@id\":\"https:\/\/anvilaw.com\/vi\/#website\"},\"primaryImageOfPage\":{\"@id\":\"https:\/\/anvilaw.com\/vi\/dinh-che-tai-chinh\/doanh-nghiep\/#primaryimage\"},\"image\":{\"@id\":\"https:\/\/anvilaw.com\/vi\/dinh-che-tai-chinh\/doanh-nghiep\/#primaryimage\"},\"thumbnailUrl\":\"https:\/\/anvilaw.com\/wp-content\/uploads\/2021\/03\/kinh_doanh_sanh_luat.jpg\",\"datePublished\":\"2021-06-22T08:31:53+00:00\",\"dateModified\":\"2026-02-12T09:41:36+00:00\",\"description\":\"T\u01b0 v\u1ea5n ph\u00e1p lu\u1eadt d\u00e0nh cho Doanh nghi\u1ec7p v\u00e0 Doanh nh\u00e2n; C\u00f4ng ty Lu\u1eadt ANVI lu\u1eadt s\u01b0 doanh nghi\u1ec7p h\u00e0ng \u0111\u1ea7u v\u1edbi c\u00e1c lu\u1eadt s\u01b0 tr\u00ean 30 n\u0103m kinh nghi\u1ec7m\",\"breadcrumb\":{\"@id\":\"https:\/\/anvilaw.com\/vi\/dinh-che-tai-chinh\/doanh-nghiep\/#breadcrumb\"},\"inLanguage\":\"vi\",\"potentialAction\":[{\"@type\":\"ReadAction\",\"target\":[\"https:\/\/anvilaw.com\/vi\/dinh-che-tai-chinh\/doanh-nghiep\/\"]}]},{\"@type\":\"ImageObject\",\"inLanguage\":\"vi\",\"@id\":\"https:\/\/anvilaw.com\/vi\/dinh-che-tai-chinh\/doanh-nghiep\/#primaryimage\",\"url\":\"https:\/\/anvilaw.com\/wp-content\/uploads\/2021\/03\/kinh_doanh_sanh_luat.jpg\",\"contentUrl\":\"https:\/\/anvilaw.com\/wp-content\/uploads\/2021\/03\/kinh_doanh_sanh_luat.jpg\",\"width\":750,\"height\":491,\"caption\":\"T\u01b0 v\u1ea5n ph\u00e1p lu\u1eadt cho Doanh nghi\u1ec7p & Doanh nh\u00e2n | Lu\u1eadt s\u01b0 doanh nghi\u1ec7p\"},{\"@type\":\"BreadcrumbList\",\"@id\":\"https:\/\/anvilaw.com\/vi\/dinh-che-tai-chinh\/doanh-nghiep\/#breadcrumb\",\"itemListElement\":[{\"@type\":\"ListItem\",\"position\":1,\"name\":\"Home\",\"item\":\"https:\/\/anvilaw.com\/vi\/\"},{\"@type\":\"ListItem\",\"position\":2,\"name\":\"D\u1ecbch v\u1ee5 ph\u00e1p l\u00fd d\u00e0nh cho \u0110\u1ecbnh ch\u1ebf t\u00e0i ch\u00ednh\",\"item\":\"https:\/\/anvilaw.com\/vi\/dinh-che-tai-chinh\/\"},{\"@type\":\"ListItem\",\"position\":3,\"name\":\"T\u01b0 v\u1ea5n ph\u00e1p lu\u1eadt d\u00e0nh cho Doanh nghi\u1ec7p &#038; Doanh nh\u00e2n\"}]},{\"@type\":\"WebSite\",\"@id\":\"https:\/\/anvilaw.com\/vi\/#website\",\"url\":\"https:\/\/anvilaw.com\/vi\/\",\"name\":\"ANVI Law Firm - C\u00f4ng ty Lu\u1eadt ANVI\",\"description\":\"C\u00f4ng ty Lu\u1eadt ANVI - ANVI Law Firm\",\"publisher\":{\"@id\":\"https:\/\/anvilaw.com\/vi\/#organization\"},\"alternateName\":\"anvilaw.com\",\"potentialAction\":[{\"@type\":\"SearchAction\",\"target\":{\"@type\":\"EntryPoint\",\"urlTemplate\":\"https:\/\/anvilaw.com\/vi\/?s={search_term_string}\"},\"query-input\":{\"@type\":\"PropertyValueSpecification\",\"valueRequired\":true,\"valueName\":\"search_term_string\"}}],\"inLanguage\":\"vi\"},{\"@type\":\"Organization\",\"@id\":\"https:\/\/anvilaw.com\/vi\/#organization\",\"name\":\"C\u00f4ng ty Lu\u1eadt ANVI | ANVI Law Firm\",\"alternateName\":\"ANVI\",\"url\":\"https:\/\/anvilaw.com\/vi\/\",\"logo\":{\"@type\":\"ImageObject\",\"inLanguage\":\"vi\",\"@id\":\"https:\/\/anvilaw.com\/vi\/#\/schema\/logo\/image\/\",\"url\":\"https:\/\/anvilaw.com\/wp-content\/uploads\/2022\/01\/ANVI-Logo-ca-hinh-va-chu-khong-co-nen-174K-1.png\",\"contentUrl\":\"https:\/\/anvilaw.com\/wp-content\/uploads\/2022\/01\/ANVI-Logo-ca-hinh-va-chu-khong-co-nen-174K-1.png\",\"width\":3493,\"height\":1535,\"caption\":\"C\u00f4ng ty Lu\u1eadt ANVI | ANVI Law Firm\"},\"image\":{\"@id\":\"https:\/\/anvilaw.com\/vi\/#\/schema\/logo\/image\/\"},\"sameAs\":[\"https:\/\/facebook.com\/anvilawfirm\",\"https:\/\/x.com\/anvilawfirm\",\"https:\/\/www.youtube.com\/@anvilawfirm\",\"https:\/\/www.youtube.com\/@lsduc_anvi\"]}]}<\/script>\n<!-- \/ Yoast SEO plugin. -->","yoast_head_json":{"title":"[:vi]T\u01b0 v\u1ea5n ph\u00e1p lu\u1eadt d\u00e0nh cho Doanh nghi\u1ec7p & Doanh nh\u00e2n[:en]Legal Services for Businesses and Entrepreneurs[:] - ANVI Law Firm","description":"T\u01b0 v\u1ea5n ph\u00e1p lu\u1eadt d\u00e0nh cho Doanh nghi\u1ec7p v\u00e0 Doanh nh\u00e2n; C\u00f4ng ty Lu\u1eadt ANVI lu\u1eadt s\u01b0 doanh nghi\u1ec7p h\u00e0ng \u0111\u1ea7u v\u1edbi c\u00e1c lu\u1eadt s\u01b0 tr\u00ean 30 n\u0103m kinh nghi\u1ec7m","robots":{"index":"index","follow":"follow","max-snippet":"max-snippet:-1","max-image-preview":"max-image-preview:large","max-video-preview":"max-video-preview:-1"},"canonical":"https:\/\/anvilaw.com\/vi\/dinh-che-tai-chinh\/doanh-nghiep\/","og_locale":"vi_VN","og_type":"article","og_title":"[:vi]T\u01b0 v\u1ea5n ph\u00e1p lu\u1eadt d\u00e0nh cho Doanh nghi\u1ec7p & Doanh nh\u00e2n[:en]Legal Services for Businesses and Entrepreneurs[:] - ANVI Law Firm","og_description":"T\u01b0 v\u1ea5n ph\u00e1p lu\u1eadt d\u00e0nh cho Doanh nghi\u1ec7p v\u00e0 Doanh nh\u00e2n; C\u00f4ng ty Lu\u1eadt ANVI lu\u1eadt s\u01b0 doanh nghi\u1ec7p h\u00e0ng \u0111\u1ea7u v\u1edbi c\u00e1c lu\u1eadt s\u01b0 tr\u00ean 30 n\u0103m kinh nghi\u1ec7m","og_url":"https:\/\/anvilaw.com\/vi\/dinh-che-tai-chinh\/doanh-nghiep\/","og_site_name":"ANVI Law Firm","article_publisher":"https:\/\/facebook.com\/anvilawfirm","article_modified_time":"2026-02-12T09:41:36+00:00","og_image":[{"width":750,"height":491,"url":"https:\/\/anvilaw.com\/wp-content\/uploads\/2021\/03\/kinh_doanh_sanh_luat.jpg","type":"image\/jpeg"}],"twitter_card":"summary_large_image","twitter_site":"@anvilawfirm","twitter_misc":{"\u01af\u1edbc t\u00ednh th\u1eddi gian \u0111\u1ecdc":"2 ph\u00fat"},"schema":{"@context":"https:\/\/schema.org","@graph":[{"@type":"WebPage","@id":"https:\/\/anvilaw.com\/vi\/dinh-che-tai-chinh\/doanh-nghiep\/","url":"https:\/\/anvilaw.com\/vi\/dinh-che-tai-chinh\/doanh-nghiep\/","name":"[:vi]T\u01b0 v\u1ea5n ph\u00e1p lu\u1eadt d\u00e0nh cho Doanh nghi\u1ec7p & Doanh nh\u00e2n[:en]Legal Services for Businesses and Entrepreneurs[:] - ANVI Law Firm","isPartOf":{"@id":"https:\/\/anvilaw.com\/vi\/#website"},"primaryImageOfPage":{"@id":"https:\/\/anvilaw.com\/vi\/dinh-che-tai-chinh\/doanh-nghiep\/#primaryimage"},"image":{"@id":"https:\/\/anvilaw.com\/vi\/dinh-che-tai-chinh\/doanh-nghiep\/#primaryimage"},"thumbnailUrl":"https:\/\/anvilaw.com\/wp-content\/uploads\/2021\/03\/kinh_doanh_sanh_luat.jpg","datePublished":"2021-06-22T08:31:53+00:00","dateModified":"2026-02-12T09:41:36+00:00","description":"T\u01b0 v\u1ea5n ph\u00e1p lu\u1eadt d\u00e0nh cho Doanh nghi\u1ec7p v\u00e0 Doanh nh\u00e2n; C\u00f4ng ty Lu\u1eadt ANVI lu\u1eadt s\u01b0 doanh nghi\u1ec7p h\u00e0ng \u0111\u1ea7u v\u1edbi c\u00e1c lu\u1eadt s\u01b0 tr\u00ean 30 n\u0103m kinh nghi\u1ec7m","breadcrumb":{"@id":"https:\/\/anvilaw.com\/vi\/dinh-che-tai-chinh\/doanh-nghiep\/#breadcrumb"},"inLanguage":"vi","potentialAction":[{"@type":"ReadAction","target":["https:\/\/anvilaw.com\/vi\/dinh-che-tai-chinh\/doanh-nghiep\/"]}]},{"@type":"ImageObject","inLanguage":"vi","@id":"https:\/\/anvilaw.com\/vi\/dinh-che-tai-chinh\/doanh-nghiep\/#primaryimage","url":"https:\/\/anvilaw.com\/wp-content\/uploads\/2021\/03\/kinh_doanh_sanh_luat.jpg","contentUrl":"https:\/\/anvilaw.com\/wp-content\/uploads\/2021\/03\/kinh_doanh_sanh_luat.jpg","width":750,"height":491,"caption":"T\u01b0 v\u1ea5n ph\u00e1p lu\u1eadt cho Doanh nghi\u1ec7p & Doanh nh\u00e2n | Lu\u1eadt s\u01b0 doanh nghi\u1ec7p"},{"@type":"BreadcrumbList","@id":"https:\/\/anvilaw.com\/vi\/dinh-che-tai-chinh\/doanh-nghiep\/#breadcrumb","itemListElement":[{"@type":"ListItem","position":1,"name":"Home","item":"https:\/\/anvilaw.com\/vi\/"},{"@type":"ListItem","position":2,"name":"D\u1ecbch v\u1ee5 ph\u00e1p l\u00fd d\u00e0nh cho \u0110\u1ecbnh ch\u1ebf t\u00e0i ch\u00ednh","item":"https:\/\/anvilaw.com\/vi\/dinh-che-tai-chinh\/"},{"@type":"ListItem","position":3,"name":"T\u01b0 v\u1ea5n ph\u00e1p lu\u1eadt d\u00e0nh cho Doanh nghi\u1ec7p &#038; Doanh nh\u00e2n"}]},{"@type":"WebSite","@id":"https:\/\/anvilaw.com\/vi\/#website","url":"https:\/\/anvilaw.com\/vi\/","name":"ANVI Law Firm - C\u00f4ng ty Lu\u1eadt ANVI","description":"C\u00f4ng ty Lu\u1eadt ANVI - ANVI Law Firm","publisher":{"@id":"https:\/\/anvilaw.com\/vi\/#organization"},"alternateName":"anvilaw.com","potentialAction":[{"@type":"SearchAction","target":{"@type":"EntryPoint","urlTemplate":"https:\/\/anvilaw.com\/vi\/?s={search_term_string}"},"query-input":{"@type":"PropertyValueSpecification","valueRequired":true,"valueName":"search_term_string"}}],"inLanguage":"vi"},{"@type":"Organization","@id":"https:\/\/anvilaw.com\/vi\/#organization","name":"C\u00f4ng ty Lu\u1eadt ANVI | ANVI Law Firm","alternateName":"ANVI","url":"https:\/\/anvilaw.com\/vi\/","logo":{"@type":"ImageObject","inLanguage":"vi","@id":"https:\/\/anvilaw.com\/vi\/#\/schema\/logo\/image\/","url":"https:\/\/anvilaw.com\/wp-content\/uploads\/2022\/01\/ANVI-Logo-ca-hinh-va-chu-khong-co-nen-174K-1.png","contentUrl":"https:\/\/anvilaw.com\/wp-content\/uploads\/2022\/01\/ANVI-Logo-ca-hinh-va-chu-khong-co-nen-174K-1.png","width":3493,"height":1535,"caption":"C\u00f4ng ty Lu\u1eadt ANVI | ANVI Law Firm"},"image":{"@id":"https:\/\/anvilaw.com\/vi\/#\/schema\/logo\/image\/"},"sameAs":["https:\/\/facebook.com\/anvilawfirm","https:\/\/x.com\/anvilawfirm","https:\/\/www.youtube.com\/@anvilawfirm","https:\/\/www.youtube.com\/@lsduc_anvi"]}]}},"_links":{"self":[{"href":"https:\/\/anvilaw.com\/vi\/wp-json\/wp\/v2\/pages\/434","targetHints":{"allow":["GET"]}}],"collection":[{"href":"https:\/\/anvilaw.com\/vi\/wp-json\/wp\/v2\/pages"}],"about":[{"href":"https:\/\/anvilaw.com\/vi\/wp-json\/wp\/v2\/types\/page"}],"author":[{"embeddable":true,"href":"https:\/\/anvilaw.com\/vi\/wp-json\/wp\/v2\/users\/1"}],"replies":[{"embeddable":true,"href":"https:\/\/anvilaw.com\/vi\/wp-json\/wp\/v2\/comments?post=434"}],"version-history":[{"count":12,"href":"https:\/\/anvilaw.com\/vi\/wp-json\/wp\/v2\/pages\/434\/revisions"}],"predecessor-version":[{"id":49590,"href":"https:\/\/anvilaw.com\/vi\/wp-json\/wp\/v2\/pages\/434\/revisions\/49590"}],"up":[{"embeddable":true,"href":"https:\/\/anvilaw.com\/vi\/wp-json\/wp\/v2\/pages\/438"}],"wp:featuredmedia":[{"embeddable":true,"href":"https:\/\/anvilaw.com\/vi\/wp-json\/wp\/v2\/media\/644"}],"wp:attachment":[{"href":"https:\/\/anvilaw.com\/vi\/wp-json\/wp\/v2\/media?parent=434"}],"curies":[{"name":"wp","href":"https:\/\/api.w.org\/{rel}","templated":true}]}}