{"id":436,"date":"2021-06-22T15:38:04","date_gmt":"2021-06-22T08:38:04","guid":{"rendered":"https:\/\/anvilaw.com\/vi\/?page_id=436"},"modified":"2026-02-12T16:43:40","modified_gmt":"2026-02-12T09:43:40","slug":"ca-nhan-ho-kinh-doanh","status":"publish","type":"page","link":"https:\/\/anvilaw.com\/vi\/ca-nhan\/","title":{"rendered":"T\u01b0 v\u1ea5n ph\u00e1p lu\u1eadt d\u00e0nh cho C\u00e1 nh\u00e2n &#038; H\u1ed9 kinh doanh"},"content":{"rendered":"<h4><span style=\"color: #723900;\">T\u01b0 v\u1ea5n ph\u00e1p lu\u1eadt danh cho C\u00e1 nh\u00e2n &amp; H\u1ed9 kinh doanh<\/span><\/h4>\n<p>Trong b\u1ed1i c\u1ea3nh h\u1ec7 th\u1ed1ng ph\u00e1p lu\u1eadt hi\u1ec7n h\u00e0nh qu\u00e1 ph\u1ee9c t\u1ea1p, m\u00e2u thu\u1eabn, ch\u1ed3ng ch\u00e9o, b\u1ea5t c\u1eadp, m\u1eadp m\u1edd, kh\u00f3 hi\u1ec3u l\u00e0 th\u00e1ch th\u1ee9c l\u1edbn \u0111\u1ed1i v\u1edbi \u0111\u1eddi s\u1ed1ng d\u00e2n s\u1ef1 c\u0169ng nh\u01b0 ho\u1ea1t \u0111\u1ed9ng kinh doanh c\u1ee7a c\u00e1c C\u00e1 nh\u00e2n &amp; H\u1ed9 kinh doanh.<\/p>\n<p>V\u1edbi \u0111\u1ed9i ng\u0169 lu\u1eadt s\u01b0 chuy\u00ean nghi\u1ec7p, d\u00e0y d\u1ea1n kinh nghi\u1ec7m trong nhi\u1ec1u l\u0129nh v\u1ef1c ph\u00e1p lu\u1eadt, <a href=\"https:\/\/anvilaw.com\/vi\/\"><span style=\"color: #713817;\"><strong>ANVI<\/strong><\/span><\/a> s\u1ebd h\u1ed7 tr\u1ee3 h\u1eefu hi\u1ec7u, th\u1ef1c d\u1ee5ng cho m\u1ecdi ng\u01b0\u1eddi, m\u1ecdi nh\u00e0 trong vi\u1ec7c tu\u00e2n th\u1ee7 c\u0169ng nh\u01b0 v\u1eadn d\u1ee5ng ph\u00e1p lu\u1eadt v\u00e0o cu\u1ed9c s\u1ed1ng x\u00e3 h\u1ed9i &amp; ho\u1ea1t \u0111\u1ed9ng \u0111\u1ea7u t\u01b0, kinh doanh, nh\u1eb1m gi\u1ea3m thi\u1ec3u r\u1ee7i ro ph\u00e1p l\u00fd.<\/p>\n<h4><a href=\"https:\/\/facebook.com\/anvilawfirm\"><span style=\"color: #713817;\"><strong>ANVI<\/strong><\/span><\/a> <span style=\"color: #723900;\">cung \u1ee9ng 5 d\u1ecbch v\u1ee5 ph\u00e1p l\u00fd sau \u0111\u00e2y cho c\u00e1c c\u00e1 nh\u00e2n &amp; h\u1ed9 kinh doanh:<\/span><\/h4>\n<h5 style=\"padding-left: 40px;\"><strong>1. T\u01b0 v\u1ea5n, gi\u1ea3i \u0111\u00e1p c\u00e1c v\u1ea5n \u0111\u1ec1 ph\u00e1p lu\u1eadt ph\u00e1t sinh trong \u0111\u1eddi s\u1ed1ng, x\u00e3 h\u1ed9i, kinh doanh v\u1ec1:<\/strong><\/h5>\n<ul>\n<li style=\"list-style-type: none;\">\n<ul>\n<li>\u0110\u1ea5t \u0111ai, x\u00e2y d\u1ef1ng;<\/li>\n<li>D\u00e2n s\u1ef1 (h\u00f4n nh\u00e2n, gia \u0111\u00ecnh, th\u1eeba k\u1ebf), lao \u0111\u1ed9ng;<\/li>\n<li>Kinh doanh, th\u01b0\u01a1ng m\u1ea1i;<\/li>\n<li>T\u00e0i ch\u00ednh, ng\u00e2n h\u00e0ng;<\/li>\n<li>H\u00e0nh ch\u00ednh, h\u00ecnh s\u1ef1, v.v\u2026;<\/li>\n<\/ul>\n<\/li>\n<\/ul>\n<h5 style=\"padding-left: 40px;\"><strong>2. T\u01b0 v\u1ea5n, th\u1ef1c hi\u1ec7n c\u00e1c th\u1ee7 t\u1ee5c h\u00e0nh ch\u00ednh v\u1ec1:<\/strong><\/h5>\n<ul>\n<li style=\"list-style-type: none;\">\n<ul>\n<li>\u0110\u1ea5t \u0111ai, x\u00e2y d\u1ef1ng;<\/li>\n<li>Th\u1eeba k\u1ebf;<\/li>\n<li>C\u00f4ng ch\u1ee9ng;<\/li>\n<li>Vay v\u1ed1n, kinh doanh;<\/li>\n<li>Thu\u1ebf thu nh\u1eadp, v.v\u2026;<\/li>\n<\/ul>\n<\/li>\n<\/ul>\n<h5 style=\"padding-left: 40px;\"><strong>3. T\u01b0 v\u1ea5n, \u0111\u1ea1i di\u1ec7n, l\u00e0m lu\u1eadt s\u01b0 b\u1ea3o v\u1ec7 quy\u1ec1n, l\u1ee3i \u00edch h\u1ee3p ph\u00e1p c\u1ee7a c\u00e1c c\u00e1 nh\u00e2n trong c\u00e1c v\u1ee5 vi\u1ec7c, v\u1ee5 \u00e1n gi\u1ea3i quy\u1ebft tranh ch\u1ea5p:<\/strong><\/h5>\n<ul>\n<li style=\"list-style-type: none;\">\n<ul>\n<li>D\u00e2n s\u1ef1, lao \u0111\u1ed9ng;<\/li>\n<li>H\u00e0nh ch\u00ednh;<\/li>\n<li>Kinh doanh, th\u01b0\u01a1ng m\u1ea1i t\u1ea1i T\u00f2a \u00e1n, Tr\u1ecdng t\u00e0i th\u01b0\u01a1ng m\u1ea1i &amp; c\u00e1c c\u01a1 quan h\u1eefu quan;<\/li>\n<\/ul>\n<\/li>\n<\/ul>\n<h5 style=\"padding-left: 40px;\"><strong>4. L\u00e0m lu\u1eadt s\u01b0, ng\u01b0\u1eddi \u0111\u1ea1i di\u1ec7n \u0111\u1ec3 b\u00e0o ch\u1eefa &amp; b\u1ea3o v\u1ec7 quy\u1ec1n, l\u1ee3i \u00edch h\u1ee3p ph\u00e1p c\u1ee7a c\u00e1 nh\u00e2n trong v\u1ee5 \u00e1n h\u00ecnh s\u1ef1 t\u1ea1i c\u00e1c c\u01a1 quan \u0111i\u1ec1u tra, truy t\u1ed1, x\u00e9t x\u1eed, thi h\u00e0nh \u00e1n;<\/strong><\/h5>\n<h5 style=\"padding-left: 40px;\"><strong>5. Cung \u1ee9ng c\u00e1c l\u1edbp \u0111\u00e0o t\u1ea1o, chia s\u1ebb ph\u00e1p lu\u1eadt t\u1eeb c\u01a1 b\u1ea3n \u0111\u1ebfn chuy\u00ean s\u00e2u cho c\u00e1 nh\u00e2n &amp; h\u1ed9 gia \u0111\u00ecnh.<\/strong><\/h5>\n<p><img loading=\"lazy\" decoding=\"async\" class=\"img-fluid img-fluid wp-image-853 size-medium alignleft\" src=\"https:\/\/anvilaw.com\/wp-content\/uploads\/2022\/01\/LS.-Duc-ANVI-24.12-450x338.jpg\" alt=\"C\u00e1 nh\u00e2n &amp; H\u1ed9 kinh doanh\" width=\"450\" height=\"338\" srcset=\"https:\/\/anvilaw.com\/wp-content\/uploads\/2022\/01\/LS.-Duc-ANVI-24.12-450x338.jpg 450w, https:\/\/anvilaw.com\/wp-content\/uploads\/2022\/01\/LS.-Duc-ANVI-24.12-1024x768.jpg 1024w, https:\/\/anvilaw.com\/wp-content\/uploads\/2022\/01\/LS.-Duc-ANVI-24.12-768x576.jpg 768w, https:\/\/anvilaw.com\/wp-content\/uploads\/2022\/01\/LS.-Duc-ANVI-24.12-1536x1152.jpg 1536w, https:\/\/anvilaw.com\/wp-content\/uploads\/2022\/01\/LS.-Duc-ANVI-24.12-2048x1536.jpg 2048w\" sizes=\"auto, (max-width: 450px) 100vw, 450px\" \/><\/p>\n<p><strong>C\u00f4ng ty Lu\u1eadt <span style=\"color: #723900;\"><a style=\"color: #723900;\" href=\"https:\/\/facebook.com\/anvilawfirm\">ANVI<\/a><\/span><\/strong><\/p>\n<p style=\"padding-left: 40px;\"><span style=\"color: #808080;\">\u0110\u1ecba ch\u1ec9:<\/span> T\u1ea7ng 2, T\u00f2a nh\u00e0 Savina, 44 ph\u1ed1 Tr\u00e0ng Ti\u1ec1n, ph\u01b0\u1eddng Ho\u00e0n Ki\u1ebfm, H\u00e0 N\u1ed9i.<\/p>\n<p style=\"padding-left: 80px; text-align: left;\"><span style=\"color: #808080;\">Hotline:<\/span> <a href=\"tel:0983040506\">09 83 04 05 06<\/a><\/p>\n<p style=\"padding-left: 80px; text-align: left;\"><span style=\"color: #808080;\">Email:<\/span>\u00a0<a href=\"mailto:anvi@anvilaw.com\">anvi@anvilaw.com<\/a><\/p>\n<p style=\"padding-left: 80px; text-align: left;\"><span style=\"color: #808080;\">Facebook:<\/span> <a href=\"https:\/\/www.facebook.com\/anvilawfirm\">ANVI Law Firm<\/a><\/p>\n<p style=\"padding-left: 80px; text-align: left;\"><span style=\"color: #808080;\">LinkedIn:<\/span> <a href=\"http:\/\/www.linkedin.com\/in\/anvi-law-firm-631b8332a\">ANVI Law Firm<\/a><\/p>\n<p style=\"padding-left: 80px; text-align: left;\"><span style=\"color: #808080;\">X (Twitter):<\/span> <a href=\"https:\/\/x.com\/anvilawfirm\">ANVI Law firm<\/a><\/p>\n<p style=\"padding-left: 80px; text-align: left;\"><span style=\"color: #808080;\">Youtube:<\/span> <a href=\"https:\/\/youtube.com\/@anvilawfirm\">ANVI Law Firm<\/a><\/p>","protected":false},"excerpt":{"rendered":"<p>T\u01b0 v\u1ea5n ph\u00e1p lu\u1eadt danh cho C\u00e1 nh\u00e2n &amp; H\u1ed9 kinh doanh Trong b\u1ed1i c\u1ea3nh h\u1ec7 th\u1ed1ng ph\u00e1p lu\u1eadt hi\u1ec7n h\u00e0nh qu\u00e1 ph\u1ee9c t\u1ea1p, m\u00e2u thu\u1eabn, ch\u1ed3ng ch\u00e9o, b\u1ea5t c\u1eadp, m\u1eadp m\u1edd, kh\u00f3 hi\u1ec3u l\u00e0 th\u00e1ch th\u1ee9c l\u1edbn \u0111\u1ed1i v\u1edbi \u0111\u1eddi s\u1ed1ng d\u00e2n s\u1ef1 c\u0169ng nh\u01b0 ho\u1ea1t \u0111\u1ed9ng kinh doanh c\u1ee7a c\u00e1c C\u00e1 nh\u00e2n &amp; [&hellip;]<\/p>\n","protected":false},"author":1,"featured_media":0,"parent":0,"menu_order":0,"comment_status":"closed","ping_status":"closed","template":"page-service.php","meta":{"_acf_changed":false,"footnotes":""},"class_list":["post-436","page","type-page","status-publish","hentry"],"acf":[],"yoast_head":"<!-- This site is optimized with the Yoast SEO plugin v27.3 - https:\/\/yoast.com\/product\/yoast-seo-wordpress\/ -->\n<title>T\u01b0 v\u1ea5n ph\u00e1p lu\u1eadt d\u00e0nh cho C\u00e1 nh\u00e2n &amp; H\u1ed9 kinh doanh - ANVI Law Firm<\/title>\n<meta name=\"description\" content=\"T\u01b0 v\u1ea5n ph\u00e1p lu\u1eadt d\u00e0nh cho C\u00e1 nh\u00e2n &amp; H\u1ed9 kinh doanh | C\u00f4ng ty Lu\u1eadt ANVI gi\u1edbi thi\u1ec7u c\u00e1c d\u1ecbch v\u1ee5 ph\u00e1p l\u00fd cho C\u00e1 nh\u00e2n v\u00e0 H\u1ed9 kinh doanh.\" \/>\n<meta name=\"robots\" content=\"index, follow, max-snippet:-1, max-image-preview:large, max-video-preview:-1\" \/>\n<link rel=\"canonical\" href=\"https:\/\/anvilaw.com\/vi\/ca-nhan\/\" \/>\n<meta property=\"og:locale\" content=\"vi_VN\" \/>\n<meta property=\"og:type\" content=\"article\" \/>\n<meta property=\"og:title\" content=\"[:vi]T\u01b0 v\u1ea5n ph\u00e1p lu\u1eadt d\u00e0nh cho C\u00e1 nh\u00e2n &amp; H\u1ed9 kinh doanh[:en]Legal Services for Individuals &amp; Households[:] - ANVI Law Firm\" \/>\n<meta property=\"og:description\" content=\"T\u01b0 v\u1ea5n ph\u00e1p lu\u1eadt d\u00e0nh cho C\u00e1 nh\u00e2n &amp; H\u1ed9 kinh doanh | C\u00f4ng ty Lu\u1eadt ANVI gi\u1edbi thi\u1ec7u c\u00e1c d\u1ecbch v\u1ee5 ph\u00e1p l\u00fd cho C\u00e1 nh\u00e2n v\u00e0 H\u1ed9 kinh doanh.\" \/>\n<meta property=\"og:url\" content=\"https:\/\/anvilaw.com\/vi\/ca-nhan\/\" \/>\n<meta property=\"og:site_name\" content=\"ANVI Law Firm\" \/>\n<meta property=\"article:publisher\" content=\"https:\/\/facebook.com\/anvilawfirm\" \/>\n<meta property=\"article:modified_time\" content=\"2026-02-12T09:43:40+00:00\" \/>\n<meta property=\"og:image\" content=\"https:\/\/anvilaw.com\/wp-content\/uploads\/2022\/01\/LS.-Duc-ANVI-24.12-scaled.jpg\" \/>\n\t<meta property=\"og:image:width\" content=\"2560\" \/>\n\t<meta property=\"og:image:height\" content=\"1920\" \/>\n\t<meta property=\"og:image:type\" content=\"image\/jpeg\" \/>\n<meta name=\"twitter:card\" content=\"summary_large_image\" \/>\n<meta name=\"twitter:site\" content=\"@anvilawfirm\" \/>\n<meta name=\"twitter:label1\" content=\"\u01af\u1edbc t\u00ednh th\u1eddi gian \u0111\u1ecdc\" \/>\n\t<meta name=\"twitter:data1\" content=\"2 ph\u00fat\" \/>\n<script type=\"application\/ld+json\" class=\"yoast-schema-graph\">{\"@context\":\"https:\\\/\\\/schema.org\",\"@graph\":[{\"@type\":\"WebPage\",\"@id\":\"https:\\\/\\\/anvilaw.com\\\/vi\\\/ca-nhan\\\/\",\"url\":\"https:\\\/\\\/anvilaw.com\\\/vi\\\/ca-nhan\\\/\",\"name\":\"[:vi]T\u01b0 v\u1ea5n ph\u00e1p lu\u1eadt d\u00e0nh cho C\u00e1 nh\u00e2n & H\u1ed9 kinh doanh[:en]Legal Services for Individuals & Households[:] - ANVI Law Firm\",\"isPartOf\":{\"@id\":\"https:\\\/\\\/anvilaw.com\\\/vi\\\/#website\"},\"primaryImageOfPage\":{\"@id\":\"https:\\\/\\\/anvilaw.com\\\/vi\\\/ca-nhan\\\/#primaryimage\"},\"image\":{\"@id\":\"https:\\\/\\\/anvilaw.com\\\/vi\\\/ca-nhan\\\/#primaryimage\"},\"thumbnailUrl\":\"https:\\\/\\\/anvilaw.com\\\/wp-content\\\/uploads\\\/2022\\\/01\\\/LS.-Duc-ANVI-24.12-450x338.jpg\",\"datePublished\":\"2021-06-22T08:38:04+00:00\",\"dateModified\":\"2026-02-12T09:43:40+00:00\",\"description\":\"T\u01b0 v\u1ea5n ph\u00e1p lu\u1eadt d\u00e0nh cho C\u00e1 nh\u00e2n & H\u1ed9 kinh doanh | C\u00f4ng ty Lu\u1eadt ANVI gi\u1edbi thi\u1ec7u c\u00e1c d\u1ecbch v\u1ee5 ph\u00e1p l\u00fd cho C\u00e1 nh\u00e2n v\u00e0 H\u1ed9 kinh doanh.\",\"breadcrumb\":{\"@id\":\"https:\\\/\\\/anvilaw.com\\\/vi\\\/ca-nhan\\\/#breadcrumb\"},\"inLanguage\":\"vi\",\"potentialAction\":[{\"@type\":\"ReadAction\",\"target\":[\"https:\\\/\\\/anvilaw.com\\\/vi\\\/ca-nhan\\\/\"]}]},{\"@type\":\"ImageObject\",\"inLanguage\":\"vi\",\"@id\":\"https:\\\/\\\/anvilaw.com\\\/vi\\\/ca-nhan\\\/#primaryimage\",\"url\":\"https:\\\/\\\/anvilaw.com\\\/wp-content\\\/uploads\\\/2022\\\/01\\\/LS.-Duc-ANVI-24.12-450x338.jpg\",\"contentUrl\":\"https:\\\/\\\/anvilaw.com\\\/wp-content\\\/uploads\\\/2022\\\/01\\\/LS.-Duc-ANVI-24.12-450x338.jpg\"},{\"@type\":\"BreadcrumbList\",\"@id\":\"https:\\\/\\\/anvilaw.com\\\/vi\\\/ca-nhan\\\/#breadcrumb\",\"itemListElement\":[{\"@type\":\"ListItem\",\"position\":1,\"name\":\"Home\",\"item\":\"https:\\\/\\\/anvilaw.com\\\/vi\\\/\"},{\"@type\":\"ListItem\",\"position\":2,\"name\":\"T\u01b0 v\u1ea5n ph\u00e1p lu\u1eadt d\u00e0nh cho C\u00e1 nh\u00e2n &#038; H\u1ed9 kinh doanh\"}]},{\"@type\":\"WebSite\",\"@id\":\"https:\\\/\\\/anvilaw.com\\\/vi\\\/#website\",\"url\":\"https:\\\/\\\/anvilaw.com\\\/vi\\\/\",\"name\":\"ANVI Law Firm - C\u00f4ng ty Lu\u1eadt ANVI\",\"description\":\"C\u00f4ng ty Lu\u1eadt ANVI - ANVI Law Firm\",\"publisher\":{\"@id\":\"https:\\\/\\\/anvilaw.com\\\/vi\\\/#organization\"},\"alternateName\":\"anvilaw.com\",\"potentialAction\":[{\"@type\":\"SearchAction\",\"target\":{\"@type\":\"EntryPoint\",\"urlTemplate\":\"https:\\\/\\\/anvilaw.com\\\/vi\\\/?s={search_term_string}\"},\"query-input\":{\"@type\":\"PropertyValueSpecification\",\"valueRequired\":true,\"valueName\":\"search_term_string\"}}],\"inLanguage\":\"vi\"},{\"@type\":\"Organization\",\"@id\":\"https:\\\/\\\/anvilaw.com\\\/vi\\\/#organization\",\"name\":\"C\u00f4ng ty Lu\u1eadt ANVI | ANVI Law Firm\",\"alternateName\":\"ANVI\",\"url\":\"https:\\\/\\\/anvilaw.com\\\/vi\\\/\",\"logo\":{\"@type\":\"ImageObject\",\"inLanguage\":\"vi\",\"@id\":\"https:\\\/\\\/anvilaw.com\\\/vi\\\/#\\\/schema\\\/logo\\\/image\\\/\",\"url\":\"https:\\\/\\\/anvilaw.com\\\/wp-content\\\/uploads\\\/2022\\\/01\\\/ANVI-Logo-ca-hinh-va-chu-khong-co-nen-174K-1.png\",\"contentUrl\":\"https:\\\/\\\/anvilaw.com\\\/wp-content\\\/uploads\\\/2022\\\/01\\\/ANVI-Logo-ca-hinh-va-chu-khong-co-nen-174K-1.png\",\"width\":3493,\"height\":1535,\"caption\":\"C\u00f4ng ty Lu\u1eadt ANVI | ANVI Law Firm\"},\"image\":{\"@id\":\"https:\\\/\\\/anvilaw.com\\\/vi\\\/#\\\/schema\\\/logo\\\/image\\\/\"},\"sameAs\":[\"https:\\\/\\\/facebook.com\\\/anvilawfirm\",\"https:\\\/\\\/x.com\\\/anvilawfirm\",\"https:\\\/\\\/www.youtube.com\\\/@anvilawfirm\",\"https:\\\/\\\/www.youtube.com\\\/@lsduc_anvi\"]}]}<\/script>\n<!-- \/ Yoast SEO plugin. -->","yoast_head_json":{"title":"[:vi]T\u01b0 v\u1ea5n ph\u00e1p lu\u1eadt d\u00e0nh cho C\u00e1 nh\u00e2n & H\u1ed9 kinh doanh[:en]Legal Services for Individuals & Households[:] - ANVI Law Firm","description":"T\u01b0 v\u1ea5n ph\u00e1p lu\u1eadt d\u00e0nh cho C\u00e1 nh\u00e2n & H\u1ed9 kinh doanh | C\u00f4ng ty Lu\u1eadt ANVI gi\u1edbi thi\u1ec7u c\u00e1c d\u1ecbch v\u1ee5 ph\u00e1p l\u00fd cho C\u00e1 nh\u00e2n v\u00e0 H\u1ed9 kinh doanh.","robots":{"index":"index","follow":"follow","max-snippet":"max-snippet:-1","max-image-preview":"max-image-preview:large","max-video-preview":"max-video-preview:-1"},"canonical":"https:\/\/anvilaw.com\/vi\/ca-nhan\/","og_locale":"vi_VN","og_type":"article","og_title":"[:vi]T\u01b0 v\u1ea5n ph\u00e1p lu\u1eadt d\u00e0nh cho C\u00e1 nh\u00e2n & H\u1ed9 kinh doanh[:en]Legal Services for Individuals & Households[:] - ANVI Law Firm","og_description":"T\u01b0 v\u1ea5n ph\u00e1p lu\u1eadt d\u00e0nh cho C\u00e1 nh\u00e2n & H\u1ed9 kinh doanh | C\u00f4ng ty Lu\u1eadt ANVI gi\u1edbi thi\u1ec7u c\u00e1c d\u1ecbch v\u1ee5 ph\u00e1p l\u00fd cho C\u00e1 nh\u00e2n v\u00e0 H\u1ed9 kinh doanh.","og_url":"https:\/\/anvilaw.com\/vi\/ca-nhan\/","og_site_name":"ANVI Law Firm","article_publisher":"https:\/\/facebook.com\/anvilawfirm","article_modified_time":"2026-02-12T09:43:40+00:00","og_image":[{"width":2560,"height":1920,"url":"https:\/\/anvilaw.com\/wp-content\/uploads\/2022\/01\/LS.-Duc-ANVI-24.12-scaled.jpg","type":"image\/jpeg"}],"twitter_card":"summary_large_image","twitter_site":"@anvilawfirm","twitter_misc":{"\u01af\u1edbc t\u00ednh th\u1eddi gian \u0111\u1ecdc":"2 ph\u00fat"},"schema":{"@context":"https:\/\/schema.org","@graph":[{"@type":"WebPage","@id":"https:\/\/anvilaw.com\/vi\/ca-nhan\/","url":"https:\/\/anvilaw.com\/vi\/ca-nhan\/","name":"[:vi]T\u01b0 v\u1ea5n ph\u00e1p lu\u1eadt d\u00e0nh cho C\u00e1 nh\u00e2n & H\u1ed9 kinh doanh[:en]Legal Services for Individuals & Households[:] - ANVI Law Firm","isPartOf":{"@id":"https:\/\/anvilaw.com\/vi\/#website"},"primaryImageOfPage":{"@id":"https:\/\/anvilaw.com\/vi\/ca-nhan\/#primaryimage"},"image":{"@id":"https:\/\/anvilaw.com\/vi\/ca-nhan\/#primaryimage"},"thumbnailUrl":"https:\/\/anvilaw.com\/wp-content\/uploads\/2022\/01\/LS.-Duc-ANVI-24.12-450x338.jpg","datePublished":"2021-06-22T08:38:04+00:00","dateModified":"2026-02-12T09:43:40+00:00","description":"T\u01b0 v\u1ea5n ph\u00e1p lu\u1eadt d\u00e0nh cho C\u00e1 nh\u00e2n & H\u1ed9 kinh doanh | C\u00f4ng ty Lu\u1eadt ANVI gi\u1edbi thi\u1ec7u c\u00e1c d\u1ecbch v\u1ee5 ph\u00e1p l\u00fd cho C\u00e1 nh\u00e2n v\u00e0 H\u1ed9 kinh doanh.","breadcrumb":{"@id":"https:\/\/anvilaw.com\/vi\/ca-nhan\/#breadcrumb"},"inLanguage":"vi","potentialAction":[{"@type":"ReadAction","target":["https:\/\/anvilaw.com\/vi\/ca-nhan\/"]}]},{"@type":"ImageObject","inLanguage":"vi","@id":"https:\/\/anvilaw.com\/vi\/ca-nhan\/#primaryimage","url":"https:\/\/anvilaw.com\/wp-content\/uploads\/2022\/01\/LS.-Duc-ANVI-24.12-450x338.jpg","contentUrl":"https:\/\/anvilaw.com\/wp-content\/uploads\/2022\/01\/LS.-Duc-ANVI-24.12-450x338.jpg"},{"@type":"BreadcrumbList","@id":"https:\/\/anvilaw.com\/vi\/ca-nhan\/#breadcrumb","itemListElement":[{"@type":"ListItem","position":1,"name":"Home","item":"https:\/\/anvilaw.com\/vi\/"},{"@type":"ListItem","position":2,"name":"T\u01b0 v\u1ea5n ph\u00e1p lu\u1eadt d\u00e0nh cho C\u00e1 nh\u00e2n &#038; H\u1ed9 kinh doanh"}]},{"@type":"WebSite","@id":"https:\/\/anvilaw.com\/vi\/#website","url":"https:\/\/anvilaw.com\/vi\/","name":"ANVI Law Firm - C\u00f4ng ty Lu\u1eadt ANVI","description":"C\u00f4ng ty Lu\u1eadt ANVI - ANVI Law Firm","publisher":{"@id":"https:\/\/anvilaw.com\/vi\/#organization"},"alternateName":"anvilaw.com","potentialAction":[{"@type":"SearchAction","target":{"@type":"EntryPoint","urlTemplate":"https:\/\/anvilaw.com\/vi\/?s={search_term_string}"},"query-input":{"@type":"PropertyValueSpecification","valueRequired":true,"valueName":"search_term_string"}}],"inLanguage":"vi"},{"@type":"Organization","@id":"https:\/\/anvilaw.com\/vi\/#organization","name":"C\u00f4ng ty Lu\u1eadt ANVI | ANVI Law Firm","alternateName":"ANVI","url":"https:\/\/anvilaw.com\/vi\/","logo":{"@type":"ImageObject","inLanguage":"vi","@id":"https:\/\/anvilaw.com\/vi\/#\/schema\/logo\/image\/","url":"https:\/\/anvilaw.com\/wp-content\/uploads\/2022\/01\/ANVI-Logo-ca-hinh-va-chu-khong-co-nen-174K-1.png","contentUrl":"https:\/\/anvilaw.com\/wp-content\/uploads\/2022\/01\/ANVI-Logo-ca-hinh-va-chu-khong-co-nen-174K-1.png","width":3493,"height":1535,"caption":"C\u00f4ng ty Lu\u1eadt ANVI | ANVI Law Firm"},"image":{"@id":"https:\/\/anvilaw.com\/vi\/#\/schema\/logo\/image\/"},"sameAs":["https:\/\/facebook.com\/anvilawfirm","https:\/\/x.com\/anvilawfirm","https:\/\/www.youtube.com\/@anvilawfirm","https:\/\/www.youtube.com\/@lsduc_anvi"]}]}},"_links":{"self":[{"href":"https:\/\/anvilaw.com\/vi\/wp-json\/wp\/v2\/pages\/436","targetHints":{"allow":["GET"]}}],"collection":[{"href":"https:\/\/anvilaw.com\/vi\/wp-json\/wp\/v2\/pages"}],"about":[{"href":"https:\/\/anvilaw.com\/vi\/wp-json\/wp\/v2\/types\/page"}],"author":[{"embeddable":true,"href":"https:\/\/anvilaw.com\/vi\/wp-json\/wp\/v2\/users\/1"}],"replies":[{"embeddable":true,"href":"https:\/\/anvilaw.com\/vi\/wp-json\/wp\/v2\/comments?post=436"}],"version-history":[{"count":11,"href":"https:\/\/anvilaw.com\/vi\/wp-json\/wp\/v2\/pages\/436\/revisions"}],"predecessor-version":[{"id":49593,"href":"https:\/\/anvilaw.com\/vi\/wp-json\/wp\/v2\/pages\/436\/revisions\/49593"}],"wp:attachment":[{"href":"https:\/\/anvilaw.com\/vi\/wp-json\/wp\/v2\/media?parent=436"}],"curies":[{"name":"wp","href":"https:\/\/api.w.org\/{rel}","templated":true}]}}