{"id":438,"date":"2021-06-22T15:40:10","date_gmt":"2021-06-22T08:40:10","guid":{"rendered":"https:\/\/anvilaw.com\/vi\/?page_id=438"},"modified":"2026-02-12T16:41:10","modified_gmt":"2026-02-12T09:41:10","slug":"to-chuc-tai-chinh","status":"publish","type":"page","link":"https:\/\/anvilaw.com\/vi\/dinh-che-tai-chinh\/","title":{"rendered":"D\u1ecbch v\u1ee5 ph\u00e1p l\u00fd d\u00e0nh cho \u0110\u1ecbnh ch\u1ebf t\u00e0i ch\u00ednh"},"content":{"rendered":"<h4><strong><span style=\"color: #723918;\">D\u1ecbch v\u1ee5 ph\u00e1p l\u00fd d\u00e0nh cho \u0110\u1ecbnh ch\u1ebf t\u00e0i ch\u00ednh<\/span><\/strong><\/h4>\n<p data-start=\"69\" data-end=\"414\"><strong data-start=\"69\" data-end=\"414\">Trong b\u1ed1i c\u1ea3nh h\u1ec7 th\u1ed1ng ph\u00e1p lu\u1eadt hi\u1ec7n h\u00e0nh c\u00f2n kh\u00e1 ph\u1ee9c t\u1ea1p, ch\u1ed3ng ch\u00e9o, m\u00e2u thu\u1eabn, thi\u1ebfu \u0111\u1ed3ng b\u1ed9, ch\u01b0a \u0111\u1ea7y \u0111\u1ee7, nhi\u1ec1u \u0111i\u1ec3m ch\u01b0a r\u00f5 r\u00e0ng v\u00e0 g\u00e2y kh\u00f3 kh\u0103n trong vi\u1ec7c \u00e1p d\u1ee5ng, vi\u1ec7c n\u1eafm b\u1eaft v\u00e0 v\u1eadn d\u1ee5ng ph\u00e1p lu\u1eadt m\u1ed9t c\u00e1ch hi\u1ec7u qu\u1ea3 l\u00e0 y\u1ebfu t\u1ed1 mang t\u00ednh chi\u1ebfn l\u01b0\u1ee3c \u0111\u1ed1i v\u1edbi m\u1ecdi ho\u1ea1t \u0111\u1ed9ng kinh doanh c\u1ee7a doanh nghi\u1ec7p, \u0111\u1eb7c bi\u1ec7t \u0111\u1ed1i v\u1edbi c\u00e1c t\u1ed5 ch\u1ee9c t\u00e0i ch\u00ednh.<\/strong><\/p>\n<p data-start=\"416\" data-end=\"733\">V\u1edbi \u0111\u1ed9i ng\u0169 lu\u1eadt s\u01b0 chuy\u00ean nghi\u1ec7p, d\u00e0y d\u1ea1n kinh nghi\u1ec7m trong l\u0129nh v\u1ef1c t\u00e0i ch\u00ednh \u2013 ng\u00e2n h\u00e0ng, <a href=\"https:\/\/anvilaw.com\/vi\/\"><span style=\"color: #713817;\"><strong>ANVI<\/strong><\/span><\/a><strong data-start=\"509\" data-end=\"733\">\u00a0cam k\u1ebft h\u1ed7 tr\u1ee3 c\u00e1c t\u1ed5 ch\u1ee9c t\u00e0i ch\u00ednh m\u1ed9t c\u00e1ch thi\u1ebft th\u1ef1c v\u00e0 hi\u1ec7u qu\u1ea3 trong vi\u1ec7c n\u1eafm b\u1eaft, tu\u00e2n th\u1ee7 v\u00e0 \u00e1p d\u1ee5ng ph\u00e1p lu\u1eadt v\u00e0o c\u00f4ng t\u00e1c qu\u1ea3n l\u00fd, v\u1eadn h\u00e0nh, \u0111\u1ea7u t\u01b0 v\u00e0 kinh doanh, nh\u1eb1m gi\u1ea3m thi\u1ec3u t\u1ed1i \u0111a c\u00e1c r\u1ee7i ro ph\u00e1p l\u00fd.<\/strong><\/p>\n<h5 data-start=\"735\" data-end=\"825\"><strong><span style=\"color: #723918;\">Ch\u00fang t\u00f4i mong mu\u1ed1n \u0111\u01b0\u1ee3c cung c\u1ea5p cho c\u00e1c t\u1ed5 ch\u1ee9c t\u00e0i ch\u00ednh 7 d\u1ecbch v\u1ee5 ph\u00e1p l\u00fd sau \u0111\u00e2y:<\/span><\/strong><\/h5>\n<ol data-start=\"827\" data-end=\"1881\">\n<li data-start=\"827\" data-end=\"952\">\n<p data-start=\"830\" data-end=\"952\">T\u01b0 v\u1ea5n th\u01b0\u1eddng xuy\u00ean v\u00e0 cung c\u1ea5p th\u00f4ng tin ph\u00e1p lu\u1eadt v\u1ec1 \u0111\u1ea7u t\u01b0, kinh doanh v\u00e0 s\u1edf h\u1eefu tr\u00ed tu\u1ec7 cho c\u00e1c t\u1ed5 ch\u1ee9c t\u00e0i ch\u00ednh;<\/p>\n<\/li>\n<li data-start=\"954\" data-end=\"1082\">\n<p data-start=\"957\" data-end=\"1082\">T\u01b0 v\u1ea5n c\u1ea5u tr\u00fac giao d\u1ecbch t\u00e0i ch\u00ednh; tham gia \u0111\u00e0m ph\u00e1n, so\u1ea1n th\u1ea3o h\u1ee3p \u0111\u1ed3ng, giao d\u1ecbch v\u00e0 d\u1ef1 \u00e1n c\u1ee7a c\u00e1c t\u1ed5 ch\u1ee9c t\u00e0i ch\u00ednh;<\/p>\n<\/li>\n<li data-start=\"1084\" data-end=\"1273\">\n<p data-start=\"1087\" data-end=\"1273\">T\u01b0 v\u1ea5n x\u00e2y d\u1ef1ng h\u1ec7 th\u1ed1ng quy ch\u1ebf, quy \u0111\u1ecbnh n\u1ed9i b\u1ed9 v\u00e0 bi\u1ec3u m\u1eabu cho t\u1ed5 ch\u1ee9c t\u00e0i ch\u00ednh nh\u01b0: \u0110i\u1ec1u l\u1ec7; N\u1ed9i quy; Th\u1ecfa thu\u1eadn; Quy \u0111\u1ecbnh v\u1ec1 t\u00e0i ch\u00ednh, ti\u1ec1n l\u01b0\u01a1ng, khen th\u01b0\u1edfng, v\u1eadn h\u00e0nh, v.v.;<\/p>\n<\/li>\n<li data-start=\"1275\" data-end=\"1557\">\n<p data-start=\"1278\" data-end=\"1557\">T\u01b0 v\u1ea5n, \u0111\u1ea1i di\u1ec7n, tham gia t\u1ed1 t\u1ee5ng \u0111\u1ec3 b\u1ea3o v\u1ec7 quy\u1ec1n v\u00e0 l\u1ee3i \u00edch h\u1ee3p ph\u00e1p c\u1ee7a t\u1ed5 ch\u1ee9c t\u00e0i ch\u00ednh trong c\u00e1c v\u1ee5 vi\u1ec7c, v\u1ee5 \u00e1n gi\u1ea3i quy\u1ebft tranh ch\u1ea5p v\u1ec1 \u0111\u1ea7u t\u01b0, kinh doanh, th\u01b0\u01a1ng m\u1ea1i, d\u00e2n s\u1ef1, lao \u0111\u1ed9ng, h\u00e0nh ch\u00ednh, h\u00ecnh s\u1ef1 t\u1ea1i T\u00f2a \u00e1n, Tr\u1ecdng t\u00e0i th\u01b0\u01a1ng m\u1ea1i v\u00e0 c\u00e1c c\u01a1 quan c\u00f3 th\u1ea9m quy\u1ec1n;<\/p>\n<\/li>\n<li data-start=\"1559\" data-end=\"1640\">\n<p data-start=\"1562\" data-end=\"1640\">T\u01b0 v\u1ea5n qu\u1ea3n tr\u1ecb r\u1ee7i ro, x\u1eed l\u00fd n\u1ee3 v\u00e0 t\u00e0i s\u1ea3n b\u1ea3o \u0111\u1ea3m c\u1ee7a t\u1ed5 ch\u1ee9c t\u00e0i ch\u00ednh;<\/p>\n<\/li>\n<li data-start=\"1642\" data-end=\"1789\">\n<p data-start=\"1645\" data-end=\"1789\">Cung c\u1ea5p ch\u01b0\u01a1ng tr\u00ecnh \u0111\u00e0o t\u1ea1o, b\u1ed3i d\u01b0\u1ee1ng, chia s\u1ebb ph\u00e1p lu\u1eadt t\u1eeb c\u01a1 b\u1ea3n \u0111\u1ebfn n\u00e2ng cao cho \u0111\u1ed9i ng\u0169 qu\u1ea3n l\u00fd, nh\u00e2n vi\u00ean c\u1ee7a c\u00e1c t\u1ed5 ch\u1ee9c t\u00e0i ch\u00ednh;<\/p>\n<\/li>\n<li data-start=\"1791\" data-end=\"1881\">\n<p data-start=\"1794\" data-end=\"1881\">Cung c\u1ea5p d\u1ecbch v\u1ee5 th\u00e0nh vi\u00ean H\u1ed9i \u0111\u1ed3ng qu\u1ea3n tr\u1ecb \u0111\u1ed9c l\u1eadp v\u00e0 t\u00e1i c\u1ea5u tr\u00fac doanh nghi\u1ec7p.<\/p>\n<\/li>\n<\/ol>\n<p>&nbsp;<\/p>\n<p><img loading=\"lazy\" decoding=\"async\" class=\"img-fluid img-fluid wp-image-4340 alignleft\" src=\"https:\/\/anvilaw.com\/wp-content\/uploads\/2022\/01\/ANVI-2022.01.26-01-450x270.jpg\" alt=\"Doanh nghi\u1ec7p &amp; Doanh nh\u00e2n; lu\u1eadt s\u01b0 doanh nghi\u1ec7p\" width=\"540\" height=\"324\" srcset=\"https:\/\/anvilaw.com\/wp-content\/uploads\/2022\/01\/ANVI-2022.01.26-01-450x270.jpg 450w, https:\/\/anvilaw.com\/wp-content\/uploads\/2022\/01\/ANVI-2022.01.26-01-1024x614.jpg 1024w, https:\/\/anvilaw.com\/wp-content\/uploads\/2022\/01\/ANVI-2022.01.26-01-768x461.jpg 768w, https:\/\/anvilaw.com\/wp-content\/uploads\/2022\/01\/ANVI-2022.01.26-01-1536x922.jpg 1536w, https:\/\/anvilaw.com\/wp-content\/uploads\/2022\/01\/ANVI-2022.01.26-01-2048x1229.jpg 2048w\" sizes=\"auto, (max-width: 540px) 100vw, 540px\" \/><\/p>\n<p><strong>C\u00f4ng ty Lu\u1eadt <span style=\"color: #723900;\"><a style=\"color: #723900;\" href=\"https:\/\/facebook.com\/anvilawfirm\">ANVI<\/a><\/span><\/strong><\/p>\n<p style=\"padding-left: 40px;\"><span style=\"color: #808080;\">\u0110\u1ecba ch\u1ec9:<\/span> T\u1ea7ng 2, T\u00f2a nh\u00e0 Savina, 44 ph\u1ed1 Tr\u00e0ng Ti\u1ec1n, ph\u01b0\u1eddng Ho\u00e0n Ki\u1ebfm, H\u00e0 N\u1ed9i.<\/p>\n<p style=\"padding-left: 80px; text-align: left;\"><span style=\"color: #808080;\">Hotline:<\/span> <a href=\"tel:0983040506\">09 83 04 05 06<\/a><\/p>\n<p style=\"padding-left: 80px; text-align: left;\"><span style=\"color: #808080;\">Email:<\/span>\u00a0<a href=\"mailto:anvi@anvilaw.com\">anvi@anvilaw.com<\/a><\/p>\n<p style=\"padding-left: 80px; text-align: left;\"><span style=\"color: #808080;\">Facebook:<\/span> <a href=\"https:\/\/www.facebook.com\/anvilawfirm\">ANVI Law Firm<\/a><\/p>\n<p style=\"padding-left: 80px; text-align: left;\"><span style=\"color: #808080;\">LinkedIn:<\/span> <a href=\"http:\/\/www.linkedin.com\/in\/anvi-law-firm-631b8332a\">ANVI Law Firm<\/a><\/p>\n<p style=\"padding-left: 80px; text-align: left;\"><span style=\"color: #808080;\">X (Twitter):<\/span> <a href=\"https:\/\/x.com\/anvilawfirm\">ANVI Law firm<\/a><\/p>\n<p style=\"padding-left: 80px; text-align: left;\"><span style=\"color: #808080;\">Youtube:<\/span> <a href=\"https:\/\/youtube.com\/@anvilawfirm\">ANVI Law Firm<\/a><\/p>","protected":false},"excerpt":{"rendered":"<p>D\u1ecbch v\u1ee5 ph\u00e1p l\u00fd d\u00e0nh cho \u0110\u1ecbnh ch\u1ebf t\u00e0i ch\u00ednh Trong b\u1ed1i c\u1ea3nh h\u1ec7 th\u1ed1ng ph\u00e1p lu\u1eadt hi\u1ec7n h\u00e0nh c\u00f2n kh\u00e1 ph\u1ee9c t\u1ea1p, ch\u1ed3ng ch\u00e9o, m\u00e2u thu\u1eabn, thi\u1ebfu \u0111\u1ed3ng b\u1ed9, ch\u01b0a \u0111\u1ea7y \u0111\u1ee7, nhi\u1ec1u \u0111i\u1ec3m ch\u01b0a r\u00f5 r\u00e0ng v\u00e0 g\u00e2y kh\u00f3 kh\u0103n trong vi\u1ec7c \u00e1p d\u1ee5ng, vi\u1ec7c n\u1eafm b\u1eaft v\u00e0 v\u1eadn d\u1ee5ng ph\u00e1p lu\u1eadt m\u1ed9t [&hellip;]<\/p>\n","protected":false},"author":1,"featured_media":0,"parent":0,"menu_order":0,"comment_status":"closed","ping_status":"closed","template":"page-service.php","meta":{"_acf_changed":false,"footnotes":""},"class_list":["post-438","page","type-page","status-publish","hentry"],"acf":[],"yoast_head":"<!-- This site is optimized with the Yoast SEO plugin v26.9 - https:\/\/yoast.com\/product\/yoast-seo-wordpress\/ -->\n<title>D\u1ecbch v\u1ee5 ph\u00e1p l\u00fd d\u00e0nh cho \u0110\u1ecbnh ch\u1ebf t\u00e0i ch\u00ednh - ANVI Law Firm<\/title>\n<meta name=\"description\" content=\"T\u01b0 v\u1ea5n ph\u00e1p lu\u1eadt d\u00e0nh cho t\u1ed5 ch\u1ee9c t\u00e0i ch\u00ednh; \u0111\u1ecbnh ch\u1ebf t\u00e0i ch\u00ednh; C\u00f4ng ty Lu\u1eadt ANVI; ng\u00e2n h\u00e0ng; t\u00e0i ch\u00ednh ti\u00eau d\u00f9ng\" \/>\n<meta name=\"robots\" content=\"index, follow, max-snippet:-1, max-image-preview:large, max-video-preview:-1\" \/>\n<link rel=\"canonical\" href=\"https:\/\/anvilaw.com\/vi\/dinh-che-tai-chinh\/\" \/>\n<meta property=\"og:locale\" content=\"vi_VN\" \/>\n<meta property=\"og:type\" content=\"article\" \/>\n<meta property=\"og:title\" content=\"[:vi]D\u1ecbch v\u1ee5 ph\u00e1p l\u00fd d\u00e0nh cho \u0110\u1ecbnh ch\u1ebf t\u00e0i ch\u00ednh[:en]Legal Services for Financial Institutions[:] - ANVI Law Firm\" \/>\n<meta property=\"og:description\" content=\"T\u01b0 v\u1ea5n ph\u00e1p lu\u1eadt d\u00e0nh cho t\u1ed5 ch\u1ee9c t\u00e0i ch\u00ednh; \u0111\u1ecbnh ch\u1ebf t\u00e0i ch\u00ednh; C\u00f4ng ty Lu\u1eadt ANVI; ng\u00e2n h\u00e0ng; t\u00e0i ch\u00ednh ti\u00eau d\u00f9ng\" \/>\n<meta property=\"og:url\" content=\"https:\/\/anvilaw.com\/vi\/dinh-che-tai-chinh\/\" \/>\n<meta property=\"og:site_name\" content=\"ANVI Law Firm\" \/>\n<meta property=\"article:publisher\" content=\"https:\/\/facebook.com\/anvilawfirm\" \/>\n<meta property=\"article:modified_time\" content=\"2026-02-12T09:41:10+00:00\" \/>\n<meta property=\"og:image\" content=\"https:\/\/anvilaw.com\/wp-content\/uploads\/2022\/01\/ANVI-2022.01.26-01.jpg\" \/>\n\t<meta property=\"og:image:width\" content=\"2560\" \/>\n\t<meta property=\"og:image:height\" content=\"1536\" \/>\n\t<meta property=\"og:image:type\" content=\"image\/jpeg\" \/>\n<meta name=\"twitter:card\" content=\"summary_large_image\" \/>\n<meta name=\"twitter:site\" content=\"@anvilawfirm\" \/>\n<meta name=\"twitter:label1\" content=\"\u01af\u1edbc t\u00ednh th\u1eddi gian \u0111\u1ecdc\" \/>\n\t<meta name=\"twitter:data1\" content=\"2 ph\u00fat\" \/>\n<script type=\"application\/ld+json\" class=\"yoast-schema-graph\">{\"@context\":\"https:\/\/schema.org\",\"@graph\":[{\"@type\":\"WebPage\",\"@id\":\"https:\/\/anvilaw.com\/vi\/dinh-che-tai-chinh\/\",\"url\":\"https:\/\/anvilaw.com\/vi\/dinh-che-tai-chinh\/\",\"name\":\"[:vi]D\u1ecbch v\u1ee5 ph\u00e1p l\u00fd d\u00e0nh cho \u0110\u1ecbnh ch\u1ebf t\u00e0i ch\u00ednh[:en]Legal Services for Financial Institutions[:] - ANVI Law Firm\",\"isPartOf\":{\"@id\":\"https:\/\/anvilaw.com\/vi\/#website\"},\"primaryImageOfPage\":{\"@id\":\"https:\/\/anvilaw.com\/vi\/dinh-che-tai-chinh\/#primaryimage\"},\"image\":{\"@id\":\"https:\/\/anvilaw.com\/vi\/dinh-che-tai-chinh\/#primaryimage\"},\"thumbnailUrl\":\"https:\/\/anvilaw.com\/wp-content\/uploads\/2022\/01\/ANVI-2022.01.26-01-450x270.jpg\",\"datePublished\":\"2021-06-22T08:40:10+00:00\",\"dateModified\":\"2026-02-12T09:41:10+00:00\",\"description\":\"T\u01b0 v\u1ea5n ph\u00e1p lu\u1eadt d\u00e0nh cho t\u1ed5 ch\u1ee9c t\u00e0i ch\u00ednh; \u0111\u1ecbnh ch\u1ebf t\u00e0i ch\u00ednh; C\u00f4ng ty Lu\u1eadt ANVI; ng\u00e2n h\u00e0ng; t\u00e0i ch\u00ednh ti\u00eau d\u00f9ng\",\"breadcrumb\":{\"@id\":\"https:\/\/anvilaw.com\/vi\/dinh-che-tai-chinh\/#breadcrumb\"},\"inLanguage\":\"vi\",\"potentialAction\":[{\"@type\":\"ReadAction\",\"target\":[\"https:\/\/anvilaw.com\/vi\/dinh-che-tai-chinh\/\"]}]},{\"@type\":\"ImageObject\",\"inLanguage\":\"vi\",\"@id\":\"https:\/\/anvilaw.com\/vi\/dinh-che-tai-chinh\/#primaryimage\",\"url\":\"https:\/\/anvilaw.com\/wp-content\/uploads\/2022\/01\/ANVI-2022.01.26-01-450x270.jpg\",\"contentUrl\":\"https:\/\/anvilaw.com\/wp-content\/uploads\/2022\/01\/ANVI-2022.01.26-01-450x270.jpg\"},{\"@type\":\"BreadcrumbList\",\"@id\":\"https:\/\/anvilaw.com\/vi\/dinh-che-tai-chinh\/#breadcrumb\",\"itemListElement\":[{\"@type\":\"ListItem\",\"position\":1,\"name\":\"Home\",\"item\":\"https:\/\/anvilaw.com\/vi\/\"},{\"@type\":\"ListItem\",\"position\":2,\"name\":\"D\u1ecbch v\u1ee5 ph\u00e1p l\u00fd d\u00e0nh cho \u0110\u1ecbnh ch\u1ebf t\u00e0i ch\u00ednh\"}]},{\"@type\":\"WebSite\",\"@id\":\"https:\/\/anvilaw.com\/vi\/#website\",\"url\":\"https:\/\/anvilaw.com\/vi\/\",\"name\":\"ANVI Law Firm - C\u00f4ng ty Lu\u1eadt ANVI\",\"description\":\"C\u00f4ng ty Lu\u1eadt ANVI - ANVI Law Firm\",\"publisher\":{\"@id\":\"https:\/\/anvilaw.com\/vi\/#organization\"},\"alternateName\":\"anvilaw.com\",\"potentialAction\":[{\"@type\":\"SearchAction\",\"target\":{\"@type\":\"EntryPoint\",\"urlTemplate\":\"https:\/\/anvilaw.com\/vi\/?s={search_term_string}\"},\"query-input\":{\"@type\":\"PropertyValueSpecification\",\"valueRequired\":true,\"valueName\":\"search_term_string\"}}],\"inLanguage\":\"vi\"},{\"@type\":\"Organization\",\"@id\":\"https:\/\/anvilaw.com\/vi\/#organization\",\"name\":\"C\u00f4ng ty Lu\u1eadt ANVI | ANVI Law Firm\",\"alternateName\":\"ANVI\",\"url\":\"https:\/\/anvilaw.com\/vi\/\",\"logo\":{\"@type\":\"ImageObject\",\"inLanguage\":\"vi\",\"@id\":\"https:\/\/anvilaw.com\/vi\/#\/schema\/logo\/image\/\",\"url\":\"https:\/\/anvilaw.com\/wp-content\/uploads\/2022\/01\/ANVI-Logo-ca-hinh-va-chu-khong-co-nen-174K-1.png\",\"contentUrl\":\"https:\/\/anvilaw.com\/wp-content\/uploads\/2022\/01\/ANVI-Logo-ca-hinh-va-chu-khong-co-nen-174K-1.png\",\"width\":3493,\"height\":1535,\"caption\":\"C\u00f4ng ty Lu\u1eadt ANVI | ANVI Law Firm\"},\"image\":{\"@id\":\"https:\/\/anvilaw.com\/vi\/#\/schema\/logo\/image\/\"},\"sameAs\":[\"https:\/\/facebook.com\/anvilawfirm\",\"https:\/\/x.com\/anvilawfirm\",\"https:\/\/www.youtube.com\/@anvilawfirm\",\"https:\/\/www.youtube.com\/@lsduc_anvi\"]}]}<\/script>\n<!-- \/ Yoast SEO plugin. -->","yoast_head_json":{"title":"[:vi]D\u1ecbch v\u1ee5 ph\u00e1p l\u00fd d\u00e0nh cho \u0110\u1ecbnh ch\u1ebf t\u00e0i ch\u00ednh[:en]Legal Services for Financial Institutions[:] - ANVI Law Firm","description":"T\u01b0 v\u1ea5n ph\u00e1p lu\u1eadt d\u00e0nh cho t\u1ed5 ch\u1ee9c t\u00e0i ch\u00ednh; \u0111\u1ecbnh ch\u1ebf t\u00e0i ch\u00ednh; C\u00f4ng ty Lu\u1eadt ANVI; ng\u00e2n h\u00e0ng; t\u00e0i ch\u00ednh ti\u00eau d\u00f9ng","robots":{"index":"index","follow":"follow","max-snippet":"max-snippet:-1","max-image-preview":"max-image-preview:large","max-video-preview":"max-video-preview:-1"},"canonical":"https:\/\/anvilaw.com\/vi\/dinh-che-tai-chinh\/","og_locale":"vi_VN","og_type":"article","og_title":"[:vi]D\u1ecbch v\u1ee5 ph\u00e1p l\u00fd d\u00e0nh cho \u0110\u1ecbnh ch\u1ebf t\u00e0i ch\u00ednh[:en]Legal Services for Financial Institutions[:] - ANVI Law Firm","og_description":"T\u01b0 v\u1ea5n ph\u00e1p lu\u1eadt d\u00e0nh cho t\u1ed5 ch\u1ee9c t\u00e0i ch\u00ednh; \u0111\u1ecbnh ch\u1ebf t\u00e0i ch\u00ednh; C\u00f4ng ty Lu\u1eadt ANVI; ng\u00e2n h\u00e0ng; t\u00e0i ch\u00ednh ti\u00eau d\u00f9ng","og_url":"https:\/\/anvilaw.com\/vi\/dinh-che-tai-chinh\/","og_site_name":"ANVI Law Firm","article_publisher":"https:\/\/facebook.com\/anvilawfirm","article_modified_time":"2026-02-12T09:41:10+00:00","og_image":[{"width":2560,"height":1536,"url":"https:\/\/anvilaw.com\/wp-content\/uploads\/2022\/01\/ANVI-2022.01.26-01.jpg","type":"image\/jpeg"}],"twitter_card":"summary_large_image","twitter_site":"@anvilawfirm","twitter_misc":{"\u01af\u1edbc t\u00ednh th\u1eddi gian \u0111\u1ecdc":"2 ph\u00fat"},"schema":{"@context":"https:\/\/schema.org","@graph":[{"@type":"WebPage","@id":"https:\/\/anvilaw.com\/vi\/dinh-che-tai-chinh\/","url":"https:\/\/anvilaw.com\/vi\/dinh-che-tai-chinh\/","name":"[:vi]D\u1ecbch v\u1ee5 ph\u00e1p l\u00fd d\u00e0nh cho \u0110\u1ecbnh ch\u1ebf t\u00e0i ch\u00ednh[:en]Legal Services for Financial Institutions[:] - ANVI Law Firm","isPartOf":{"@id":"https:\/\/anvilaw.com\/vi\/#website"},"primaryImageOfPage":{"@id":"https:\/\/anvilaw.com\/vi\/dinh-che-tai-chinh\/#primaryimage"},"image":{"@id":"https:\/\/anvilaw.com\/vi\/dinh-che-tai-chinh\/#primaryimage"},"thumbnailUrl":"https:\/\/anvilaw.com\/wp-content\/uploads\/2022\/01\/ANVI-2022.01.26-01-450x270.jpg","datePublished":"2021-06-22T08:40:10+00:00","dateModified":"2026-02-12T09:41:10+00:00","description":"T\u01b0 v\u1ea5n ph\u00e1p lu\u1eadt d\u00e0nh cho t\u1ed5 ch\u1ee9c t\u00e0i ch\u00ednh; \u0111\u1ecbnh ch\u1ebf t\u00e0i ch\u00ednh; C\u00f4ng ty Lu\u1eadt ANVI; ng\u00e2n h\u00e0ng; t\u00e0i ch\u00ednh ti\u00eau d\u00f9ng","breadcrumb":{"@id":"https:\/\/anvilaw.com\/vi\/dinh-che-tai-chinh\/#breadcrumb"},"inLanguage":"vi","potentialAction":[{"@type":"ReadAction","target":["https:\/\/anvilaw.com\/vi\/dinh-che-tai-chinh\/"]}]},{"@type":"ImageObject","inLanguage":"vi","@id":"https:\/\/anvilaw.com\/vi\/dinh-che-tai-chinh\/#primaryimage","url":"https:\/\/anvilaw.com\/wp-content\/uploads\/2022\/01\/ANVI-2022.01.26-01-450x270.jpg","contentUrl":"https:\/\/anvilaw.com\/wp-content\/uploads\/2022\/01\/ANVI-2022.01.26-01-450x270.jpg"},{"@type":"BreadcrumbList","@id":"https:\/\/anvilaw.com\/vi\/dinh-che-tai-chinh\/#breadcrumb","itemListElement":[{"@type":"ListItem","position":1,"name":"Home","item":"https:\/\/anvilaw.com\/vi\/"},{"@type":"ListItem","position":2,"name":"D\u1ecbch v\u1ee5 ph\u00e1p l\u00fd d\u00e0nh cho \u0110\u1ecbnh ch\u1ebf t\u00e0i ch\u00ednh"}]},{"@type":"WebSite","@id":"https:\/\/anvilaw.com\/vi\/#website","url":"https:\/\/anvilaw.com\/vi\/","name":"ANVI Law Firm - C\u00f4ng ty Lu\u1eadt ANVI","description":"C\u00f4ng ty Lu\u1eadt ANVI - ANVI Law Firm","publisher":{"@id":"https:\/\/anvilaw.com\/vi\/#organization"},"alternateName":"anvilaw.com","potentialAction":[{"@type":"SearchAction","target":{"@type":"EntryPoint","urlTemplate":"https:\/\/anvilaw.com\/vi\/?s={search_term_string}"},"query-input":{"@type":"PropertyValueSpecification","valueRequired":true,"valueName":"search_term_string"}}],"inLanguage":"vi"},{"@type":"Organization","@id":"https:\/\/anvilaw.com\/vi\/#organization","name":"C\u00f4ng ty Lu\u1eadt ANVI | ANVI Law Firm","alternateName":"ANVI","url":"https:\/\/anvilaw.com\/vi\/","logo":{"@type":"ImageObject","inLanguage":"vi","@id":"https:\/\/anvilaw.com\/vi\/#\/schema\/logo\/image\/","url":"https:\/\/anvilaw.com\/wp-content\/uploads\/2022\/01\/ANVI-Logo-ca-hinh-va-chu-khong-co-nen-174K-1.png","contentUrl":"https:\/\/anvilaw.com\/wp-content\/uploads\/2022\/01\/ANVI-Logo-ca-hinh-va-chu-khong-co-nen-174K-1.png","width":3493,"height":1535,"caption":"C\u00f4ng ty Lu\u1eadt ANVI | ANVI Law Firm"},"image":{"@id":"https:\/\/anvilaw.com\/vi\/#\/schema\/logo\/image\/"},"sameAs":["https:\/\/facebook.com\/anvilawfirm","https:\/\/x.com\/anvilawfirm","https:\/\/www.youtube.com\/@anvilawfirm","https:\/\/www.youtube.com\/@lsduc_anvi"]}]}},"_links":{"self":[{"href":"https:\/\/anvilaw.com\/vi\/wp-json\/wp\/v2\/pages\/438","targetHints":{"allow":["GET"]}}],"collection":[{"href":"https:\/\/anvilaw.com\/vi\/wp-json\/wp\/v2\/pages"}],"about":[{"href":"https:\/\/anvilaw.com\/vi\/wp-json\/wp\/v2\/types\/page"}],"author":[{"embeddable":true,"href":"https:\/\/anvilaw.com\/vi\/wp-json\/wp\/v2\/users\/1"}],"replies":[{"embeddable":true,"href":"https:\/\/anvilaw.com\/vi\/wp-json\/wp\/v2\/comments?post=438"}],"version-history":[{"count":15,"href":"https:\/\/anvilaw.com\/vi\/wp-json\/wp\/v2\/pages\/438\/revisions"}],"predecessor-version":[{"id":49589,"href":"https:\/\/anvilaw.com\/vi\/wp-json\/wp\/v2\/pages\/438\/revisions\/49589"}],"wp:attachment":[{"href":"https:\/\/anvilaw.com\/vi\/wp-json\/wp\/v2\/media?parent=438"}],"curies":[{"name":"wp","href":"https:\/\/api.w.org\/{rel}","templated":true}]}}