{"id":96,"date":"2021-02-04T21:52:13","date_gmt":"2021-02-04T14:52:13","guid":{"rendered":"https:\/\/anvilaw.com\/?page_id=96"},"modified":"2026-02-12T16:40:39","modified_gmt":"2026-02-12T09:40:39","slug":"trang-chu","status":"publish","type":"page","link":"https:\/\/anvilaw.com\/vi\/","title":{"rendered":"C\u00f4ng ty Lu\u1eadt ANVI | ANVI Law Firm"},"content":{"rendered":"<h4><a href=\"https:\\\\facebook.com\\anvilawfirm\"><span style=\"color: #808080;\">TRANG CH\u1ee6 <span style=\"color: #723918;\">ANVI<\/span><\/span><\/a><\/h4>\n<p><a href=\"https:\/\/www.facebook.com\/anvilawfirm\"><span style=\"color: #713817;\"><strong>ANVI<\/strong><\/span><\/a> l\u00e0 h\u00e3ng lu\u1eadt \u0111\u1eb7c bi\u1ec7t chuy\u00ean nghi\u1ec7p trong l\u0129nh v\u1ef1c <a href=\"https:\/\/anvilaw.com\/vi\/dinh-che\/doanh-nghiep\/\">ph\u00e1p lu\u1eadt doanh nghi\u1ec7p<\/a>, <a href=\"https:\/\/anvilaw.com\/vi\/dinh-che\/\">t\u00e0i ch\u00ednh, ng\u00e2n h\u00e0ng, ch\u1ee9ng kho\u00e1n, b\u1ea3o hi\u1ec3m<\/a> v\u00e0 kinh doanh th\u01b0\u01a1ng m\u1ea1i.<\/p>\n<p><strong><a href=\"https:\/\/www.facebook.com\/anvilawfirm\"><span style=\"color: #713817;\">ANVI<\/span><\/a> <\/strong>l\u00e0 h\u00e3ng lu\u1eadt chuy\u00ean cung c\u1ea5p c\u00e1c d\u1ecbch v\u1ee5 ph\u00e1p l\u00fd h\u00e0ng \u0111\u1ea7u t\u1ea1i Vi\u1ec7t Nam cho c\u1ed9ng \u0111\u1ed3ng c\u00e1c doanh nghi\u1ec7p &amp; doanh nh\u00e2n trong qu\u1ea3n l\u00fd, \u0111i\u1ec1u h\u00e0nh, c\u1ea5u tr\u00fac ho\u1ea1t \u0111\u1ed9ng \u0111\u1ea7u t\u01b0, kinh doanh; gi\u1ea3i quy\u1ebft tranh ch\u1ea5p; \u0111\u1ea1i di\u1ec7n, b\u1ea3o v\u1ec7 quy\u1ec1n v\u00e0 l\u1ee3i \u00edch; tranh t\u1ee5ng, b\u1ea3o ch\u1eefa; thi h\u00e0nh \u00e1n.<\/p>\n<h4><strong><span style=\"color: #f39f00;\">C\u00e1c d\u1ecbch v\u1ee5 ph\u00e1p l\u00fd ch\u00ednh c\u1ee7a ch\u00fang t\u00f4i<\/span><\/strong><\/h4>\n<div class=\"col-md-6 pb-3\">\n<h5><a href=\"https:\/\/anvilaw.com\/vi\/doanh-nghiep\/\"><span style=\"color: #723900;\"><b><strong>D\u1ecaCH V\u1ee4 LU\u1eacT S\u01af DOANH NGHI\u1ec6P<\/strong><\/b><\/span><\/a><\/h5>\n<p>Cung c\u1ea5p d\u1ecbch v\u1ee5 ph\u00e1p l\u00fd v\u1ec1 t\u1ed5 ch\u1ee9c, qu\u1ea3n l\u00fd, \u0111i\u1ec1u h\u00e0nh ho\u1ea1t \u0111\u1ed9ng &amp; gi\u1ea3i quy\u1ebft tranh ch\u1ea5p trong kinh doanh c\u1ee7a doanh nghi\u1ec7p &#8211; <strong>Lu\u1eadt s\u01b0 doanh nghi\u1ec7p<\/strong> <a href=\"https:\/\/www.facebook.com\/anvilawfirm\"><span style=\"color: #713817;\"><strong>ANVI<\/strong><\/span><\/a>.<\/p>\n<hr \/>\n<h5><a href=\"https:\/\/anvilaw.com\/vi\/dinh-che-tai-chinh\/\"><span style=\"color: #723900;\"><b><strong>D\u1ecaCH V\u1ee4 LU\u1eacT S\u01af \u0110\u1ecaNH CH\u1ebe<\/strong><\/b><\/span><\/a><\/h5>\n<p>Cung c\u1ea5p d\u1ecbch v\u1ee5 ph\u00e1p l\u00fd v\u1ec1 chuy\u00ean m\u00f4n, nghi\u1ec7p v\u1ee5 &amp; qu\u1ea3n l\u00fd r\u1ee7i ro cho ng\u00e2n h\u00e0ng, t\u1ed5 ch\u1ee9c t\u00edn d\u1ee5ng, ch\u1ee9ng kho\u00e1n &amp; c\u00e1c \u0111\u1ecbnh ch\u1ebf t\u00e0i ch\u00ednh kh\u00e1c &#8211; <strong>Lu\u1eadt s\u01b0 \u0111\u1ecbnh ch\u1ebf<\/strong> <a href=\"https:\/\/www.facebook.com\/anvilawfirm\"><span style=\"color: #713817;\"><strong>ANVI<\/strong><\/span><\/a>.<\/p>\n<hr \/>\n<h5><a href=\"https:\/\/anvilaw.com\/vi\/ca-nhan\/\"><span style=\"color: #723900;\"><b><strong>D\u1ecaCH V\u1ee4 LU\u1eacT S\u01af C\u00c1 NH\u00c2N<\/strong><\/b><\/span><\/a><\/h5>\n<p>Cung c\u1ea5p d\u1ecbch v\u1ee5 ph\u00e1p l\u00fd cho c\u00e1 nh\u00e2n, h\u1ed9 kinh doanh trong cu\u1ed9c s\u1ed1ng d\u00e2n s\u1ef1 &amp; kinh doanh &#8211; <strong>Lu\u1eadt s\u01b0 c\u00e1 nh\u00e2n<\/strong> <a href=\"https:\/\/www.facebook.com\/anvilawfirm\"><span style=\"color: #713817;\"><strong>ANVI<\/strong><\/span><\/a><strong><span style=\"color: #713817;\">.<\/span><\/strong><\/p>\n<\/div>\n<p>S\u1ee9 m\u1ec7nh c\u1ee7a <a href=\"https:\/\/www.facebook.com\/anvilawfirm\"><span style=\"color: #713817;\"><strong>ANVI<\/strong><\/span><\/a><strong>\u00a0<\/strong>l\u00e0 c\u1ed1ng hi\u1ebfn s\u1ef1 hi\u1ec3u bi\u1ebft s\u00e2u s\u1eafc v\u00e0 to\u00e0n di\u1ec7n v\u1ec1 ph\u00e1p lu\u1eadt kinh doanh c\u00f9ng b\u1ec1 d\u00e0y kinh nghi\u1ec7m v\u00e0 k\u1ef9 n\u0103ng chuy\u00ean nghi\u1ec7p cho c\u1ed9ng \u0111\u1ed3ng doanh nghi\u1ec7p &amp; doanh nh\u00e2n ph\u00e1t tri\u1ec3n b\u1ec1n v\u1eefng tr\u00ean c\u01a1 s\u1edf t\u1ed1i \u0111a h\u00f3a l\u1ee3i \u00edch, t\u1ed1i thi\u1ec3u h\u00f3a r\u1ee7i ro.<\/p>\n<p><span style=\"color: #723917;\"><strong><a style=\"color: #723917;\" href=\"https:\/\/www.facebook.com\/anvilawfirm\">ANVI<\/a> <\/strong><\/span>lu\u00f4n s\u00e1t c\u00e1nh c\u00f9ng c\u1ed9ng \u0111\u1ed3ng doanh nghi\u1ec7p &amp; doanh nh\u00e2n theo ph\u01b0\u01a1ng ch\u00e2m <span style=\"color: #713817;\"><em>&#8220;<span style=\"color: #f39f31;\"><strong><b><a style=\"color: #f39f31;\" href=\"https:\/\/anvilaw.com\/vi\/01-sach-kinh-doanh-sanh-luat\/\">Kinh\u00a0<span style=\"caret-color: #6b3c00;\">doanh<\/span>\u00a0s\u00e0nh lu\u1eadt<\/a>!<\/b><\/strong><\/span>&#8220;<\/em><\/span><\/p>\n<table style=\"height: 267px;\" width=\"1048\">\n<tbody>\n<tr>\n<td width=\"318\">&nbsp;<\/p>\n<p><span style=\"color: #800000;\">____________________________<\/span><\/p>\n<p><span style=\"color: #808080;\"><strong>F<\/strong><strong>acebook<\/strong><strong>:<\/strong><\/span> <a href=\"https:\/\/www.facebook.com\/anvilawfirm\">ANVI Law Firm<\/a><\/p>\n<p><span style=\"color: #808080;\"><strong>LinkedIn:<\/strong><\/span> <a href=\"http:\/\/www.linkedin.com\/in\/anvi-law-firm-631b8332a\">ANVI Law Firm<\/a><\/p>\n<p><span style=\"color: #808080;\"><strong>X (Twitter): <\/strong><\/span><a href=\"https:\/\/x.com\/anvilawfirm\">ANVI Law Firm<\/a><\/p>\n<p><span style=\"color: #808080;\"><strong>Youtube:<\/strong><\/span> <a href=\"https:\/\/youtube.com\/@anvilawfirm\">ANVI Law Firm<\/a><\/td>\n<td width=\"318\">\n<p style=\"text-align: right;\"><span style=\"color: #808080;\"><strong>Lu\u1eadt s\u01b0 Tr\u01b0\u01a1ng Thanh \u0110\u1ee9c<\/strong><strong><br \/>\nGi\u00e1m \u0111\u1ed1c C\u00f4ng ty<\/strong><\/span><\/p>\n<p style=\"text-align: right;\"><span style=\"color: #800000;\">____________________________<\/span><\/p>\n<p style=\"text-align: right;\"><span style=\"color: #808080;\">\u00a0\u0110i\u1ec7n tho\u1ea1i: 098 304 0506<\/span><br \/>\n<span style=\"color: #808080;\">Emailt: anvi@anvilaw.com<\/span><\/p>\n<p style=\"text-align: right;\"><span style=\"color: #808080;\">\u0110\u1ecba ch\u1ec9: T\u1ea7ng 2, T\u00f2a nh\u00e0 Savina, 44 ph\u1ed1 Tr\u00e0ng Ti\u1ec1n,<\/span><\/p>\n<p style=\"text-align: right;\"><span style=\"color: #808080;\">ph\u01b0\u1eddng Ho\u00e0n Ki\u1ebfm, H\u00e0 N\u1ed9i<\/span><\/p>\n<\/td>\n<\/tr>\n<\/tbody>\n<\/table>\n<p style=\"text-align: right;\">","protected":false},"excerpt":{"rendered":"<p>TRANG CH\u1ee6 ANVI ANVI l\u00e0 h\u00e3ng lu\u1eadt \u0111\u1eb7c bi\u1ec7t chuy\u00ean nghi\u1ec7p trong l\u0129nh v\u1ef1c ph\u00e1p lu\u1eadt doanh nghi\u1ec7p, t\u00e0i ch\u00ednh, ng\u00e2n h\u00e0ng, ch\u1ee9ng kho\u00e1n, b\u1ea3o hi\u1ec3m v\u00e0 kinh doanh th\u01b0\u01a1ng m\u1ea1i. ANVI l\u00e0 h\u00e3ng lu\u1eadt chuy\u00ean cung c\u1ea5p c\u00e1c d\u1ecbch v\u1ee5 ph\u00e1p l\u00fd h\u00e0ng \u0111\u1ea7u t\u1ea1i Vi\u1ec7t Nam cho c\u1ed9ng \u0111\u1ed3ng c\u00e1c doanh nghi\u1ec7p &amp; [&hellip;]<\/p>\n","protected":false},"author":1,"featured_media":144,"parent":0,"menu_order":0,"comment_status":"closed","ping_status":"closed","template":"front-page.php","meta":{"_acf_changed":false,"footnotes":""},"class_list":["post-96","page","type-page","status-publish","has-post-thumbnail","hentry"],"acf":[],"yoast_head":"<!-- This site is optimized with the Yoast SEO plugin v26.9 - https:\/\/yoast.com\/product\/yoast-seo-wordpress\/ -->\n<title>C\u00f4ng ty Lu\u1eadt ANVI | ANVI Law Firm  - ANVI Law Firm<\/title>\n<meta name=\"description\" content=\"C\u00f4ng ty Lu\u1eadt ANVI | ANVI Law Firm | Lu\u1eadt s\u01b0 doanh nghi\u1ec7p | Lu\u1eadt s\u01b0 \u0111\u1ecbnh ch\u1ebf | Lu\u1eadt s\u01b0 c\u00e1 nh\u00e2n | Kinh doanh s\u00e0nh lu\u1eadt | ANVI Law | Lu\u1eadt ANVI\" \/>\n<meta name=\"robots\" content=\"index, follow, max-snippet:-1, max-image-preview:large, max-video-preview:-1\" \/>\n<link rel=\"canonical\" href=\"https:\/\/anvilaw.com\/vi\/\" \/>\n<meta property=\"og:locale\" content=\"vi_VN\" \/>\n<meta property=\"og:type\" content=\"article\" \/>\n<meta property=\"og:title\" content=\"[:vi]C\u00f4ng ty Lu\u1eadt ANVI | ANVI Law Firm [:en]Home[:] - ANVI Law Firm\" \/>\n<meta property=\"og:description\" content=\"C\u00f4ng ty Lu\u1eadt ANVI | ANVI Law Firm | Lu\u1eadt s\u01b0 doanh nghi\u1ec7p | Lu\u1eadt s\u01b0 \u0111\u1ecbnh ch\u1ebf | Lu\u1eadt s\u01b0 c\u00e1 nh\u00e2n | Kinh doanh s\u00e0nh lu\u1eadt | ANVI Law | Lu\u1eadt ANVI\" \/>\n<meta property=\"og:url\" content=\"https:\/\/anvilaw.com\/vi\/\" \/>\n<meta property=\"og:site_name\" content=\"ANVI Law Firm\" \/>\n<meta property=\"article:publisher\" content=\"https:\/\/facebook.com\/anvilawfirm\" \/>\n<meta property=\"article:modified_time\" content=\"2026-02-12T09:40:39+00:00\" \/>\n<meta property=\"og:image\" content=\"https:\/\/anvilaw.com\/wp-content\/uploads\/2021\/02\/logo_anvi.jpg\" \/>\n\t<meta property=\"og:image:width\" content=\"783\" \/>\n\t<meta property=\"og:image:height\" content=\"783\" \/>\n\t<meta property=\"og:image:type\" content=\"image\/jpeg\" \/>\n<meta name=\"twitter:card\" content=\"summary_large_image\" \/>\n<meta name=\"twitter:site\" content=\"@anvilawfirm\" \/>\n<meta name=\"twitter:label1\" content=\"\u01af\u1edbc t\u00ednh th\u1eddi gian \u0111\u1ecdc\" \/>\n\t<meta name=\"twitter:data1\" content=\"2 ph\u00fat\" \/>\n<script type=\"application\/ld+json\" class=\"yoast-schema-graph\">{\"@context\":\"https:\/\/schema.org\",\"@graph\":[{\"@type\":\"WebPage\",\"@id\":\"https:\/\/anvilaw.com\/vi\/\",\"url\":\"https:\/\/anvilaw.com\/vi\/\",\"name\":\"[:vi]C\u00f4ng ty Lu\u1eadt ANVI | ANVI Law Firm [:en]Home[:] - ANVI Law Firm\",\"isPartOf\":{\"@id\":\"https:\/\/anvilaw.com\/vi\/#website\"},\"primaryImageOfPage\":{\"@id\":\"https:\/\/anvilaw.com\/vi\/#primaryimage\"},\"image\":{\"@id\":\"https:\/\/anvilaw.com\/vi\/#primaryimage\"},\"thumbnailUrl\":\"https:\/\/anvilaw.com\/wp-content\/uploads\/2021\/02\/logo_anvi.jpg\",\"datePublished\":\"2021-02-04T14:52:13+00:00\",\"dateModified\":\"2026-02-12T09:40:39+00:00\",\"description\":\"C\u00f4ng ty Lu\u1eadt ANVI | ANVI Law Firm | Lu\u1eadt s\u01b0 doanh nghi\u1ec7p | Lu\u1eadt s\u01b0 \u0111\u1ecbnh ch\u1ebf | Lu\u1eadt s\u01b0 c\u00e1 nh\u00e2n | Kinh doanh s\u00e0nh lu\u1eadt | ANVI Law | Lu\u1eadt ANVI\",\"breadcrumb\":{\"@id\":\"https:\/\/anvilaw.com\/vi\/#breadcrumb\"},\"inLanguage\":\"vi\",\"potentialAction\":[{\"@type\":\"ReadAction\",\"target\":[\"https:\/\/anvilaw.com\/vi\/\"]}]},{\"@type\":\"ImageObject\",\"inLanguage\":\"vi\",\"@id\":\"https:\/\/anvilaw.com\/vi\/#primaryimage\",\"url\":\"https:\/\/anvilaw.com\/wp-content\/uploads\/2021\/02\/logo_anvi.jpg\",\"contentUrl\":\"https:\/\/anvilaw.com\/wp-content\/uploads\/2021\/02\/logo_anvi.jpg\",\"width\":783,\"height\":783,\"caption\":\"Gi\u1edbi thi\u1ec7u ANVI Lu\u1eadt s\u01b0 doanh nghi\u1ec7p\"},{\"@type\":\"BreadcrumbList\",\"@id\":\"https:\/\/anvilaw.com\/vi\/#breadcrumb\",\"itemListElement\":[{\"@type\":\"ListItem\",\"position\":1,\"name\":\"Home\",\"item\":\"https:\/\/anvilaw.com\/vi\/\"},{\"@type\":\"ListItem\",\"position\":2,\"name\":\"C\u00f4ng ty Lu\u1eadt ANVI | ANVI Law Firm\"}]},{\"@type\":\"WebSite\",\"@id\":\"https:\/\/anvilaw.com\/vi\/#website\",\"url\":\"https:\/\/anvilaw.com\/vi\/\",\"name\":\"ANVI Law Firm - C\u00f4ng ty Lu\u1eadt ANVI\",\"description\":\"C\u00f4ng ty Lu\u1eadt ANVI - ANVI Law Firm\",\"publisher\":{\"@id\":\"https:\/\/anvilaw.com\/vi\/#organization\"},\"alternateName\":\"anvilaw.com\",\"potentialAction\":[{\"@type\":\"SearchAction\",\"target\":{\"@type\":\"EntryPoint\",\"urlTemplate\":\"https:\/\/anvilaw.com\/vi\/?s={search_term_string}\"},\"query-input\":{\"@type\":\"PropertyValueSpecification\",\"valueRequired\":true,\"valueName\":\"search_term_string\"}}],\"inLanguage\":\"vi\"},{\"@type\":\"Organization\",\"@id\":\"https:\/\/anvilaw.com\/vi\/#organization\",\"name\":\"C\u00f4ng ty Lu\u1eadt ANVI | ANVI Law Firm\",\"alternateName\":\"ANVI\",\"url\":\"https:\/\/anvilaw.com\/vi\/\",\"logo\":{\"@type\":\"ImageObject\",\"inLanguage\":\"vi\",\"@id\":\"https:\/\/anvilaw.com\/vi\/#\/schema\/logo\/image\/\",\"url\":\"https:\/\/anvilaw.com\/wp-content\/uploads\/2022\/01\/ANVI-Logo-ca-hinh-va-chu-khong-co-nen-174K-1.png\",\"contentUrl\":\"https:\/\/anvilaw.com\/wp-content\/uploads\/2022\/01\/ANVI-Logo-ca-hinh-va-chu-khong-co-nen-174K-1.png\",\"width\":3493,\"height\":1535,\"caption\":\"C\u00f4ng ty Lu\u1eadt ANVI | ANVI Law Firm\"},\"image\":{\"@id\":\"https:\/\/anvilaw.com\/vi\/#\/schema\/logo\/image\/\"},\"sameAs\":[\"https:\/\/facebook.com\/anvilawfirm\",\"https:\/\/x.com\/anvilawfirm\",\"https:\/\/www.youtube.com\/@anvilawfirm\",\"https:\/\/www.youtube.com\/@lsduc_anvi\"]}]}<\/script>\n<!-- \/ Yoast SEO plugin. -->","yoast_head_json":{"title":"[:vi]C\u00f4ng ty Lu\u1eadt ANVI | ANVI Law Firm [:en]Home[:] - ANVI Law Firm","description":"C\u00f4ng ty Lu\u1eadt ANVI | ANVI Law Firm | Lu\u1eadt s\u01b0 doanh nghi\u1ec7p | Lu\u1eadt s\u01b0 \u0111\u1ecbnh ch\u1ebf | Lu\u1eadt s\u01b0 c\u00e1 nh\u00e2n | Kinh doanh s\u00e0nh lu\u1eadt | ANVI Law | Lu\u1eadt ANVI","robots":{"index":"index","follow":"follow","max-snippet":"max-snippet:-1","max-image-preview":"max-image-preview:large","max-video-preview":"max-video-preview:-1"},"canonical":"https:\/\/anvilaw.com\/vi\/","og_locale":"vi_VN","og_type":"article","og_title":"[:vi]C\u00f4ng ty Lu\u1eadt ANVI | ANVI Law Firm [:en]Home[:] - ANVI Law Firm","og_description":"C\u00f4ng ty Lu\u1eadt ANVI | ANVI Law Firm | Lu\u1eadt s\u01b0 doanh nghi\u1ec7p | Lu\u1eadt s\u01b0 \u0111\u1ecbnh ch\u1ebf | Lu\u1eadt s\u01b0 c\u00e1 nh\u00e2n | Kinh doanh s\u00e0nh lu\u1eadt | ANVI Law | Lu\u1eadt ANVI","og_url":"https:\/\/anvilaw.com\/vi\/","og_site_name":"ANVI Law Firm","article_publisher":"https:\/\/facebook.com\/anvilawfirm","article_modified_time":"2026-02-12T09:40:39+00:00","og_image":[{"width":783,"height":783,"url":"https:\/\/anvilaw.com\/wp-content\/uploads\/2021\/02\/logo_anvi.jpg","type":"image\/jpeg"}],"twitter_card":"summary_large_image","twitter_site":"@anvilawfirm","twitter_misc":{"\u01af\u1edbc t\u00ednh th\u1eddi gian \u0111\u1ecdc":"2 ph\u00fat"},"schema":{"@context":"https:\/\/schema.org","@graph":[{"@type":"WebPage","@id":"https:\/\/anvilaw.com\/vi\/","url":"https:\/\/anvilaw.com\/vi\/","name":"[:vi]C\u00f4ng ty Lu\u1eadt ANVI | ANVI Law Firm [:en]Home[:] - ANVI Law Firm","isPartOf":{"@id":"https:\/\/anvilaw.com\/vi\/#website"},"primaryImageOfPage":{"@id":"https:\/\/anvilaw.com\/vi\/#primaryimage"},"image":{"@id":"https:\/\/anvilaw.com\/vi\/#primaryimage"},"thumbnailUrl":"https:\/\/anvilaw.com\/wp-content\/uploads\/2021\/02\/logo_anvi.jpg","datePublished":"2021-02-04T14:52:13+00:00","dateModified":"2026-02-12T09:40:39+00:00","description":"C\u00f4ng ty Lu\u1eadt ANVI | ANVI Law Firm | Lu\u1eadt s\u01b0 doanh nghi\u1ec7p | Lu\u1eadt s\u01b0 \u0111\u1ecbnh ch\u1ebf | Lu\u1eadt s\u01b0 c\u00e1 nh\u00e2n | Kinh doanh s\u00e0nh lu\u1eadt | ANVI Law | Lu\u1eadt ANVI","breadcrumb":{"@id":"https:\/\/anvilaw.com\/vi\/#breadcrumb"},"inLanguage":"vi","potentialAction":[{"@type":"ReadAction","target":["https:\/\/anvilaw.com\/vi\/"]}]},{"@type":"ImageObject","inLanguage":"vi","@id":"https:\/\/anvilaw.com\/vi\/#primaryimage","url":"https:\/\/anvilaw.com\/wp-content\/uploads\/2021\/02\/logo_anvi.jpg","contentUrl":"https:\/\/anvilaw.com\/wp-content\/uploads\/2021\/02\/logo_anvi.jpg","width":783,"height":783,"caption":"Gi\u1edbi thi\u1ec7u ANVI Lu\u1eadt s\u01b0 doanh nghi\u1ec7p"},{"@type":"BreadcrumbList","@id":"https:\/\/anvilaw.com\/vi\/#breadcrumb","itemListElement":[{"@type":"ListItem","position":1,"name":"Home","item":"https:\/\/anvilaw.com\/vi\/"},{"@type":"ListItem","position":2,"name":"C\u00f4ng ty Lu\u1eadt ANVI | ANVI Law Firm"}]},{"@type":"WebSite","@id":"https:\/\/anvilaw.com\/vi\/#website","url":"https:\/\/anvilaw.com\/vi\/","name":"ANVI Law Firm - C\u00f4ng ty Lu\u1eadt ANVI","description":"C\u00f4ng ty Lu\u1eadt ANVI - ANVI Law Firm","publisher":{"@id":"https:\/\/anvilaw.com\/vi\/#organization"},"alternateName":"anvilaw.com","potentialAction":[{"@type":"SearchAction","target":{"@type":"EntryPoint","urlTemplate":"https:\/\/anvilaw.com\/vi\/?s={search_term_string}"},"query-input":{"@type":"PropertyValueSpecification","valueRequired":true,"valueName":"search_term_string"}}],"inLanguage":"vi"},{"@type":"Organization","@id":"https:\/\/anvilaw.com\/vi\/#organization","name":"C\u00f4ng ty Lu\u1eadt ANVI | ANVI Law Firm","alternateName":"ANVI","url":"https:\/\/anvilaw.com\/vi\/","logo":{"@type":"ImageObject","inLanguage":"vi","@id":"https:\/\/anvilaw.com\/vi\/#\/schema\/logo\/image\/","url":"https:\/\/anvilaw.com\/wp-content\/uploads\/2022\/01\/ANVI-Logo-ca-hinh-va-chu-khong-co-nen-174K-1.png","contentUrl":"https:\/\/anvilaw.com\/wp-content\/uploads\/2022\/01\/ANVI-Logo-ca-hinh-va-chu-khong-co-nen-174K-1.png","width":3493,"height":1535,"caption":"C\u00f4ng ty Lu\u1eadt ANVI | ANVI Law Firm"},"image":{"@id":"https:\/\/anvilaw.com\/vi\/#\/schema\/logo\/image\/"},"sameAs":["https:\/\/facebook.com\/anvilawfirm","https:\/\/x.com\/anvilawfirm","https:\/\/www.youtube.com\/@anvilawfirm","https:\/\/www.youtube.com\/@lsduc_anvi"]}]}},"_links":{"self":[{"href":"https:\/\/anvilaw.com\/vi\/wp-json\/wp\/v2\/pages\/96","targetHints":{"allow":["GET"]}}],"collection":[{"href":"https:\/\/anvilaw.com\/vi\/wp-json\/wp\/v2\/pages"}],"about":[{"href":"https:\/\/anvilaw.com\/vi\/wp-json\/wp\/v2\/types\/page"}],"author":[{"embeddable":true,"href":"https:\/\/anvilaw.com\/vi\/wp-json\/wp\/v2\/users\/1"}],"replies":[{"embeddable":true,"href":"https:\/\/anvilaw.com\/vi\/wp-json\/wp\/v2\/comments?post=96"}],"version-history":[{"count":10,"href":"https:\/\/anvilaw.com\/vi\/wp-json\/wp\/v2\/pages\/96\/revisions"}],"predecessor-version":[{"id":49588,"href":"https:\/\/anvilaw.com\/vi\/wp-json\/wp\/v2\/pages\/96\/revisions\/49588"}],"wp:featuredmedia":[{"embeddable":true,"href":"https:\/\/anvilaw.com\/vi\/wp-json\/wp\/v2\/media\/144"}],"wp:attachment":[{"href":"https:\/\/anvilaw.com\/vi\/wp-json\/wp\/v2\/media?parent=96"}],"curies":[{"name":"wp","href":"https:\/\/api.w.org\/{rel}","templated":true}]}}