{"id":974,"date":"2022-01-15T19:05:29","date_gmt":"2022-01-15T12:05:29","guid":{"rendered":"https:\/\/anvilaw.com\/vi\/?page_id=974"},"modified":"2026-02-12T16:43:09","modified_gmt":"2026-02-12T09:43:09","slug":"quy-dinh-su-dung-website-anvi","status":"publish","type":"page","link":"https:\/\/anvilaw.com\/vi\/quy-dinh-su-dung-website-anvi\/","title":{"rendered":"Quy \u0111\u1ecbnh s\u1eed d\u1ee5ng"},"content":{"rendered":"<h4><strong><span style=\"color: #713817;\">Quy \u0111\u1ecbnh s\u1eed d\u1ee5ng website ANVI<\/span><\/strong><\/h4>\n<p>Website <span style=\"color: #773616;\"><strong>ANVI<\/strong><\/span> v\u1edbi t\u00ean mi\u1ec1n \u201c<a href=\"https:\/\/anvilaw.com\/vi\/\"><strong>anvilaw.<\/strong><strong>com<\/strong><\/a>\u201d v\u00e0 \u201c<a href=\"https:\/\/anvilaw.com\/vi\/\"><strong>anvilaw.vn<\/strong><\/a>\u201d l\u00e0 t\u00e0i s\u1ea3n c\u1ee7a C\u00f4ng ty Lu\u1eadt TNHH <span style=\"color: #773616;\"><strong>ANVI<\/strong> (<strong>ANVI<\/strong>)<\/span>. Vi\u1ec7c truy c\u1eadp Website <span style=\"color: #773616;\"><strong>ANVI<\/strong><\/span> \u0111\u1ed3ng ngh\u0129a v\u1edbi vi\u1ec7c Qu\u00fd kh\u00e1ch \u0111\u00e3 hi\u1ec3u r\u00f5, ho\u00e0n to\u00e0n \u0111\u1ed3ng \u00fd v\u00e0 cam k\u1ebft th\u1ef1c hi\u1ec7n \u0111\u00fang v\u1edbi c\u00e1c \u0111i\u1ec1u kho\u1ea3n sau \u0111\u00e2y:<\/p>\n<h5><strong><span style=\"color: #f4a240;\">N\u1ed9i dung Website<\/span> <span style=\"color: #773616;\">ANVI<\/span><\/strong><\/h5>\n<p>Nh\u1eefng n\u1ed9i dung c\u1ee7a Website <span style=\"color: #773616;\"><strong>ANVI<\/strong><\/span> n\u00e0y l\u00e0 to\u00e0n b\u1ed9 hay m\u1ed9t ph\u1ea7n nh\u01b0 th\u01b0\u01a1ng hi\u1ec7u, bi\u1ec3u t\u01b0\u1ee3ng, h\u00ecnh \u1ea3nh, bi\u1ec3u tr\u01b0ng, h\u00ecnh t\u01b0\u1ee3ng, ph\u1ea7n m\u1ec1m, v\u0103n b\u1ea3n v\u00e0 nh\u1eefng n\u1ed9i dung kh\u00e1c \u0111\u1ec1u l\u00e0 t\u00e0i s\u1ea3n c\u1ee7a <span style=\"color: #773616;\"><strong>ANVI<\/strong><\/span> v\u00e0 ho\u1eb7c c\u00e1c n\u1ed9i dung th\u00f4ng tin do <span style=\"color: #773616;\"><strong>ANVI<\/strong><\/span> ki\u1ec3m so\u00e1t.<\/p>\n<p>Th\u01b0\u01a1ng hi\u1ec7u <span style=\"color: #773616;\"><strong>ANVI<\/strong><\/span>\u00a0bao g\u1ed3m logo, t\u00ean g\u1ecdi, m\u00e0u s\u1eafc, bi\u1ec3u t\u01b0\u1ee3ng v\u00e0 c\u00e1c nh\u00e3n m\u00e1c d\u1ecbch v\u1ee5 \u0111\u01b0\u1ee3c hi\u1ec3n th\u1ecb tr\u00ean Website <span style=\"color: #773616;\"><strong>ANVI<\/strong><\/span> \u0111\u00e3 \u0111\u01b0\u1ee3c b\u1ea3o h\u1ed9 theo quy \u0111\u1ecbnh c\u1ee7a ph\u00e1p lu\u1eadt.<\/p>\n<p>V\u1edbi t\u01b0 c\u00e1ch l\u00e0 ch\u1ee7 s\u1edf h\u1eefu h\u1ee3p ph\u00e1p c\u00e1c n\u1ed9i dung \u0111\u01b0\u1ee3c hi\u1ec3n th\u1ecb tr\u00ean Website <span style=\"color: #773616;\"><strong>ANVI<\/strong><\/span>, <span style=\"color: #773616;\"><strong>ANVI<\/strong><\/span> c\u00f3 to\u00e0n quy\u1ec1n s\u1eeda \u0111\u1ed5i, b\u1ed5 sung, x\u00f3a b\u1ea5t k\u1ef3 n\u1ed9i dung n\u00e0o c\u1ee7a Website <span style=\"color: #773616;\"><strong>ANVI<\/strong><\/span> v\u00e0o b\u1ea5t k\u1ef3 th\u1eddi \u0111i\u1ec3m n\u00e0o m\u00e0 kh\u00f4ng c\u1ea7n th\u00f4ng b\u00e1o. C\u00e1c n\u1ed9i dung v\u1ec1 s\u1ea3n ph\u1ea9m, d\u1ecbch v\u1ee5 hi\u1ec3n th\u1ecb tr\u00ean Website c\u1ee7a <span style=\"color: #773616;\"><strong>ANVI<\/strong><\/span> mang t\u00ednh ch\u1ea5t gi\u1edbi thi\u1ec7u v\u00e0 kh\u00f4ng m\u1eb7c nhi\u00ean c\u00f3 hi\u1ec7u l\u1ef1c \u00e1p d\u1ee5ng v\u00e0o b\u1ea5t k\u1ef3 th\u1eddi \u0111i\u1ec3m, \u0111\u1ecba \u0111i\u1ec3m n\u00e0o. <span style=\"color: #773616;\"><strong>ANVI<\/strong><\/span> c\u00f3 quy\u1ec1n ho\u00e3n, d\u1eebng, thay \u0111\u1ed5i vi\u1ec7c cung c\u1ea5p d\u1ecbch v\u1ee5 qua Website <span style=\"color: #773616;\"><strong>ANVI<\/strong><\/span>.<\/p>\n<p>Kh\u00f4ng ai \u0111\u01b0\u1ee3c thay \u0111\u1ed5i, xo\u00e1, hu\u1ef7, gi\u1ea3 m\u1ea1o, sao ch\u00e9p, ti\u1ebft l\u1ed9, hi\u1ec3n th\u1ecb, di chuy\u1ec3n tr\u00e1i ph\u00e9p, s\u1eed d\u1ee5ng v\u00ec c\u00e1c m\u1ee5c \u0111\u00edch th\u01b0\u01a1ng m\u1ea1i hay c\u00f4ng c\u1ed9ng b\u1ea5t k\u1ef3 m\u1ed9t ph\u1ea7n ho\u1eb7c to\u00e0n b\u1ed9 nh\u1eefng t\u00e0i li\u1ec7u n\u00e0y n\u1ebfu kh\u00f4ng \u0111\u01b0\u1ee3c <span style=\"color: #773616;\"><strong>ANVI<\/strong><\/span> ch\u1ea5p thu\u1eadn tr\u01b0\u1edbc b\u1eb1ng v\u0103n b\u1ea3n. Vi\u1ec7c s\u1eed d\u1ee5ng th\u00f4ng tin, t\u00e0i s\u1ea3n t\u1eeb Website <span style=\"color: #773616;\"><strong>ANVI<\/strong><\/span> l\u00e0 h\u1ee3p ph\u00e1p v\u00e0 kh\u00f4ng c\u1ea7n <span style=\"color: #773616;\"><strong>ANVI<\/strong><\/span> ch\u1ea5p thu\u1eadn b\u1eb1ng v\u0103n b\u1ea3n n\u1ebfu \u0111\u00e1p \u1ee9ng \u0111\u1ea7y \u0111\u1ee7 \u0111\u1ed3ng th\u1eddi c\u00e1c ti\u00eau ch\u00ed sau:<\/p>\n<ul>\n<li>S\u1eed d\u1ee5ng cho ch\u00ednh m\u1ee5c \u0111\u00edch giao d\u1ecbch v\u1edbi <span style=\"color: #773616;\"><strong>ANVI<\/strong><\/span>;<\/li>\n<li>Kh\u00f4ng s\u1eed d\u1ee5ng v\u00e0o nh\u1eefng m\u1ee5c \u0111\u00edch vi ph\u1ea1m ph\u00e1t lu\u1eadt, \u0111\u1ea1o \u0111\u1ee9c, thu\u1ea7n phong m\u1ef9 t\u1ee5c;<\/li>\n<li>Kh\u00f4ng l\u00e0m \u1ea3nh h\u01b0\u1edfng ti\u00eau c\u1ef1c \u0111\u1ebfn h\u00ecnh \u1ea3nh, th\u01b0\u01a1ng hi\u1ec7u, uy t\u00edn c\u1ee7a <span style=\"color: #773616;\"><strong>ANVI<\/strong><\/span>;<\/li>\n<li>Khi s\u1eed d\u1ee5ng ph\u1ea3i tr\u00edch d\u1eabn ngu\u1ed3n v\u00e0 gi\u1eef nguy\u00ean \u0111\u01b0\u1eddng d\u1eabn \u0111\u1ebfn t\u00e0i li\u1ec7u g\u1ed1c, gi\u1eef nguy\u00ean t\u00ednh to\u00e0n v\u1eb9n c\u1ee7a th\u00f4ng tin v\u00e0 b\u1ea3o \u0111\u1ea3m quy\u1ec1n s\u1edf h\u1eefu tr\u00ed tu\u1ec7 c\u1ee7a <span style=\"color: #773616;\"><strong>ANVI<\/strong><\/span> \u0111\u1ed1i v\u1edbi c\u00e1c t\u00e0i s\u1ea3n tr\u00ed tu\u1ec7 tr\u00ean Website n\u00e0y.<\/li>\n<\/ul>\n<h5><strong><span style=\"color: #993300;\">Truy c\u1eadp v\u00e0 s\u1eed d\u1ee5ng<\/span><\/strong><\/h5>\n<p><span style=\"color: #773616;\"><strong>ANVI<\/strong><\/span> c\u1ea5m s\u1eed d\u1ee5ng tr\u00e1i ph\u00e9p Website <span style=\"color: #773616;\"><strong>ANVI<\/strong><\/span> n\u00e0y, bao g\u1ed3m nh\u01b0ng kh\u00f4ng gi\u1edbi h\u1ea1n, vi\u1ec7c truy c\u1eadp tr\u00e1i ph\u00e9p v\u00e0o Website <span style=\"color: #773616;\"><strong>ANVI<\/strong><\/span>, d\u00f9ng sai m\u1eadt kh\u1ea9u ho\u1eb7c s\u1eed d\u1ee5ng tr\u00e1i ph\u00e9p b\u1ea5t k\u1ef3 th\u00f4ng tin v\u00e0 t\u00e0i li\u1ec7u n\u00e0o \u0111\u01b0\u1ee3c \u0111\u0103ng t\u1ea3i tr\u00ean Website <span style=\"color: #773616;\"><strong>ANVI<\/strong><\/span>. Trong tr\u01b0\u1eddng h\u1ee3p ph\u00e1t hi\u1ec7n vi\u1ec7c truy c\u1eadp v\u00e0 s\u1eed d\u1ee5ng tr\u00e1i ph\u00e9p Website <span style=\"color: #773616;\"><strong>ANVI<\/strong><\/span>, <span style=\"color: #773616;\"><strong>ANVI<\/strong><\/span> c\u00f3 th\u1ec3 l\u1eadp t\u1ee9c ch\u1ea5m d\u1ee9t th\u1ecfa thu\u1eadn v\u00e0 ho\u1eb7c quy\u1ec1n truy c\u1eadp v\u00e0o Website <span style=\"color: #773616;\"><strong>ANVI<\/strong><\/span> c\u1ee7a Qu\u00fd kh\u00e1ch t\u1ea1i m\u1ecdi th\u1eddi \u0111i\u1ec3m m\u00e0 kh\u00f4ng c\u1ea7n th\u00f4ng b\u00e1o tr\u01b0\u1edbc v\u00e0 y\u00eau c\u1ea7u Qu\u00fd kh\u00e1ch b\u1ed3i th\u01b0\u1eddng thi\u1ec7t h\u1ea1i (n\u1ebfu c\u00f3).<\/p>\n<h5><strong><span style=\"color: #f4a240;\">S\u1eed d\u1ee5ng th\u01b0 \u0111i\u1ec7n t\u1eed\/ Form Y\u00eau c\u1ea7u t\u01b0 v\u1ea5n<\/span><\/strong><\/h5>\n<p><span style=\"color: #773616;\"><strong>ANVI<\/strong><\/span> kh\u00f4ng b\u1ea3o \u0111\u1ea3m r\u1eb1ng c\u00e1c th\u01b0 \u0111i\u1ec7n t\u1eed\/ Form Y\u00eau c\u1ea7u t\u01b0 v\u1ea5n \u0111\u01b0\u1ee3c g\u1eedi \u0111\u1ebfn <span style=\"color: #773616;\"><strong>ANVI<\/strong><\/span> qua \u0111\u01b0\u1eddng Internet s\u1ebd \u0111\u01b0\u1ee3c b\u1ea3o \u0111\u1ea3m t\u00ednh b\u1ea3o m\u1eadt. <span style=\"color: #773616;\"><strong>ANVI<\/strong><\/span> s\u1ebd kh\u00f4ng ch\u1ecbu tr\u00e1ch nhi\u1ec7m \u0111\u1ed1i v\u1edbi b\u1ea5t k\u1ef3 thi\u1ec7t h\u1ea1i n\u00e0o x\u1ea3y ra v\u1edbi ng\u01b0\u1eddi s\u1eed d\u1ee5ng n\u1ebfu s\u1eed d\u1ee5ng th\u01b0 \u0111i\u1ec7n t\u1eed\/Form Y\u00eau c\u1ea7u t\u01b0 v\u1ea5n kh\u00f4ng \u0111\u01b0\u1ee3c b\u1ea3o m\u1eadt (n\u1ebfu c\u00f3). <span style=\"color: #773616;\"><strong>ANVI<\/strong><\/span> kh\u00f4ng ch\u1ecbu tr\u00e1ch nhi\u1ec7m \u0111\u1ed1i v\u1edbi c\u00e1c thi\u1ec7t h\u1ea1i tr\u1ef1c ti\u1ebfp, gi\u00e1n ti\u1ebfp, ho\u1eb7c l\u00e0 h\u1eadu qu\u1ea3 ph\u00e1t sinh t\u1eeb vi\u1ec7c s\u1eed d\u1ee5ng Website <span style=\"color: #773616;\"><strong>ANVI<\/strong><\/span> kh\u00f4ng \u0111\u00fang quy \u0111\u1ecbnh, kh\u00f4ng \u0111\u00fang h\u01b0\u1edbng d\u1eabn v\u00e0\/ho\u1eb7c kh\u00f4ng tu\u00e2n th\u1ee7 c\u00e1c quy \u0111\u1ecbnh v\u1ec1 b\u1ea3o m\u1eadt th\u00f4ng tin.<\/p>\n<h5><strong><span style=\"color: #993300;\">Gi\u1edbi h\u1ea1n v\u00e0 tr\u00e1ch nhi\u1ec7m<\/span><\/strong><\/h5>\n<p>V\u1edbi nh\u1eefng tr\u00e1ch nhi\u1ec7m theo b\u1ea5t k\u1ef3 \u0111i\u1ec1u ki\u1ec7n hay b\u1ea3o \u0111\u1ea3m n\u00e0o m\u00e0 kh\u00f4ng th\u1ec3 \u0111\u01b0\u1ee3c lo\u1ea1i tr\u1eeb theo quy \u0111\u1ecbnh c\u1ee7a ph\u00e1p lu\u1eadt, s\u1ebd \u0111\u01b0\u1ee3c gi\u1edbi h\u1ea1n b\u1edfi vi\u1ec7c <span style=\"color: #773616;\"><strong>ANVI<\/strong><\/span> quy\u1ebft \u0111\u1ecbnh vi\u1ec7c l\u1ef1a ch\u1ecdn \u0111\u1ec3 thay th\u1ebf, \u0111i\u1ec1u ch\u1ec9nh, t\u00e1i cung c\u1ea5p c\u00e1c s\u1ea3n ph\u1ea9m, d\u1ecbch v\u1ee5 hay thanh to\u00e1n cho c\u00e1c chi ph\u00ed t\u00e1i cung c\u1ea5p d\u1ecbch v\u1ee5 ho\u1eb7c \u0111i\u1ec1u ch\u1ec9nh d\u1ecbch v\u1ee5, s\u1ea3n ph\u1ea9m \u0111\u00f3.<\/p>\n<p><span style=\"color: #773616;\"><strong>ANVI<\/strong><\/span> trong gi\u1edbi h\u1ea1n \u0111\u01b0\u1ee3c ph\u00e1p lu\u1eadt cho ph\u00e9p, trong b\u1ea5t k\u1ef3 tr\u01b0\u1eddng h\u1ee3p n\u00e0o, s\u1ebd kh\u00f4ng ch\u1ecbu tr\u00e1ch nhi\u1ec7m \u0111\u1ed1i v\u1edbi b\u1ea5t k\u1ef3 t\u1ed5n th\u1ea5t, m\u1ea5t m\u00e1t, thi\u1ec7t h\u1ea1i n\u00e0o tr\u1ef1c ti\u1ebfp hay gi\u00e1n ti\u1ebfp ph\u00e1t sinh c\u00f3 li\u00ean quan \u0111\u1ebfn Website <span style=\"color: #773616;\"><strong>ANVI<\/strong><\/span> n\u00e0y v\u00e0 ho\u1eb7c c\u00e1c Website <span style=\"color: #773616;\"><strong>ANVI<\/strong><\/span> li\u00ean k\u1ebft kh\u00e1c hay t\u1eeb vi\u1ec7c b\u00ean n\u00e0o s\u1eed d\u1ee5ng ho\u1eb7c kh\u00f4ng s\u1eed d\u1ee5ng \u0111\u01b0\u1ee3c Website <span style=\"color: #773616;\"><strong>ANVI<\/strong><\/span> do l\u1ed7i, sai s\u00f3t, gi\u00e1n \u0111o\u1ea1n, ch\u1eadm tr\u1ec5 trong ho\u1ea1t \u0111\u1ed9ng hay truy\u1ec1n d\u1eef li\u1ec7u, do vir\u00fat, l\u1ed7i h\u1ec7 th\u1ed1ng hay \u0111\u01b0\u1eddng truy\u1ec1n.<\/p>\n<p><span style=\"color: #773616;\"><strong>ANVI<\/strong><\/span> x\u00e2y d\u1ef1ng c\u00e1c th\u00f4ng tin v\u00e0 c\u00e1c t\u00e0i li\u1ec7u tr\u00ean Website <span style=\"color: #773616;\"><strong>ANVI<\/strong><\/span> n\u00e0y v\u1edbi s\u1ef1 th\u1eadn tr\u1ecdng t\u1ed1i \u0111a. Tuy nhi\u00ean, <span style=\"color: #773616;\"><strong>ANVI<\/strong><\/span> kh\u00f4ng b\u1ea3o \u0111\u1ea3m t\u00ednh ch\u00ednh x\u00e1c tuy\u1ec7t \u0111\u1ed1i, ph\u00f9 h\u1ee3p v\u00e0 \u0111\u1ea7y \u0111\u1ee7 c\u1ee7a nh\u1eefng n\u1ed9i dung \u0111\u0103ng t\u1ea3i tr\u00ean Website <span style=\"color: #773616;\"><strong>ANVI<\/strong><\/span>, v\u00e0 trong gi\u1edbi h\u1ea1n \u0111\u01b0\u1ee3c ph\u00e1p lu\u1eadt cho ph\u00e9p, <span style=\"color: #773616;\"><strong>ANVI<\/strong><\/span> kh\u00f4ng ch\u1ecbu tr\u00e1ch nhi\u1ec7m \u0111\u1ed1i v\u1edbi c\u00e1c l\u1ed7i ho\u1eb7c thi\u1ebfu s\u00f3t trong c\u00e1c th\u00f4ng tin v\u00e0 t\u00e0i li\u1ec7u, c\u00e1c b\u1ea3o \u0111\u1ea3m kh\u00f4ng vi ph\u1ea1m quy\u1ec1n, quy\u1ec1n s\u1edf h\u1eefu c\u1ee7a b\u00ean th\u1ee9 ba, ho\u1eb7c b\u1ea3o \u0111\u1ea3m Website <span style=\"color: #773616;\"><strong>ANVI<\/strong><\/span> kh\u00f4ng b\u1ecb nhi\u1ec5m vir\u00fat.<\/p>\n<p>\u0110\u1ed1i v\u1edbi v\u1ea5n \u0111\u1ec1 v\u1ec1 qu\u00e1 tr\u00ecnh truy\u1ec1n t\u00edn hi\u1ec7u v\u00e0 vi\u1ec7c t\u1ea3i th\u00f4ng tin, <span style=\"color: #773616;\"><strong>ANVI<\/strong><\/span> kh\u00f4ng b\u1ea3o \u0111\u1ea3m r\u1eb1ng: c\u00e1c \u0111\u01b0\u1eddng truy\u1ec1n d\u1eef li\u1ec7u kh\u00f4ng b\u1ecb ch\u1eadm, gi\u00e1n \u0111o\u1ea1n, l\u1ed7i, m\u1ea5t t\u00edn hi\u1ec7u c\u1ee7a \u0111\u01b0\u1eddng truy\u1ec1n g\u00e2y ra b\u1edfi c\u00e1c thi\u1ebft b\u1ecb truy\u1ec1n ph\u00e1t kh\u00f4ng thu\u1ed9c s\u1ef1 ki\u1ec3m so\u00e1t c\u1ee7a <span style=\"color: #773616;\"><strong>ANVI<\/strong><\/span>, kh\u00f4ng ch\u1ee9a \u0111\u1ef1ng vir\u00fat, nhi\u1ec5m c\u00e1c ch\u01b0\u01a1ng tr\u00ecnh g\u00e2y h\u1ea1i ho\u1eb7c kh\u00f4ng c\u00f3 t\u1ed5n th\u1ea5t \u0111\u1ed1i v\u1edbi h\u1ec7 th\u1ed1ng m\u00e1y t\u00ednh c\u1ee7a Qu\u00fd kh\u00e1ch.<\/p>\n<p>\u0110\u1ec3 vi\u1ec7c t\u1ea3i th\u00f4ng tin \u0111\u01b0\u1ee3c b\u1ea3o \u0111\u1ea3m an to\u00e0n, Qu\u00fd kh\u00e1ch c\u00f3 tr\u00e1ch nhi\u1ec7m s\u1eed d\u1ee5ng c\u00e1c thi\u1ebft b\u1ecb, ch\u01b0\u01a1ng tr\u00ecnh b\u1ea3o v\u1ec7 ph\u00f9 h\u1ee3p v\u00e0 th\u1ef1c hi\u1ec7n vi\u1ec7c qu\u00e9t vir\u00fat v\u00e0\/ho\u1eb7c c\u00e1c ch\u01b0\u01a1ng tr\u00ecnh g\u00e2y h\u1ea1i.<\/p>\n<h5><strong><a href=\"https:\/\/www.google.com\/search?q=c%C3%B4ng+ty+lu%E1%BA%ADt+anvi&amp;sca_esv=fb3e23d84e00bf2e&amp;sca_upv=1&amp;rlz=1C1GCEA_enVN1102VN1103&amp;ei=e3neZq-dBbnk2roP6KzxgAI&amp;start=10&amp;sa=N&amp;sstk=AagrsujwSlW-qrN6bhC7viNV1_48Ar9jRXIZQiL_ZSHtQnFW62q2Y_W3ventvlxPFw-mgNoLO2dVv9LXQTGIb9_gtO3mqOYqQeDUyA&amp;ved=2ahUKEwjvxpmJg7WIAxU5slYBHWhWHCAQ8tMDegQITxAE&amp;biw=1280&amp;bih=499&amp;dpr=1.5\"><span style=\"color: #f4a240;\">C\u00e1c Website <span style=\"color: #773616;\">ANVI<\/span> li\u00ean k\u1ebft<\/span><\/a><\/strong><\/h5>\n<p><span style=\"color: #773616;\"><strong>ANVI<\/strong><\/span> kh\u00f4ng ch\u1ecbu tr\u00e1ch nhi\u1ec7m v\u1ec1 v\u1ea5n \u0111\u1ec1 an to\u00e0n, b\u1ea3o m\u1eadt; v\u1ec1 b\u1ea5t c\u1ee9 th\u00f4ng tin, t\u00e0i li\u1ec7u, s\u1ea3n ph\u1ea9m, d\u1ecbch v\u1ee5 v\u00e0 n\u1ed9i dung n\u00e0o \u0111\u01b0\u1ee3c \u0111\u0103ng t\u1ea3i, cung c\u1ea5p t\u1ea1i c\u00e1c website kh\u00e1c li\u00ean k\u1ebft \u0111\u1ebfn Website <span style=\"color: #773616;\"><strong>ANVI<\/strong><\/span> ho\u1eb7c Website <span style=\"color: #773616;\"><strong>ANVI<\/strong><\/span> li\u00ean k\u1ebft \u0111\u1ebfn. Khi truy c\u1eadp, s\u1eed d\u1ee5ng nh\u1eefng website li\u00ean k\u1ebft kh\u00e1c, Qu\u00fd kh\u00e1ch ph\u1ea3i tu\u00e2n theo c\u00e1c quy \u0111\u1ecbnh s\u1eed d\u1ee5ng, an to\u00e0n v\u00e0 b\u1ea3o m\u1eadt c\u1ee7a c\u00e1c website \u0111\u00f3 v\u00e0 t\u1ef1 ch\u1ecbu tr\u00e1ch nhi\u1ec7m v\u1ec1 nh\u1eefng t\u1ed5n th\u1ea5t, thi\u1ec7t h\u1ea1i do vi\u1ec7c truy c\u1eadp, s\u1eed d\u1ee5ng \u0111\u00f3.<\/p>\n<h5><a href=\"https:\/\/anvilaw.com\/vi\/chinh-sach-bao-mat\/\"><span style=\"color: #f4a240;\"><span style=\"color: #773616;\"><strong>Ch\u00ednh s\u00e1ch an to\u00e0n v\u00e0 b\u1ea3o m\u1eadt<\/strong><\/span><\/span><\/a><span style=\"color: #713817;\">&#8230;<\/span><\/h5>\n<p><span style=\"color: #808080;\">&#8212;&#8212;&#8212;&#8212;&#8212;&#8212;&#8212;&#8212;&#8212;&#8212;&#8212;&#8212;&#8212;&#8212;&#8212;&#8212;&#8212;&#8212;&#8212;<\/span><\/p>\n<p><strong>C\u00f4ng ty Lu\u1eadt <span style=\"color: #723900;\"><a style=\"color: #723900;\" href=\"https:\/\/facebook.com\/anvilawfirm\">ANVI<\/a><\/span><\/strong><\/p>\n<p style=\"padding-left: 40px;\"><strong>\u0110\u1ecba ch\u1ec9:<\/strong> T\u1ea7ng 2, T\u00f2a nh\u00e0 Savina, 44 ph\u1ed1 Tr\u00e0ng Ti\u1ec1n, ph\u01b0\u1eddng Ho\u00e0n Ki\u1ebfm, H\u00e0 N\u1ed9i.<\/p>\n<p style=\"padding-left: 40px;\"><strong>Hotline:<\/strong> <a href=\"tel:0983040506\">09 83 04 05 06<\/a><\/p>\n<p style=\"padding-left: 40px;\"><strong>Email:<\/strong>\u00a0 \u00a0<a href=\"mailto:anvi@anvilaw.com\">anvi@anvilaw.com<\/a><\/p>\n<p style=\"padding-left: 40px;\"><strong>FB:<\/strong> <a href=\"https:\/\/www.facebook.com\/anvilawfirm\">ANVI Law Firm<\/a><\/p>\n<p style=\"padding-left: 40px;\"><strong><span style=\"color: #000000;\">LinkedIn:<\/span><\/strong> <a href=\"http:\/\/www.linkedin.com\/in\/anvi-law-firm-631b8332a\">ANVI Law Firm<\/a><\/p>\n<p style=\"padding-left: 40px;\"><strong>X (Twitter): <\/strong><a href=\"https:\/\/x.com\/anvilawfirm\">ANVI Law Firm<\/a><\/p>\n<p style=\"padding-left: 40px;\"><strong>Youtube:<\/strong> <a href=\"https:\/\/youtube.com\/@anvilawfirm\">ANVI Law Firm<\/a><\/p>","protected":false},"excerpt":{"rendered":"<p>Quy \u0111\u1ecbnh s\u1eed d\u1ee5ng website ANVI Website ANVI v\u1edbi t\u00ean mi\u1ec1n \u201canvilaw.com\u201d v\u00e0 \u201canvilaw.vn\u201d l\u00e0 t\u00e0i s\u1ea3n c\u1ee7a C\u00f4ng ty Lu\u1eadt TNHH ANVI (ANVI). Vi\u1ec7c truy c\u1eadp Website ANVI \u0111\u1ed3ng ngh\u0129a v\u1edbi vi\u1ec7c Qu\u00fd kh\u00e1ch \u0111\u00e3 hi\u1ec3u r\u00f5, ho\u00e0n to\u00e0n \u0111\u1ed3ng \u00fd v\u00e0 cam k\u1ebft th\u1ef1c hi\u1ec7n \u0111\u00fang v\u1edbi c\u00e1c \u0111i\u1ec1u kho\u1ea3n sau \u0111\u00e2y: N\u1ed9i [&hellip;]<\/p>\n","protected":false},"author":1,"featured_media":0,"parent":0,"menu_order":0,"comment_status":"closed","ping_status":"closed","template":"","meta":{"_acf_changed":false,"footnotes":""},"class_list":["post-974","page","type-page","status-publish","hentry"],"acf":[],"yoast_head":"<!-- This site is optimized with the Yoast SEO plugin v27.3 - https:\/\/yoast.com\/product\/yoast-seo-wordpress\/ -->\n<title>Quy \u0111\u1ecbnh s\u1eed d\u1ee5ng - ANVI Law Firm<\/title>\n<meta name=\"description\" content=\"Quy \u0111\u1ecbnh s\u1eed d\u1ee5ng website ANVI | C\u00f4ng ty Lu\u1eadt ANVI | Lu\u1eadt s\u01b0 doanh nghi\u1ec7p | Kinh doanh s\u00e0nh lu\u1eadt | Lu\u1eadt s\u01b0 h\u00e0ng \u0111\u1ea7u v\u1ec1 t\u00e0i ch\u00ednh ng\u00e2n h\u00e0ng.\" \/>\n<meta name=\"robots\" content=\"index, follow, max-snippet:-1, max-image-preview:large, max-video-preview:-1\" \/>\n<link rel=\"canonical\" href=\"https:\/\/anvilaw.com\/vi\/quy-dinh-su-dung-website-anvi\/\" \/>\n<meta property=\"og:locale\" content=\"vi_VN\" \/>\n<meta property=\"og:type\" content=\"article\" \/>\n<meta property=\"og:title\" content=\"[:vi]Quy \u0111\u1ecbnh s\u1eed d\u1ee5ng[:en]ANVI website terms of use[:] - ANVI Law Firm\" \/>\n<meta property=\"og:description\" content=\"Quy \u0111\u1ecbnh s\u1eed d\u1ee5ng website ANVI | C\u00f4ng ty Lu\u1eadt ANVI | Lu\u1eadt s\u01b0 doanh nghi\u1ec7p | Kinh doanh s\u00e0nh lu\u1eadt | Lu\u1eadt s\u01b0 h\u00e0ng \u0111\u1ea7u v\u1ec1 t\u00e0i ch\u00ednh ng\u00e2n h\u00e0ng.\" \/>\n<meta property=\"og:url\" content=\"https:\/\/anvilaw.com\/vi\/quy-dinh-su-dung-website-anvi\/\" \/>\n<meta property=\"og:site_name\" content=\"ANVI Law Firm\" \/>\n<meta property=\"article:publisher\" content=\"https:\/\/facebook.com\/anvilawfirm\" \/>\n<meta property=\"article:modified_time\" content=\"2026-02-12T09:43:09+00:00\" \/>\n<meta property=\"og:image\" content=\"https:\/\/anvilaw.com\/wp-content\/uploads\/2022\/01\/logo-ANVI-full-4x2cm.png\" \/>\n\t<meta property=\"og:image:width\" content=\"354\" \/>\n\t<meta property=\"og:image:height\" content=\"176\" \/>\n\t<meta property=\"og:image:type\" content=\"image\/png\" \/>\n<meta name=\"twitter:card\" content=\"summary_large_image\" \/>\n<meta name=\"twitter:site\" content=\"@anvilawfirm\" \/>\n<meta name=\"twitter:label1\" content=\"\u01af\u1edbc t\u00ednh th\u1eddi gian \u0111\u1ecdc\" \/>\n\t<meta name=\"twitter:data1\" content=\"5 ph\u00fat\" \/>\n<script type=\"application\/ld+json\" class=\"yoast-schema-graph\">{\"@context\":\"https:\\\/\\\/schema.org\",\"@graph\":[{\"@type\":\"WebPage\",\"@id\":\"https:\\\/\\\/anvilaw.com\\\/vi\\\/quy-dinh-su-dung-website-anvi\\\/\",\"url\":\"https:\\\/\\\/anvilaw.com\\\/vi\\\/quy-dinh-su-dung-website-anvi\\\/\",\"name\":\"[:vi]Quy \u0111\u1ecbnh s\u1eed d\u1ee5ng[:en]ANVI website terms of use[:] - ANVI Law Firm\",\"isPartOf\":{\"@id\":\"https:\\\/\\\/anvilaw.com\\\/vi\\\/#website\"},\"datePublished\":\"2022-01-15T12:05:29+00:00\",\"dateModified\":\"2026-02-12T09:43:09+00:00\",\"description\":\"Quy \u0111\u1ecbnh s\u1eed d\u1ee5ng website ANVI | C\u00f4ng ty Lu\u1eadt ANVI | Lu\u1eadt s\u01b0 doanh nghi\u1ec7p | Kinh doanh s\u00e0nh lu\u1eadt | Lu\u1eadt s\u01b0 h\u00e0ng \u0111\u1ea7u v\u1ec1 t\u00e0i ch\u00ednh ng\u00e2n h\u00e0ng.\",\"breadcrumb\":{\"@id\":\"https:\\\/\\\/anvilaw.com\\\/vi\\\/quy-dinh-su-dung-website-anvi\\\/#breadcrumb\"},\"inLanguage\":\"vi\",\"potentialAction\":[{\"@type\":\"ReadAction\",\"target\":[\"https:\\\/\\\/anvilaw.com\\\/vi\\\/quy-dinh-su-dung-website-anvi\\\/\"]}]},{\"@type\":\"BreadcrumbList\",\"@id\":\"https:\\\/\\\/anvilaw.com\\\/vi\\\/quy-dinh-su-dung-website-anvi\\\/#breadcrumb\",\"itemListElement\":[{\"@type\":\"ListItem\",\"position\":1,\"name\":\"Home\",\"item\":\"https:\\\/\\\/anvilaw.com\\\/vi\\\/\"},{\"@type\":\"ListItem\",\"position\":2,\"name\":\"Quy \u0111\u1ecbnh s\u1eed d\u1ee5ng\"}]},{\"@type\":\"WebSite\",\"@id\":\"https:\\\/\\\/anvilaw.com\\\/vi\\\/#website\",\"url\":\"https:\\\/\\\/anvilaw.com\\\/vi\\\/\",\"name\":\"ANVI Law Firm - C\u00f4ng ty Lu\u1eadt ANVI\",\"description\":\"C\u00f4ng ty Lu\u1eadt ANVI - ANVI Law Firm\",\"publisher\":{\"@id\":\"https:\\\/\\\/anvilaw.com\\\/vi\\\/#organization\"},\"alternateName\":\"anvilaw.com\",\"potentialAction\":[{\"@type\":\"SearchAction\",\"target\":{\"@type\":\"EntryPoint\",\"urlTemplate\":\"https:\\\/\\\/anvilaw.com\\\/vi\\\/?s={search_term_string}\"},\"query-input\":{\"@type\":\"PropertyValueSpecification\",\"valueRequired\":true,\"valueName\":\"search_term_string\"}}],\"inLanguage\":\"vi\"},{\"@type\":\"Organization\",\"@id\":\"https:\\\/\\\/anvilaw.com\\\/vi\\\/#organization\",\"name\":\"C\u00f4ng ty Lu\u1eadt ANVI | ANVI Law Firm\",\"alternateName\":\"ANVI\",\"url\":\"https:\\\/\\\/anvilaw.com\\\/vi\\\/\",\"logo\":{\"@type\":\"ImageObject\",\"inLanguage\":\"vi\",\"@id\":\"https:\\\/\\\/anvilaw.com\\\/vi\\\/#\\\/schema\\\/logo\\\/image\\\/\",\"url\":\"https:\\\/\\\/anvilaw.com\\\/wp-content\\\/uploads\\\/2022\\\/01\\\/ANVI-Logo-ca-hinh-va-chu-khong-co-nen-174K-1.png\",\"contentUrl\":\"https:\\\/\\\/anvilaw.com\\\/wp-content\\\/uploads\\\/2022\\\/01\\\/ANVI-Logo-ca-hinh-va-chu-khong-co-nen-174K-1.png\",\"width\":3493,\"height\":1535,\"caption\":\"C\u00f4ng ty Lu\u1eadt ANVI | ANVI Law Firm\"},\"image\":{\"@id\":\"https:\\\/\\\/anvilaw.com\\\/vi\\\/#\\\/schema\\\/logo\\\/image\\\/\"},\"sameAs\":[\"https:\\\/\\\/facebook.com\\\/anvilawfirm\",\"https:\\\/\\\/x.com\\\/anvilawfirm\",\"https:\\\/\\\/www.youtube.com\\\/@anvilawfirm\",\"https:\\\/\\\/www.youtube.com\\\/@lsduc_anvi\"]}]}<\/script>\n<!-- \/ Yoast SEO plugin. -->","yoast_head_json":{"title":"[:vi]Quy \u0111\u1ecbnh s\u1eed d\u1ee5ng[:en]ANVI website terms of use[:] - ANVI Law Firm","description":"Quy \u0111\u1ecbnh s\u1eed d\u1ee5ng website ANVI | C\u00f4ng ty Lu\u1eadt ANVI | Lu\u1eadt s\u01b0 doanh nghi\u1ec7p | Kinh doanh s\u00e0nh lu\u1eadt | Lu\u1eadt s\u01b0 h\u00e0ng \u0111\u1ea7u v\u1ec1 t\u00e0i ch\u00ednh ng\u00e2n h\u00e0ng.","robots":{"index":"index","follow":"follow","max-snippet":"max-snippet:-1","max-image-preview":"max-image-preview:large","max-video-preview":"max-video-preview:-1"},"canonical":"https:\/\/anvilaw.com\/vi\/quy-dinh-su-dung-website-anvi\/","og_locale":"vi_VN","og_type":"article","og_title":"[:vi]Quy \u0111\u1ecbnh s\u1eed d\u1ee5ng[:en]ANVI website terms of use[:] - ANVI Law Firm","og_description":"Quy \u0111\u1ecbnh s\u1eed d\u1ee5ng website ANVI | C\u00f4ng ty Lu\u1eadt ANVI | Lu\u1eadt s\u01b0 doanh nghi\u1ec7p | Kinh doanh s\u00e0nh lu\u1eadt | Lu\u1eadt s\u01b0 h\u00e0ng \u0111\u1ea7u v\u1ec1 t\u00e0i ch\u00ednh ng\u00e2n h\u00e0ng.","og_url":"https:\/\/anvilaw.com\/vi\/quy-dinh-su-dung-website-anvi\/","og_site_name":"ANVI Law Firm","article_publisher":"https:\/\/facebook.com\/anvilawfirm","article_modified_time":"2026-02-12T09:43:09+00:00","og_image":[{"width":354,"height":176,"url":"https:\/\/anvilaw.com\/wp-content\/uploads\/2022\/01\/logo-ANVI-full-4x2cm.png","type":"image\/png"}],"twitter_card":"summary_large_image","twitter_site":"@anvilawfirm","twitter_misc":{"\u01af\u1edbc t\u00ednh th\u1eddi gian \u0111\u1ecdc":"5 ph\u00fat"},"schema":{"@context":"https:\/\/schema.org","@graph":[{"@type":"WebPage","@id":"https:\/\/anvilaw.com\/vi\/quy-dinh-su-dung-website-anvi\/","url":"https:\/\/anvilaw.com\/vi\/quy-dinh-su-dung-website-anvi\/","name":"[:vi]Quy \u0111\u1ecbnh s\u1eed d\u1ee5ng[:en]ANVI website terms of use[:] - ANVI Law Firm","isPartOf":{"@id":"https:\/\/anvilaw.com\/vi\/#website"},"datePublished":"2022-01-15T12:05:29+00:00","dateModified":"2026-02-12T09:43:09+00:00","description":"Quy \u0111\u1ecbnh s\u1eed d\u1ee5ng website ANVI | C\u00f4ng ty Lu\u1eadt ANVI | Lu\u1eadt s\u01b0 doanh nghi\u1ec7p | Kinh doanh s\u00e0nh lu\u1eadt | Lu\u1eadt s\u01b0 h\u00e0ng \u0111\u1ea7u v\u1ec1 t\u00e0i ch\u00ednh ng\u00e2n h\u00e0ng.","breadcrumb":{"@id":"https:\/\/anvilaw.com\/vi\/quy-dinh-su-dung-website-anvi\/#breadcrumb"},"inLanguage":"vi","potentialAction":[{"@type":"ReadAction","target":["https:\/\/anvilaw.com\/vi\/quy-dinh-su-dung-website-anvi\/"]}]},{"@type":"BreadcrumbList","@id":"https:\/\/anvilaw.com\/vi\/quy-dinh-su-dung-website-anvi\/#breadcrumb","itemListElement":[{"@type":"ListItem","position":1,"name":"Home","item":"https:\/\/anvilaw.com\/vi\/"},{"@type":"ListItem","position":2,"name":"Quy \u0111\u1ecbnh s\u1eed d\u1ee5ng"}]},{"@type":"WebSite","@id":"https:\/\/anvilaw.com\/vi\/#website","url":"https:\/\/anvilaw.com\/vi\/","name":"ANVI Law Firm - C\u00f4ng ty Lu\u1eadt ANVI","description":"C\u00f4ng ty Lu\u1eadt ANVI - ANVI Law Firm","publisher":{"@id":"https:\/\/anvilaw.com\/vi\/#organization"},"alternateName":"anvilaw.com","potentialAction":[{"@type":"SearchAction","target":{"@type":"EntryPoint","urlTemplate":"https:\/\/anvilaw.com\/vi\/?s={search_term_string}"},"query-input":{"@type":"PropertyValueSpecification","valueRequired":true,"valueName":"search_term_string"}}],"inLanguage":"vi"},{"@type":"Organization","@id":"https:\/\/anvilaw.com\/vi\/#organization","name":"C\u00f4ng ty Lu\u1eadt ANVI | ANVI Law Firm","alternateName":"ANVI","url":"https:\/\/anvilaw.com\/vi\/","logo":{"@type":"ImageObject","inLanguage":"vi","@id":"https:\/\/anvilaw.com\/vi\/#\/schema\/logo\/image\/","url":"https:\/\/anvilaw.com\/wp-content\/uploads\/2022\/01\/ANVI-Logo-ca-hinh-va-chu-khong-co-nen-174K-1.png","contentUrl":"https:\/\/anvilaw.com\/wp-content\/uploads\/2022\/01\/ANVI-Logo-ca-hinh-va-chu-khong-co-nen-174K-1.png","width":3493,"height":1535,"caption":"C\u00f4ng ty Lu\u1eadt ANVI | ANVI Law Firm"},"image":{"@id":"https:\/\/anvilaw.com\/vi\/#\/schema\/logo\/image\/"},"sameAs":["https:\/\/facebook.com\/anvilawfirm","https:\/\/x.com\/anvilawfirm","https:\/\/www.youtube.com\/@anvilawfirm","https:\/\/www.youtube.com\/@lsduc_anvi"]}]}},"_links":{"self":[{"href":"https:\/\/anvilaw.com\/vi\/wp-json\/wp\/v2\/pages\/974","targetHints":{"allow":["GET"]}}],"collection":[{"href":"https:\/\/anvilaw.com\/vi\/wp-json\/wp\/v2\/pages"}],"about":[{"href":"https:\/\/anvilaw.com\/vi\/wp-json\/wp\/v2\/types\/page"}],"author":[{"embeddable":true,"href":"https:\/\/anvilaw.com\/vi\/wp-json\/wp\/v2\/users\/1"}],"replies":[{"embeddable":true,"href":"https:\/\/anvilaw.com\/vi\/wp-json\/wp\/v2\/comments?post=974"}],"version-history":[{"count":9,"href":"https:\/\/anvilaw.com\/vi\/wp-json\/wp\/v2\/pages\/974\/revisions"}],"predecessor-version":[{"id":49592,"href":"https:\/\/anvilaw.com\/vi\/wp-json\/wp\/v2\/pages\/974\/revisions\/49592"}],"wp:attachment":[{"href":"https:\/\/anvilaw.com\/vi\/wp-json\/wp\/v2\/media?parent=974"}],"curies":[{"name":"wp","href":"https:\/\/api.w.org\/{rel}","templated":true}]}}